{"id":7138,"date":"2019-07-05T07:15:55","date_gmt":"2019-07-05T06:15:55","guid":{"rendered":"https:\/\/hellowp.io\/us\/?post_type=product&#038;p=7138"},"modified":"2020-09-28T08:58:09","modified_gmt":"2020-09-28T12:58:09","slug":"resource-management","status":"publish","type":"product","link":"https:\/\/hellowp.io\/us\/t\/resource-management\/","title":{"rendered":"Resource management"},"content":{"rendered":"<p>Save on human time and resources. Use automatization in your web shop. Maximum 2h<\/p>\n","protected":false},"excerpt":{"rendered":"<p>Tartalomfelt\u00f6lt\u00e9s weboldalra maximum 2 \u00f3r\u00e1ban.<\/p>\n","protected":false},"featured_media":283,"comment_status":"open","ping_status":"closed","template":"","meta":{"_seopress_robots_primary_cat":"none","_seopress_titles_title":"","_seopress_titles_desc":"","_seopress_robots_index":""},"product_cat":[40],"product_tag":[],"_links":{"self":[{"href":"https:\/\/hellowp.io\/us\/wp-json\/wp\/v2\/product\/7138"}],"collection":[{"href":"https:\/\/hellowp.io\/us\/wp-json\/wp\/v2\/product"}],"about":[{"href":"https:\/\/hellowp.io\/us\/wp-json\/wp\/v2\/types\/product"}],"replies":[{"embeddable":true,"href":"https:\/\/hellowp.io\/us\/wp-json\/wp\/v2\/comments?post=7138"}],"wp:featuredmedia":[{"embeddable":true,"href":"https:\/\/hellowp.io\/us\/wp-json\/wp\/v2\/media\/283"}],"wp:attachment":[{"href":"https:\/\/hellowp.io\/us\/wp-json\/wp\/v2\/media?parent=7138"}],"wp:term":[{"taxonomy":"product_cat","embeddable":true,"href":"https:\/\/hellowp.io\/us\/wp-json\/wp\/v2\/product_cat?post=7138"},{"taxonomy":"product_tag","embeddable":true,"href":"https:\/\/hellowp.io\/us\/wp-json\/wp\/v2\/product_tag?post=7138"}],"curies":[{"name":"wp","href":"https:\/\/api.w.org\/{rel}","templated":true}]}}