{"id":1615,"date":"2019-02-04T07:42:56","date_gmt":"2019-02-04T06:42:56","guid":{"rendered":"https:\/\/hellowp.io\/us\/?post_type=product&#038;p=1615"},"modified":"2020-09-28T08:58:09","modified_gmt":"2020-09-28T12:58:09","slug":"website-transfer-to-a-new-domain","status":"publish","type":"product","link":"https:\/\/hellowp.io\/us\/t\/website-transfer-to-a-new-domain\/","title":{"rendered":"Website transfer to a New Domain"},"content":{"rendered":"<p>When we transfer a WordPress page to a new domain, we have to pay attention to several factors:<\/p>\n<ul>\n<li>To change old URLs to new ones in order to avoid faulty links in the content<\/li>\n<li>To redirect Google to the new page in order to prevent the loss of already achieved position in the hit index<\/strong><\/li>\n<li>To inform Google about changes<\/li>\n<\/ul>\n<p><u>We&#8217;ll take over these tasks from you!<\/u><\/p>\n","protected":false},"excerpt":{"rendered":"<p>\u00daj domainre szeretn\u00e9d m\u00e1solni a WordPress oldaladat? Megcsin\u00e1ljuk helyetted profin!<\/p>\n","protected":false},"featured_media":1932,"comment_status":"open","ping_status":"closed","template":"","meta":{"_seopress_robots_primary_cat":"none","_seopress_titles_title":"","_seopress_titles_desc":"","_seopress_robots_index":""},"product_cat":[29],"product_tag":[],"_links":{"self":[{"href":"https:\/\/hellowp.io\/us\/wp-json\/wp\/v2\/product\/1615"}],"collection":[{"href":"https:\/\/hellowp.io\/us\/wp-json\/wp\/v2\/product"}],"about":[{"href":"https:\/\/hellowp.io\/us\/wp-json\/wp\/v2\/types\/product"}],"replies":[{"embeddable":true,"href":"https:\/\/hellowp.io\/us\/wp-json\/wp\/v2\/comments?post=1615"}],"wp:featuredmedia":[{"embeddable":true,"href":"https:\/\/hellowp.io\/us\/wp-json\/wp\/v2\/media\/1932"}],"wp:attachment":[{"href":"https:\/\/hellowp.io\/us\/wp-json\/wp\/v2\/media?parent=1615"}],"wp:term":[{"taxonomy":"product_cat","embeddable":true,"href":"https:\/\/hellowp.io\/us\/wp-json\/wp\/v2\/product_cat?post=1615"},{"taxonomy":"product_tag","embeddable":true,"href":"https:\/\/hellowp.io\/us\/wp-json\/wp\/v2\/product_tag?post=1615"}],"curies":[{"name":"wp","href":"https:\/\/api.w.org\/{rel}","templated":true}]}}