{"id":814,"date":"2019-01-28T18:20:15","date_gmt":"2019-01-28T18:20:15","guid":{"rendered":"https:\/\/hellowp.io\/us\/?page_id=814"},"modified":"2019-08-31T07:34:41","modified_gmt":"2019-08-31T06:34:41","slug":"partnerprogram-mukodesi-szabalyzat","status":"publish","type":"page","link":"https:\/\/hellowp.io\/us\/partnerprogram-mukodesi-szabalyzat\/","title":{"rendered":"Partnerprogram m\u0171k\u00f6d\u00e9si szab\u00e1lyzat"},"content":{"rendered":"\n<p><u><strong>Jelentkez\u00e9s itt:<\/strong> <a href=\"https:\/\/hellowp.io\/us\/partnerprogram\/\">https:\/\/hellowp.io\/us\/partnerprogram\/<\/a><\/u><\/p>\n\n\n\n<p>A Hello WP! partnerprogram lehet\u0151s\u00e9get ad mindenki sz\u00e1m\u00e1ra, hogy egy partnerlinken kereszt\u00fcl anyagi r\u00e1ford\u00edt\u00e1s n\u00e9lk\u00fcl, p\u00e9nzt kereshessen az interneten. A Partnerprogramhoz val\u00f3 csatlakoz\u00e1s jelentkez\u00e9s \u00e9s el\u0151zetes j\u00f3v\u00e1hagy\u00e1s ut\u00e1n lehets\u00e9ges. A Partnerprogram k\u00f6zponti fel\u00fclete a <a href=\"https:\/\/hellowp.io\/us\/fiok\/affiliate-partner\/\">https:\/\/hellowp.io\/us\/fiok\/affiliate-partner\/<\/a> oldalon \u00e9rhet\u0151 el.<\/p>\n\n\n\n<h2 class=\"wp-block-heading\">Regisztr\u00e1ci\u00f3<\/h2>\n\n\n\n<p>A Partnerprogramban val\u00f3 r\u00e9szv\u00e9telhez el\u0151bb regisztr\u00e1lni kell a <a href=\"https:\/\/hellowp.io\/us\/fiok\/\">https:\/\/hellowp.io\/us\/fiok\/<\/a> oldalon kereszt\u00fcl. A bek\u00fcld\u00f6tt adatokat az <a href=\"https:\/\/hellowp.io\/us\/adatvedelem\/\">adatv\u00e9delmi t\u00e1j\u00e9koztat\u00f3<\/a>ban foglaltak szerint kezelj\u00fck.<\/p>\n\n\n\n<h2 class=\"wp-block-heading\">Partnerlink &#8211; cookie alap\u00fa<\/h2>\n\n\n\n<p>A p\u00e9nzkeres\u00e9shez sz\u00fcks\u00e9ges Partnerlinket (k\u00f6vet\u0151k\u00f3d) a jelentkez\u00e9s j\u00f3v\u00e1hagy\u00e1sa ut\u00e1n azonnal aktiv\u00e1ljuk \u00e9s a regisztr\u00e1lt Partner rendelkez\u00e9s\u00e9re bocs\u00e1tjuk. A Partnerlink a <a href=\"https:\/\/hellowp.io\/us\">https:\/\/hellowp.io\/us<\/a> domainhez b\u00e1rmilyen m\u00f3don kapcsolhat\u00f3. P\u00e9ld\u00e1ul: ir\u00e1nyulhat landing oldalra, term\u00e9kre, kateg\u00f3ri\u00e1ra \u00e9s b\u00e1rmilyen aloldalra. A Partnerlink c\u00e9lja az, hogy a gener\u00e1lt\/k\u00f6zvet\u00edtett v\u00e1s\u00e1rl\u00e1sok ut\u00e1ni jutal\u00e9kot a Partnerlink alapj\u00e1n megfelel\u0151 Partnernek \u00edrjuk j\u00f3v\u00e1. Amennyiben valaki a Partner \u00e1ltal gener\u00e1lt partnerlinkre kattint, akkor a sz\u00e1m\u00edt\u00f3g\u00e9p\u00e9n egy cookie ker\u00fcl elhelyez\u00e9sre, \u00edgy  ha ak\u00e1r akkor is j\u00f3v\u00e1\u00edrjuk a jutal\u00e9kot, ha k\u00e9s\u0151bb t\u00f6rt\u00e9nik a v\u00e1s\u00e1rl\u00e1s, mivel a cookie alapj\u00e1n azonos\u00edthat\u00f3v\u00e1 v\u00e1lik az \u00e9rdekl\u0151d\u0151. Kiv\u00e9ve, ha az \u00e9rdekl\u0151d\u0151 t\u00f6rli a sz\u00e1m\u00edt\u00f3g\u00e9p\u00e9re mentett cookie-kat. <\/p>\n\n\n\n<h2 class=\"wp-block-heading\" id=\"mce_13\">Partnerprogram kezel\u0151fel\u00fclet (admin)<\/h2>\n\n\n\n<p>A regisztr\u00e1ci\u00f3 sor\u00e1n megadott adatokkal b\u00e1rmikor el\u00e9rhet\u0151 a <a href=\"https:\/\/hellowp.io\/us\/fiok\/affiliate-partner\/\">partnerprogram kezel\u0151fel\u00fclet<\/a>.  A nap 24 \u00f3r\u00e1j\u00e1ban k\u00f6vethet\u0151\/el\u00e9rhet\u0151 a kattint\u00e1si \u00e9s konverzi\u00f3 statisztika, bannerek, kuponok stb&#8230;<\/p>\n\n\n\n<h2 class=\"wp-block-heading\" id=\"mce_2\">Bannerek \u00e9s rekl\u00e1mok<\/h2>\n\n\n\n<p>A Partnerprogram kezel\u0151fel\u00fcleten tal\u00e1lhat\u00f3 bannerek szabadon felhaszn\u00e1lhat\u00f3ak, \u00e1tszerkeszthet\u0151ek. Fontos, hogy amikor kihelyezed a bannert, akkor figyelj a k\u00f6vet\u0151k\u00f3dodra. <\/p>\n\n\n\n<h2 class=\"wp-block-heading\">Elsz\u00e1mol\u00e1s, jutal\u00e9k \u00e9s sz\u00e1zal\u00e9kok<\/h2>\n\n\n\n<p><u><strong>Egyed\u00fcl\u00e1ll\u00f3 m\u00f3don, 20%-ot fizet\u00fcnk neked minden gener\u00e1lt \u00e9s kifizetett v\u00e1s\u00e1rl\u00e1s ut\u00e1n.<\/strong><\/u> A jutal\u00e9k akkor ker\u00fcl j\u00f3v\u00e1\u00edr\u00e1sra, amikor a v\u00e1s\u00e1rl\u00e1s ut\u00e1n a teljes fizetend\u0151 v\u00e9tel\u00e1r meg\u00e9rkezik \u00e9s elsz\u00e1mol\u00e1sra ker\u00fcl. Bankk\u00e1rty\u00e1s v\u00e1s\u00e1rl\u00e1s eset\u00e9ben ez azonnal megt\u00f6rt\u00e9nik, \u00e1tutal\u00e1ssal t\u00f6rt\u00e9n\u0151 v\u00e1s\u00e1rl\u00e1s eset\u00e9n pedig az \u00f6sszeg sz\u00e1ml\u00e1nkra t\u00f6rt\u00e9n\u0151 be\u00e9rkez\u00e9sekor. A folyamatban lev\u0151 tranzakci\u00f3kra vonatkoz\u00f3 \u00e9s a kifizet\u00e9sre v\u00e1r\u00f3, m\u00e1r j\u00f3v\u00e1\u00edrt jutal\u00e9kok \u00f6sszege megtekinthet\u0151 a Partnerprogram kezel\u0151fel\u00fcleten.<\/p>\n\n\n\n<p>A Hello WP! tulajdonosa semmif\u00e9le korl\u00e1tot nem \u00e1ll\u00edt a megszerezhet\u0151 jutal\u00e9kkal szemben mindaddig, am\u00edg annak megszerz\u00e9se bizony\u00edthat\u00f3an nem k\u00e1rokoz\u00e1s c\u00e9lj\u00e1b\u00f3l t\u00f6rt\u00e9nik.<\/p>\n\n\n\n<p><strong>A jutal\u00e9k kifizetet\u00e9s\u00e9t a partnernek k\u00e9rni kell, mely kifizet\u00e9se \u00e1tutal\u00e1ssal t\u00f6rt\u00e9nik. <\/strong><\/p>\n\n\n\n<p><strong>Kifizet\u00e9si&nbsp;m\u00f3dok: <\/strong><\/p>\n\n\n\n<ul><li>Banki \u00e1tutal\u00e1s<\/li><li>Paypal utal\u00e1s<\/li><li><strong>Revolut utal\u00e1s<\/strong><\/li><\/ul>\n\n\n\n<p>A j\u00f3v\u00e1\u00edr\u00e1sok, a jutal\u00e9kok, a kifizet\u00e9sek folyamatos monitoring alatt \u00e1llnak. B\u00e1rmilyen, a rendszerrel szembeni k\u00e1rokoz\u00e1s vagy jogtalan el\u0151ny illetve vagyongyarapod\u00e1s c\u00e9lj\u00e1b\u00f3l t\u00f6rt\u00e9n\u0151 manipul\u00e1ci\u00f3, cselekm\u00e9ny, pr\u00f3b\u00e1lkoz\u00e1s eset\u00e9n a Partnerprogram szervez\u0151je fenntartja a jogot a j\u00f3v\u00e1\u00edr\u00e1sok \u00e9s kifizet\u00e9sek azonnali felf\u00fcggeszt\u00e9s\u00e9re, kivizsg\u00e1l\u00e1s\u00e1ra \u00e9s sz\u00fcks\u00e9g eset\u00e9n a v\u00e9tkes Partner azonnali kiz\u00e1r\u00e1s\u00e1ra. A d\u00f6nt\u00e9se ellen fellebbez\u00e9snek \u00e9s jogorvoslatnak helye nincs.<\/p>\n\n\n\n<p><strong>Nem fizet\u00fcnk jutal\u00e9kot, ha <\/strong><\/p>\n\n\n\n<ul><li>saj\u00e1t partnerlinkeden v\u00e1s\u00e1rolsz<\/li><li>t\u00f6rv\u00e9nytelen m\u00f3don  (p\u00e9ld\u00e1ul SPAM) terelsz l\u00e1togat\u00f3kat a partnerlinkedre<\/li><\/ul>\n\n\n\n<p><\/p>\n","protected":false},"excerpt":{"rendered":"<p>Jelentkez\u00e9s itt: https:\/\/hellowp.io\/us\/partnerprogram\/ A Hello WP! partnerprogram lehet\u0151s\u00e9get ad mindenki sz\u00e1m\u00e1ra, hogy egy partnerlinken kereszt\u00fcl anyagi r\u00e1ford\u00edt\u00e1s n\u00e9lk\u00fcl, p\u00e9nzt kereshessen az interneten. A Partnerprogramhoz val\u00f3 csatlakoz\u00e1s jelentkez\u00e9s \u00e9s el\u0151zetes j\u00f3v\u00e1hagy\u00e1s ut\u00e1n lehets\u00e9ges. A Partnerprogram k\u00f6zponti fel\u00fclete a https:\/\/hellowp.io\/us\/fiok\/affiliate-partner\/ oldalon \u00e9rhet\u0151 el. Regisztr\u00e1ci\u00f3 A Partnerprogramban val\u00f3 r\u00e9szv\u00e9telhez el\u0151bb regisztr\u00e1lni kell a https:\/\/hellowp.io\/us\/fiok\/ oldalon kereszt\u00fcl. A bek\u00fcld\u00f6tt [&hellip;]<\/p>\n","protected":false},"author":1,"featured_media":0,"parent":0,"menu_order":0,"comment_status":"closed","ping_status":"closed","template":"","meta":{"_seopress_robots_primary_cat":"","_seopress_titles_title":"","_seopress_titles_desc":"A Hello WP! partnerprogram lehet\u0151s\u00e9get ad mindenki sz\u00e1m\u00e1ra, hogy egy partnerlinken kereszt\u00fcl anyagi r\u00e1ford\u00edt\u00e1s n\u00e9lk\u00fcl, p\u00e9nzt kereshessen az interneten.","_seopress_robots_index":""},"_links":{"self":[{"href":"https:\/\/hellowp.io\/us\/wp-json\/wp\/v2\/pages\/814"}],"collection":[{"href":"https:\/\/hellowp.io\/us\/wp-json\/wp\/v2\/pages"}],"about":[{"href":"https:\/\/hellowp.io\/us\/wp-json\/wp\/v2\/types\/page"}],"author":[{"embeddable":true,"href":"https:\/\/hellowp.io\/us\/wp-json\/wp\/v2\/users\/1"}],"replies":[{"embeddable":true,"href":"https:\/\/hellowp.io\/us\/wp-json\/wp\/v2\/comments?post=814"}],"version-history":[{"count":0,"href":"https:\/\/hellowp.io\/us\/wp-json\/wp\/v2\/pages\/814\/revisions"}],"wp:attachment":[{"href":"https:\/\/hellowp.io\/us\/wp-json\/wp\/v2\/media?parent=814"}],"curies":[{"name":"wp","href":"https:\/\/api.w.org\/{rel}","templated":true}]}}