{"id":701,"date":"2019-01-24T16:52:28","date_gmt":"2019-01-24T15:52:28","guid":{"rendered":"https:\/\/hellowp.io\/us\/?page_id=701"},"modified":"2020-09-21T08:46:13","modified_gmt":"2020-09-21T07:46:13","slug":"warranty","status":"publish","type":"page","link":"https:\/\/hellowp.io\/us\/warranty\/","title":{"rendered":"Warranty"},"content":{"rendered":"\n<p>There is nothing to worry about! Every seller on our marketplace is a professional who offers warranty to their services \/ products. If that is not enough, there are two other measures:<\/p>\n\n\n\n<h2 class=\"wp-block-heading\">1. Supervision system<\/h2>\n\n\n\n<p>Every product and service is quality controlled by an independent professional to ensure the quality of services we provide.<\/p>\n\n\n\n<h2 class=\"wp-block-heading\">2. Full money-back guarantee<\/h2>\n\n\n\n<p>In case you are not satisfied with the product or service, you have 30 days to ask for a refund. It is important for us that all our customers are happy with their purchase, otherwise what is the point in offering our services.<\/p>\n\n\n\n<p><strong>IMPORTANT: We can not guarantee a refund on the \u201cPay what you want\u201d products or services.<\/strong><\/p>\n","protected":false},"excerpt":{"rendered":"<p>There is nothing to worry about! Every seller on our marketplace is a professional who offers warranty to their services \/ products. If that is not enough, there are two other measures: 1. Supervision system Every product and service is quality controlled by an independent professional to ensure the quality of services we provide. 2. [&hellip;]<\/p>\n","protected":false},"author":1,"featured_media":0,"parent":0,"menu_order":0,"comment_status":"closed","ping_status":"closed","template":"","meta":{"_seopress_robots_primary_cat":"","_seopress_titles_title":"","_seopress_titles_desc":"Nincs mit\u0151l tartanod! Az oldalon minden szakember garanci\u00e1t v\u00e1llal a munk\u00e1j\u00e1ra.","_seopress_robots_index":""},"_links":{"self":[{"href":"https:\/\/hellowp.io\/us\/wp-json\/wp\/v2\/pages\/701"}],"collection":[{"href":"https:\/\/hellowp.io\/us\/wp-json\/wp\/v2\/pages"}],"about":[{"href":"https:\/\/hellowp.io\/us\/wp-json\/wp\/v2\/types\/page"}],"author":[{"embeddable":true,"href":"https:\/\/hellowp.io\/us\/wp-json\/wp\/v2\/users\/1"}],"replies":[{"embeddable":true,"href":"https:\/\/hellowp.io\/us\/wp-json\/wp\/v2\/comments?post=701"}],"version-history":[{"count":2,"href":"https:\/\/hellowp.io\/us\/wp-json\/wp\/v2\/pages\/701\/revisions"}],"predecessor-version":[{"id":56678,"href":"https:\/\/hellowp.io\/us\/wp-json\/wp\/v2\/pages\/701\/revisions\/56678"}],"wp:attachment":[{"href":"https:\/\/hellowp.io\/us\/wp-json\/wp\/v2\/media?parent=701"}],"curies":[{"name":"wp","href":"https:\/\/api.w.org\/{rel}","templated":true}]}}