{"id":349,"date":"2019-01-24T13:22:50","date_gmt":"2019-01-24T13:22:50","guid":{"rendered":"https:\/\/hellowp.io\/us\/?page_id=349"},"modified":"2020-09-27T18:04:16","modified_gmt":"2020-09-27T17:04:16","slug":"woocommerce","status":"publish","type":"page","link":"https:\/\/hellowp.io\/us\/woocommerce\/","title":{"rendered":"WooCommerce specific services"},"content":{"rendered":"\n<section class=\"section\">\n\t<div class=\"container\">\n\t\t<header class=\"bd-index-header\">\n\t\t\t<h2 class=\"title is-3\">\n\t\t\t<a href=\"#\">\n\t\t\t\tWhat type of WooCommerce services can we <strong class=\"has-text-orange\">help you with?<\/strong>\n\t\t\t<\/a>\n\t\t\t<\/h2>\n\t\t\t<h3 class=\"subtitle is-4\">\n\t\t\tDo you have questions? Get in touch: \n <u><a href=\"https:\/\/hellowp.io\/us\/support\/\"><strong class=\"has-text-black-bis\">support<\/strong><\/a><\/u>\n\t\t\t<\/h3>\n\t\t<\/header>\n\t\t<div class=\"bd-duo\">\n\t\t\t<div class=\"bd-content\">\n\t\t\t\t<div id=\"nyito\" class=\"bd-links\">\n\t\t\t\t\t<!-- n\u00e9pszer\u0171 szolg\u00e1ltat\u00e1s -->\n\t\t\t\t\t<a class=\"bd-link\" href=\"https:\/\/hellowp.io\/us\/k\/woocommerce\/payment-tools-and-solutions\/\">\n\t\t\t\t\t\t<p class=\"bd-link-surtitle\">\n\t\t\t\t\t\t\t<span class=\"tag is-warning\">0 product<\/span>\n\t\t\t\t\t\t<\/p>\n\t\t\t\t\t\t<h2 class=\"bd-link-name\">\n\t\t\t\t\t\t<figure class=\"bd-link-figure\">\n\t\t\t\t\t\t\t<span class=\"bd-link-icon has-text-black\">\n\n\t\t\t\t\t\t\t<i class=\"fas fa-credit-card fa-2x\"><\/i>\n\t\t\t\t\t\t<\/figure>\n\t\t\t\t\t\tPayment providers and solutions\n<\/h2>\n\t\t\t\t\t\t<p class=\"bd-link-subtitle is-size-7\">\n\t\t\t\t\t\t\t<p>Online payment providers, easy and hassle free.\n<\/p>\n\t\t\t\t\t\t<\/p>\n\t\t\t\t\t<\/a>\n\t\t\t\t\t<!-- \/ n\u00e9pszer\u0171 szolg\u00e1ltat\u00e1s -->\n\t\t\t\t\t<!-- n\u00e9pszer\u0171 szolg\u00e1ltat\u00e1s -->\n\t\t\t\t\t<a class=\"bd-link\" href=\"https:\/\/hellowp.io\/us\/k\/woocommerce\/product-management\/\">\n\t\t\t\t\t\t<p class=\"bd-link-surtitle\">\n\t\t\t\t\t\t\t<span class=\"tag is-warning\">2 products<\/span>\n\t\t\t\t\t\t<\/p>\n\t\t\t\t\t\t<h2 class=\"bd-link-name\">\n\t\t\t\t\t\t<figure class=\"bd-link-figure\">\n\t\t\t\t\t\t\t<span class=\"bd-link-icon has-text-orange\">\n\t\t\t\t\t\t\t\t<i class=\"fas fa-table fa-2x\"><\/i>\n\n\t\t\t\t\t\t<\/figure>\n\t\t\t\t\t\tProduct management\n<\/h2>\n\t\t\t\t\t\t<p class=\"bd-link-subtitle is-size-7\">\n\n\t\t\t\t\t\t\t<p>Do you need help with uploading your product selection?\n<\/p>\n\t\t\t\t\t\t<\/p>\n\t\t\t\t\t<\/a>\n\t\t\t\t\t<!-- \/ n\u00e9pszer\u0171 szolg\u00e1ltat\u00e1s -->\n\t\t\t\t\t<!-- n\u00e9pszer\u0171 szolg\u00e1ltat\u00e1s -->\n\t\t\t\t\t<a class=\"bd-link\" href=\"https:\/\/hellowp.io\/us\/k\/woocommerce\/marketing-tools\/\">\n\t\t\t\t\t\t<p class=\"bd-link-surtitle\">\n\t\t\t\t\t\t\t<span class=\"tag is-warning\">0 product<\/span>\n\t\t\t\t\t\t<\/p>\n\t\t\t\t\t\t<h2 class=\"bd-link-name\">\n\t\t\t\t\t\t<figure class=\"bd-link-figure\">\n\t\t\t\t\t\t\t<span class=\"bd-link-icon has-text-success\">\n\n\t\t\t\t\t\t\t<i class=\"fas fa-bullseye  fa-2x\"><\/i>\n\t\t\t\t\t\t<\/figure>\n\t\t\t\t\t\tMarketing tools\n<\/h2>\n\t\t\t\t\t\t<p class=\"bd-link-subtitle is-size-7\">\n\t\t\t\t\t\t\t<p>Get more leads and better income through your web shop. Sometimes, the easier methods are the most rewarding.\n<\/p>\n\t\t\t\t\t\t<\/p>\n\t\t\t\t\t<\/a>\n\t\t\t\t\t<!-- \/ n\u00e9pszer\u0171 szolg\u00e1ltat\u00e1s -->\n\t\t\t\t\t<!-- n\u00e9pszer\u0171 szolg\u00e1ltat\u00e1s -->\n\t\t\t\t\t<a class=\"bd-link\" href=\"https:\/\/hellowp.io\/us\/k\/woocommerce\/increasing-efficiency\/\">\n\t\t\t\t\t\t<p class=\"bd-link-surtitle\">\n\t\t\t\t\t\t\t<span class=\"tag is-warning\">0 product<\/span>\n\t\t\t\t\t\t<\/p>\n\t\t\t\t\t\t<h2 class=\"bd-link-name\">\n\t\t\t\t\t\t<figure class=\"bd-link-figure\">\n\t\t\t\t\t\t\t<span class=\"bd-link-icon has-text-link\">\n\n\t\t\t\t\t\t\t<i class=\"fas fa-chart-line fa-2x\"><\/i>\n\t\t\t\t\t\t<\/figure>\n\t\t\t\t\t\tResource management\n<\/h2>\n\t\t\t\t\t\t<p class=\"bd-link-subtitle is-size-7\">\n\t\t\t\t\t\t\t<p>Save on human time and resources. Use automatization in your web shop.\n<\/p>\n\t\t\t\t\t\t<\/p>\n\t\t\t\t\t<\/a>\n\t\t\t\t\t<!-- \/ n\u00e9pszer\u0171 szolg\u00e1ltat\u00e1s -->\n\t\t\t\t\t\n\t\t\t\t\t\n\t\t\t\t<\/div>\n\t\t\t<\/div>\n\t\t<\/div>\n\t<\/section>\n\n\n\n<p><br><\/p>\n","protected":false},"excerpt":{"rendered":"<p>What type of WooCommerce services can we help you with? Do you have questions? Get in touch: support Payment providers and solutions Online payment providers, easy and hassle free. Product management Do you need help with uploading your product selection? Marketing tools Get more leads and better income through your web shop. Sometimes, the easier [&hellip;]<\/p>\n","protected":false},"author":1,"featured_media":0,"parent":0,"menu_order":0,"comment_status":"closed","ping_status":"closed","template":"template-bulma.php","meta":{"_seopress_robots_primary_cat":"","_seopress_titles_title":"","_seopress_titles_desc":"WooCommerce kieg\u00e9sz\u00edt\u0151k, szolg\u00e1ltat\u00e1sok \u00e9s pr\u00e9mium t\u00e1mogat\u00e1s egy k\u00f6z\u00f6ss\u00e9g erej\u00e9vel.","_seopress_robots_index":""},"_links":{"self":[{"href":"https:\/\/hellowp.io\/us\/wp-json\/wp\/v2\/pages\/349"}],"collection":[{"href":"https:\/\/hellowp.io\/us\/wp-json\/wp\/v2\/pages"}],"about":[{"href":"https:\/\/hellowp.io\/us\/wp-json\/wp\/v2\/types\/page"}],"author":[{"embeddable":true,"href":"https:\/\/hellowp.io\/us\/wp-json\/wp\/v2\/users\/1"}],"replies":[{"embeddable":true,"href":"https:\/\/hellowp.io\/us\/wp-json\/wp\/v2\/comments?post=349"}],"version-history":[{"count":5,"href":"https:\/\/hellowp.io\/us\/wp-json\/wp\/v2\/pages\/349\/revisions"}],"predecessor-version":[{"id":56719,"href":"https:\/\/hellowp.io\/us\/wp-json\/wp\/v2\/pages\/349\/revisions\/56719"}],"wp:attachment":[{"href":"https:\/\/hellowp.io\/us\/wp-json\/wp\/v2\/media?parent=349"}],"curies":[{"name":"wp","href":"https:\/\/api.w.org\/{rel}","templated":true}]}}