{"id":325,"date":"2019-01-24T08:50:49","date_gmt":"2019-01-24T08:50:49","guid":{"rendered":"https:\/\/hellowp.io\/us\/?page_id=325"},"modified":"2020-09-27T14:37:50","modified_gmt":"2020-09-27T13:37:50","slug":"wordpress","status":"publish","type":"page","link":"https:\/\/hellowp.io\/us\/wordpress\/","title":{"rendered":"Everything WordPress"},"content":{"rendered":"\n<section class=\"section\">\n\t<div class=\"container\">\n\t\t<header class=\"bd-index-header\">\n\t\t\t<h2 class=\"title is-3\">\n\t\t\t<a href=\"#\">\n\t\t\t\tWhat type of WordPress services can we \n <strong class=\"has-text-orange\">help you with?<\/strong>\n\t\t\t<\/a>\n\t\t\t<\/h2>\n\t\t\t<h3 class=\"subtitle is-4\">\n\t\t\t Do you have questions? Get in touch:\n <u><a href=\"https:\/\/hellowp.io\/us\/support\/\"><strong class=\"has-text-black-bis\">Support<\/strong><\/a><\/u>\n\t\t\t<\/h3>\n\t\t<\/header>\n\t\t<div class=\"bd-duo\">\n\t\t\t<div class=\"bd-content\">\n\t\t\t\t<div id=\"nyito\" class=\"bd-links\">\n<!-- n\u00e9pszer\u0171 szolg\u00e1ltat\u00e1s -->\n<a class=\"bd-link\" href=\"https:\/\/hellowp.io\/us\/t\/premium-wordpress-support\/\">\n\t\t\t\t\t\t<p class=\"bd-link-surtitle\">\n\t\t\t\t\t\t\t<span class=\"tag is-warning\">Introductory price<\/span>\n\t\t\t\t\t\t<\/p>\n\t\t\t\t\t\t<h2 class=\"bd-link-name\">\n\t\t\t\t\t\t\t<figure class=\"bd-link-figure\">\n\t\t\t\t\t\t\t\t<span class=\"bd-link-icon has-text-success\">\n\t\t\t\t\t\t\t\t\t<i class=\"fas fa-life-ring fa-2x\"><\/i> <\/span>\n\t\t\t\t\t\t\t<\/figure>\n\t\t\t\t\t\t\tPremium WordPress Support\n\n\t\t\t\t\t\t<\/h2>\n\t\t\t\t\t\t<p class=\"bd-link-subtitle\">\n\t\t\t\t\t\t\t<p>\n\t\t\t\t\t\t\t\tGeneral problem solving. Recommended in case of any WP issues! Your site isn\u2019t loading? Links won\u2019t load or your admin page? <strong> We will support you in solving these issues and restore your website<\/strong>, so it can work again as expected.\n\n\t\t\t\t\t\t\t<\/p>\n\t\t\t\t\t\t<\/p>\n\t\t\t\t\t<\/a>\n\t\t\t\t\t<!-- \/ n\u00e9pszer\u0171 szolg\u00e1ltat\u00e1s -->\n\t\t\t\t\t<!-- n\u00e9pszer\u0171 szolg\u00e1ltat\u00e1s -->\n\t\t\t\t\t<a class=\"bd-link\" href=\"https:\/\/hellowp.io\/us\/t\/wordpress-malware-removal\/\">\n\n\t\t\t\t\t\t<h2 class=\"bd-link-name\">\n\t\t\t\t\t\t\t<figure class=\"bd-link-figure\">\n\t\t\t\t\t\t\t\t<span class=\"bd-link-icon has-text-danger\">\n\t\t\t\t\t\t\t\t\t<i class=\"fas fa-ghost fa-2x\"><\/i> <\/span>\n\t\t\t\t\t\t\t<\/figure>\n\t\t\t\t\t\t\tVirus and malware removal\n\n\t\t\t\t\t\t<\/h2>\n\t\t\t\t\t\t<p class=\"bd-link-subtitle is-size-7\">\n\t\t\t\t\t\t\t<p>Your website got hacked? Not an issue. We will solve the problem as fast as possible while providing warranty on our work! <strong>We will help with restoring your website and prevention for the future!<\/strong>\n\t\t\t\t\t\t\t<\/p>\n\t\t\t\t\t\t<\/p>\n\t\t\t\t\t<\/a>\n\t\t\t\t\t<!-- \/ n\u00e9pszer\u0171 szolg\u00e1ltat\u00e1s -->\n\t\t\t\t\t<!-- n\u00e9pszer\u0171 szolg\u00e1ltat\u00e1s -->\n\t\t\t\t\t<a class=\"bd-link\" href=\"https:\/\/hellowp.io\/us\/t\/wordpress-speed-up-optimization\/\">\n\t\t\t\t\t\t<h2 class=\"bd-link-name\">\n\t\t\t\t\t\t\t<figure class=\"bd-link-figure\">\n\t\t\t\t\t\t\t\t<span class=\"bd-link-icon has-text-orange\">\n\t\t\t\t\t\t\t\t\t<i class=\"fas fa-rocket fa-2x\"><\/i> <\/span>\n\t\t\t\t\t\t\t<\/figure>\n\t\t\t\t\t\t\tSpeed optimization\n\t\t\t\t\t\t<\/h2>\n\t\t\t\t\t\t<p class=\"bd-link-subtitle\">\n\t\t\t\t\t\t\t<p>Slow website? We will find the cause and provide you with the right information on how to speed up your website.<strong> Bonus: we will optimize all your images to the right size without losing quality (lossless optimization)<\/strong> <\/p>\n\t\t\t\t\t\t<\/p>\n\t\t\t\t\t<\/a>\n\t\t\t\t\t<!-- \/ n\u00e9pszer\u0171 szolg\u00e1ltat\u00e1s -->\n\t\t\t\t\n\t\t\t\t\t<!-- n\u00e9pszer\u0171 szolg\u00e1ltat\u00e1s -->\n\t\t\t\t\t<a class=\"bd-link\" href=\"https:\/\/hellowp.io\/us\/t\/website-backup-and-restore\/\">\n\n\t\t\t\t\t\t<h2 class=\"bd-link-name\">\n\t\t\t\t\t\t\t<figure class=\"bd-link-figure\">\n\t\t\t\t\t\t\t\t<span class=\"bd-link-icon has-text-danger\">\n\n\t\t\t\t\t\t\t\t\t<i class=\"fas fa-columns fa-2x\"><\/i> <\/span>\n\t\t\t\t\t\t\t<\/figure>\n\t\t\t\t\t\t\tBackup and restoration\n\n\t\t\t\t\t\t<\/h2>\n\t\t\t\t\t\t<p class=\"bd-link-subtitle is-size-7\">\n\t\t\t\t\t\t\t<p>Would you like a full backup of your website that could be restored at any time? We will keep a backup for up to 2 years of your website and restore it for free whenever you need it. If you wish, you can even keep a downloaded copy too.\n\t\t\t\t\t\t\t<\/p>\n\t\t\t\t\t\t<\/p>\n\t\t\t\t\t<\/a>\n\t\t\t\t\t<!-- \/ n\u00e9pszer\u0171 szolg\u00e1ltat\u00e1s -->\n\n\n\t\t\t\n\n\t\t\t\t<!-- n\u00e9pszer\u0171 szolg\u00e1ltat\u00e1s -->\n\t\t\t\t\t<a class=\"bd-link\" href=\"https:\/\/hellowp.io\/us\/t\/resource-management\/\">\n<p class=\"bd-link-surtitle\">\n\t\t\t\t\t\t\t<span class=\"tag is-warning\"> product<\/span>\n\t\t\t\t\t\t<\/p>\t\t\t\t\t\t\n\n<h2 class=\"bd-link-name\">\n\t\t\t\t\t\t<figure class=\"bd-link-figure\">\n\t\t\t\t\t\t\t<span class=\"bd-link-icon has-text-dark\">\n\t\t\t\t\t\t\t\t\n<i class=\"fas fa-copy fa-2x\"><\/i>                          <\/span>\n\t\t\t\t\t\t<\/figure>\n\t\t\t\t\t\tResource management\n\t                        <\/h2>\n\t\t\t\t\t\t<p class=\"bd-link-subtitle\">\n\t\t\t\t\t\t\t<p>Save on human time and resources. Use automatization in your web shop.<\/p>\n\t\t\t\t\t\t<\/p>\n\t\t\t\t\t<\/a>\n\t\t\t\t\t<!-- \/ n\u00e9pszer\u0171 szolg\u00e1ltat\u00e1s -->\n\n\n\t\t\t\t<\/div>\n\t\t\t<\/div>\n\t\t<\/div>\n\t<\/section>\n","protected":false},"excerpt":{"rendered":"<p>What type of WordPress services can we help you with? Do you have questions? Get in touch: Support Introductory price Premium WordPress Support General problem solving. Recommended in case of any WP issues! Your site isn\u2019t loading? Links won\u2019t load or your admin page? We will support you in solving these issues and restore your [&hellip;]<\/p>\n","protected":false},"author":1,"featured_media":0,"parent":0,"menu_order":0,"comment_status":"closed","ping_status":"closed","template":"template-landing.php","meta":{"_seopress_robots_primary_cat":"","_seopress_titles_title":"","_seopress_titles_desc":"WordPress kieg\u00e9sz\u00edt\u0151k, szolg\u00e1ltat\u00e1sok \u00e9s pr\u00e9mium t\u00e1mogat\u00e1s egy k\u00f6z\u00f6ss\u00e9g erej\u00e9vel.","_seopress_robots_index":""},"_links":{"self":[{"href":"https:\/\/hellowp.io\/us\/wp-json\/wp\/v2\/pages\/325"}],"collection":[{"href":"https:\/\/hellowp.io\/us\/wp-json\/wp\/v2\/pages"}],"about":[{"href":"https:\/\/hellowp.io\/us\/wp-json\/wp\/v2\/types\/page"}],"author":[{"embeddable":true,"href":"https:\/\/hellowp.io\/us\/wp-json\/wp\/v2\/users\/1"}],"replies":[{"embeddable":true,"href":"https:\/\/hellowp.io\/us\/wp-json\/wp\/v2\/comments?post=325"}],"version-history":[{"count":6,"href":"https:\/\/hellowp.io\/us\/wp-json\/wp\/v2\/pages\/325\/revisions"}],"predecessor-version":[{"id":56697,"href":"https:\/\/hellowp.io\/us\/wp-json\/wp\/v2\/pages\/325\/revisions\/56697"}],"wp:attachment":[{"href":"https:\/\/hellowp.io\/us\/wp-json\/wp\/v2\/media?parent=325"}],"curies":[{"name":"wp","href":"https:\/\/api.w.org\/{rel}","templated":true}]}}