{"id":246,"date":"2018-12-21T21:24:44","date_gmt":"2018-12-21T20:24:44","guid":{"rendered":"https:\/\/hellowp.io\/us\/?page_id=246"},"modified":"2020-09-27T15:20:05","modified_gmt":"2020-09-27T14:20:05","slug":"social-responsibility","status":"publish","type":"page","link":"https:\/\/hellowp.io\/us\/social-responsibility\/","title":{"rendered":"Social Responsibility"},"content":{"rendered":"\n<p>HelloWP is sending 10% of profit to organisations that support open source communities to support the communities.<\/p>\n","protected":false},"excerpt":{"rendered":"<p>HelloWP is sending 10% of profit to organisations that support open source communities to support the communities.<\/p>\n","protected":false},"author":1,"featured_media":0,"parent":0,"menu_order":0,"comment_status":"closed","ping_status":"closed","template":"","meta":{"_seopress_robots_primary_cat":"","_seopress_titles_title":"","_seopress_titles_desc":"Azzal, hogy ig\u00e9nybe veszed az oldalon tal\u00e1lhat\u00f3 szolg\u00e1ltat\u00e1sokat, egyben egy nagyszer\u0171 k\u00f6z\u00f6ss\u00e9get is t\u00e1mogatsz! ","_seopress_robots_index":""},"_links":{"self":[{"href":"https:\/\/hellowp.io\/us\/wp-json\/wp\/v2\/pages\/246"}],"collection":[{"href":"https:\/\/hellowp.io\/us\/wp-json\/wp\/v2\/pages"}],"about":[{"href":"https:\/\/hellowp.io\/us\/wp-json\/wp\/v2\/types\/page"}],"author":[{"embeddable":true,"href":"https:\/\/hellowp.io\/us\/wp-json\/wp\/v2\/users\/1"}],"replies":[{"embeddable":true,"href":"https:\/\/hellowp.io\/us\/wp-json\/wp\/v2\/comments?post=246"}],"version-history":[{"count":2,"href":"https:\/\/hellowp.io\/us\/wp-json\/wp\/v2\/pages\/246\/revisions"}],"predecessor-version":[{"id":56698,"href":"https:\/\/hellowp.io\/us\/wp-json\/wp\/v2\/pages\/246\/revisions\/56698"}],"wp:attachment":[{"href":"https:\/\/hellowp.io\/us\/wp-json\/wp\/v2\/media?parent=246"}],"curies":[{"name":"wp","href":"https:\/\/api.w.org\/{rel}","templated":true}]}}