{"id":197,"date":"2018-12-16T16:57:35","date_gmt":"2018-12-16T16:57:35","guid":{"rendered":"https:\/\/hellowp.io\/us\/?page_id=197"},"modified":"2020-03-07T07:58:17","modified_gmt":"2020-03-07T06:58:17","slug":"partnerprogram","status":"publish","type":"page","link":"https:\/\/hellowp.io\/us\/partnerprogram\/","title":{"rendered":"Partnerprogram"},"content":{"rendered":"\n<p>A Hello WP! partnerprogram lehet\u0151s\u00e9get ad mindenki sz\u00e1m\u00e1ra, hogy egy partnerlinken kereszt\u00fcl p\u00e9nzt kereshessen az interneten.  Felt\u00e9telek:  <a href=\"https:\/\/hellowp.io\/us\/partnerprogram-mukodesi-szabalyzat\/\" target=\"_blank\" rel=\"noreferrer noopener\" aria-label=\" (\u00faj f\u00fcl\u00f6n nyitja meg)\">Partnerprogram m\u0171k\u00f6d\u00e9si szab\u00e1lyzat<\/a><\/p>\n\n\n\n<h2 class=\"wp-block-heading\"><strong>Mit k\u00edn\u00e1lunk neked?&nbsp;<\/strong><\/h2>\n\n\n\n<ul><li><strong><u>Egyed\u00fcl\u00e1ll\u00f3 m\u00f3don, 20%-ot fizet\u00fcnk neked minden gener\u00e1lt \u00e9s kifizetett v\u00e1s\u00e1rl\u00e1s ut\u00e1n.<\/u><\/strong><\/li><li><strong>Nincs minimum! <\/strong>Minden h\u00f3nap v\u00e9g\u00e9n kifizetj\u00fck neked a jutal\u00e9kodat. <\/li><\/ul>\n\n\n\n<h2 class=\"wp-block-heading\" id=\"mce_7\"><strong>R\u00e9szt szeretn\u00e9l venni a partnerprogramban?<\/strong><\/h2>\n\n\n\n<p>Nincs m\u00e1s teend\u0151d, mint regisztr\u00e1lni az oldalon.  Itt: <a href=\"https:\/\/hellowp.io\/us\/belepes\/\">https:\/\/hellowp.io\/us\/belepes\/<\/a> (ha m\u00e1r van fi\u00f3kod, akkor ez a l\u00e9p\u00e9s kihagyhat\u00f3)<\/p>\n\n\n\n<p>A regisztr\u00e1ci\u00f3 ut\u00e1n l\u00e1togass el a k\u00f6vetkez\u0151 oldalra: <a href=\"https:\/\/hellowp.io\/us\/fiok\/affiliate-partner\/\">https:\/\/hellowp.io\/us\/fiok\/affiliate-partner\/<\/a> Fi\u00f3kom -&gt; Partnerprogram <\/p>\n\n\n\n<p>Az itt tal\u00e1lhat\u00f3 partnerazonos\u00edt\u00f3t m\u00e1ris haszn\u00e1lhatod! <\/p>\n\n\n\n<p><strong><span style=\"text-decoration: underline;\">FIGYELEM! A partnerprogram nem haszn\u00e1lhat\u00f3 saj\u00e1t v\u00e1s\u00e1rl\u00e1sokra. <\/span><\/strong><\/p>\n","protected":false},"excerpt":{"rendered":"<p>A Hello WP! partnerprogram lehet\u0151s\u00e9get ad mindenki sz\u00e1m\u00e1ra, hogy egy partnerlinken kereszt\u00fcl p\u00e9nzt kereshessen az interneten. Felt\u00e9telek: Partnerprogram m\u0171k\u00f6d\u00e9si szab\u00e1lyzat Mit k\u00edn\u00e1lunk neked?&nbsp; Egyed\u00fcl\u00e1ll\u00f3 m\u00f3don, 20%-ot fizet\u00fcnk neked minden gener\u00e1lt \u00e9s kifizetett v\u00e1s\u00e1rl\u00e1s ut\u00e1n. Nincs minimum! Minden h\u00f3nap v\u00e9g\u00e9n kifizetj\u00fck neked a jutal\u00e9kodat. R\u00e9szt szeretn\u00e9l venni a partnerprogramban? Nincs m\u00e1s teend\u0151d, mint regisztr\u00e1lni az oldalon. [&hellip;]<\/p>\n","protected":false},"author":1,"featured_media":0,"parent":0,"menu_order":0,"comment_status":"closed","ping_status":"closed","template":"","meta":{"_seopress_robots_primary_cat":"","_seopress_titles_title":"\u00dajdons\u00e1g: Partnerprogram","_seopress_titles_desc":"Keress p\u00e9nzt a HelloWP-n Te is!\r\nMostant\u00f3l b\u00e1rki regisztr\u00e1lhat a partnerprogramunkba. 20% a te r\u00e9szed \u00e9s nincs minimum kifizet\u00e9s!","_seopress_robots_index":""},"_links":{"self":[{"href":"https:\/\/hellowp.io\/us\/wp-json\/wp\/v2\/pages\/197"}],"collection":[{"href":"https:\/\/hellowp.io\/us\/wp-json\/wp\/v2\/pages"}],"about":[{"href":"https:\/\/hellowp.io\/us\/wp-json\/wp\/v2\/types\/page"}],"author":[{"embeddable":true,"href":"https:\/\/hellowp.io\/us\/wp-json\/wp\/v2\/users\/1"}],"replies":[{"embeddable":true,"href":"https:\/\/hellowp.io\/us\/wp-json\/wp\/v2\/comments?post=197"}],"version-history":[{"count":0,"href":"https:\/\/hellowp.io\/us\/wp-json\/wp\/v2\/pages\/197\/revisions"}],"wp:attachment":[{"href":"https:\/\/hellowp.io\/us\/wp-json\/wp\/v2\/media?parent=197"}],"curies":[{"name":"wp","href":"https:\/\/api.w.org\/{rel}","templated":true}]}}