{"id":1582,"date":"2019-02-02T05:13:43","date_gmt":"2019-02-02T04:13:43","guid":{"rendered":"https:\/\/hellowp.io\/us\/?page_id=1582"},"modified":"2020-09-20T07:03:51","modified_gmt":"2020-09-20T06:03:51","slug":"real-reviews","status":"publish","type":"page","link":"https:\/\/hellowp.io\/us\/real-reviews\/","title":{"rendered":"Real reviews"},"content":{"rendered":"","protected":false},"excerpt":{"rendered":"","protected":false},"author":1,"featured_media":0,"parent":0,"menu_order":0,"comment_status":"closed","ping_status":"closed","template":"template-velemenyek.php","meta":{"_seopress_robots_primary_cat":"","_seopress_titles_title":"","_seopress_titles_desc":"\u00c9rdekel, hogy mit mondanak m\u00e1sok a HelloWP!-r\u0151l? N\u00e9zd \u00e1t az \u00f6sszes \u00e9rt\u00e9kel\u00e9st.","_seopress_robots_index":""},"_links":{"self":[{"href":"https:\/\/hellowp.io\/us\/wp-json\/wp\/v2\/pages\/1582"}],"collection":[{"href":"https:\/\/hellowp.io\/us\/wp-json\/wp\/v2\/pages"}],"about":[{"href":"https:\/\/hellowp.io\/us\/wp-json\/wp\/v2\/types\/page"}],"author":[{"embeddable":true,"href":"https:\/\/hellowp.io\/us\/wp-json\/wp\/v2\/users\/1"}],"replies":[{"embeddable":true,"href":"https:\/\/hellowp.io\/us\/wp-json\/wp\/v2\/comments?post=1582"}],"version-history":[{"count":3,"href":"https:\/\/hellowp.io\/us\/wp-json\/wp\/v2\/pages\/1582\/revisions"}],"predecessor-version":[{"id":56658,"href":"https:\/\/hellowp.io\/us\/wp-json\/wp\/v2\/pages\/1582\/revisions\/56658"}],"wp:attachment":[{"href":"https:\/\/hellowp.io\/us\/wp-json\/wp\/v2\/media?parent=1582"}],"curies":[{"name":"wp","href":"https:\/\/api.w.org\/{rel}","templated":true}]}}