{"id":9544,"date":"2019-08-18T19:48:12","date_gmt":"2019-08-18T18:48:12","guid":{"rendered":"https:\/\/hellowp.io\/hu\/?post_type=product&#038;p=9544"},"modified":"2022-10-01T15:38:42","modified_gmt":"2022-10-01T14:38:42","slug":"ingyenes-grafikai-anyagok-iskolakezdeshez","status":"publish","type":"product","link":"https:\/\/hellowp.io\/hu\/t\/ingyenes-grafikai-anyagok-iskolakezdeshez\/","title":{"rendered":"Ingyenes grafikai anyagok iskolakezd\u00e9shez"},"content":{"rendered":"<p><strong>Hamarosan itt a szeptember, j\u00f6n az iskolakezd\u00e9s.<\/strong> Feldobn\u00e1d a weboldaladat grafikai anyagokkal a t\u00e9m\u00e1ban? Most ingyenesen let\u00f6ltheted \u00e9s haszn\u00e1lhatod ezt a stock k\u00e9pekb\u0151l \u00e1ll\u00f3 csomagot, amit \u00f6ssze\u00e1ll\u00edtottunk neked.<\/p>\n<p>\u00d6sszesen 50 k\u00e9pet kapsz t\u0151l\u00fcnk, JPG form\u00e1tumban. A k\u00e9pek m\u00e9rete kereken 650mb.<\/p>\n<p><strong>P\u00e1r k\u00e9p a kollekci\u00f3b\u00f3l:<\/strong><\/p>\n<p><img loading=\"lazy\" decoding=\"async\" class=\"alignnone size-full wp-image-9567\" src=\"https:\/\/hellowp.io\/hu\/wp-content\/uploads\/2019\/08\/minta.jpg\" alt=\"\" width=\"1210\" height=\"1510\" srcset=\"https:\/\/hellowp.io\/hu\/wp-content\/uploads\/2019\/08\/minta.jpg 1210w, https:\/\/hellowp.io\/hu\/wp-content\/uploads\/2019\/08\/minta-600x749.jpg 600w, https:\/\/hellowp.io\/hu\/wp-content\/uploads\/2019\/08\/minta-205x256.jpg 205w, https:\/\/hellowp.io\/hu\/wp-content\/uploads\/2019\/08\/minta-768x958.jpg 768w, https:\/\/hellowp.io\/hu\/wp-content\/uploads\/2019\/08\/minta-821x1024.jpg 821w\" sizes=\"auto, (max-width: 1210px) 100vw, 1210px\" \/><\/p>\n<p><strong>Mit\u00a0<u>tehetsz<\/u> a k\u00e9pekkel?<\/strong><\/p>\n<ul>\n<li>Korl\u00e1tlan ideig haszn\u00e1lhatod<\/li>\n<li>Korl\u00e1tlan weboldalon haszn\u00e1lhatod<\/li>\n<\/ul>\n<p><strong>Mit\u00a0<u>nem tehetsz<\/u> a k\u00e9pekkel?<\/strong><\/p>\n<ul>\n<li>Nem adhatod el!<\/li>\n<\/ul>\n","protected":false},"excerpt":{"rendered":"<p>Hamarosan itt a szeptember, j\u00f6n az iskolakezd\u00e9s. Feldobn\u00e1d a weboldaladat grafikai anyagokkal a t\u00e9m\u00e1ban? Most ingyenesen let\u00f6ltheted \u00e9s haszn\u00e1lhatod ezt a stock k\u00e9pekb\u0151l \u00e1ll\u00f3 csomagot, amit \u00f6ssze\u00e1ll\u00edtottunk neked. \u00d6sszesen 50 k\u00e9pet kapsz t\u0151l\u00fcnk, JPG form\u00e1tumban. A k\u00e9pek m\u00e9rete kereken 650mb. P\u00e1r k\u00e9p a kollekci\u00f3b\u00f3l: Mit\u00a0tehetsz a k\u00e9pekkel? Korl\u00e1tlan ideig haszn\u00e1lhatod Korl\u00e1tlan weboldalon haszn\u00e1lhatod Mit\u00a0nem tehetsz [&#8230;]<\/p>\n<p><a class=\"btn btn-secondary understrap-read-more-link\" href=\"https:\/\/hellowp.io\/hu\/t\/ingyenes-grafikai-anyagok-iskolakezdeshez\/\">Read More&#8230;<span class=\"screen-reader-text\"> from Ingyenes grafikai anyagok iskolakezd\u00e9shez<\/span><\/a><\/p>\n","protected":false},"featured_media":9565,"comment_status":"open","ping_status":"closed","template":"","meta":{"_seopress_robots_primary_cat":"","_seopress_titles_title":"","_seopress_titles_desc":"Hamarosan itt a szeptember, j\u00f6n az iskolakezd\u00e9s. Feldobn\u00e1d a weboldaladat grafikai anyagokkal a t\u00e9m\u00e1ban?","_seopress_robots_index":""},"product_brand":[],"product_cat":[55],"product_tag":[160],"class_list":{"0":"post-9544","1":"product","2":"type-product","3":"status-publish","4":"has-post-thumbnail","6":"product_cat-ingyenes","7":"product_tag-d","8":"wcpv_product_vendors-hellowp-csapat","10":"first","11":"instock","12":"downloadable","13":"virtual","14":"taxable","15":"purchasable","16":"product-type-simple"},"_links":{"self":[{"href":"https:\/\/hellowp.io\/hu\/wp-json\/wp\/v2\/product\/9544","targetHints":{"allow":["GET"]}}],"collection":[{"href":"https:\/\/hellowp.io\/hu\/wp-json\/wp\/v2\/product"}],"about":[{"href":"https:\/\/hellowp.io\/hu\/wp-json\/wp\/v2\/types\/product"}],"replies":[{"embeddable":true,"href":"https:\/\/hellowp.io\/hu\/wp-json\/wp\/v2\/comments?post=9544"}],"wp:featuredmedia":[{"embeddable":true,"href":"https:\/\/hellowp.io\/hu\/wp-json\/wp\/v2\/media\/9565"}],"wp:attachment":[{"href":"https:\/\/hellowp.io\/hu\/wp-json\/wp\/v2\/media?parent=9544"}],"wp:term":[{"taxonomy":"product_brand","embeddable":true,"href":"https:\/\/hellowp.io\/hu\/wp-json\/wp\/v2\/product_brand?post=9544"},{"taxonomy":"product_cat","embeddable":true,"href":"https:\/\/hellowp.io\/hu\/wp-json\/wp\/v2\/product_cat?post=9544"},{"taxonomy":"product_tag","embeddable":true,"href":"https:\/\/hellowp.io\/hu\/wp-json\/wp\/v2\/product_tag?post=9544"}],"curies":[{"name":"wp","href":"https:\/\/api.w.org\/{rel}","templated":true}]}}