{"id":8965,"date":"2019-08-14T08:49:26","date_gmt":"2019-08-14T07:49:26","guid":{"rendered":"https:\/\/hellowp.io\/hu\/?post_type=product&#038;p=8965"},"modified":"2026-03-23T02:29:14","modified_gmt":"2026-03-23T01:29:14","slug":"weboldal-webshop-fejlesztes-szerzodes-minta-gdpr-kompatibilis","status":"publish","type":"product","link":"https:\/\/hellowp.io\/hu\/t\/weboldal-webshop-fejlesztes-szerzodes-minta-gdpr-kompatibilis\/","title":{"rendered":"Becs\u00fcletkassz\u00e1s &#8211; Weboldal\/webshop fejleszt\u00e9s &#8211; szerz\u0151d\u00e9s minta (GDPR kompatibilis)"},"content":{"rendered":"<p>K\u00e9sz\u00edtett\u00fcnk egy GDPR kompatibilis <strong>megb\u00edz\u00e1si szerz\u0151d\u00e9st mint\u00e1t<\/strong> webshopokhoz \u00e9s weboldalakhoz, hogy neked m\u00e1r ne kelljen bajl\u00f3dni vele.<\/p>\n<p><strong>A v\u00e1s\u00e1rl\u00e1s ut\u00e1n kapsz egy k\u00e9t dokumentumot, amit let\u00f6lthetsz \u00e9s csak annyi a dolgod, hogy a <span class=\"bg-warning\">S\u00c1RGA H\u00c1TTER\u0170<\/span> r\u00e9szeket \u00e9rtelemszer\u0171en kit\u00f6lt\u00f6d.<\/strong><\/p>\n<p>A minta szerz\u0151d\u00e9s 16 A4-es oldalnyi sz\u00f6veg, nagyon alaposan kidolgoztuk!<\/p>\n<h4 class=\"h4 underline-deep-primary\">Mit tartalmaz a dokumentum?<\/h4>\n<p><strong><u>Adatkezel\u00e9si meg\u00e1llapod\u00e1s <\/u> <\/strong><\/p>\n<ul>\n<li>Szerz\u0151d\u0151 felek<\/li>\n<li>Meg\u00e1llapod\u00e1s hat\u00f3k\u00f6re<\/li>\n<li>Az adatkezel\u00e9s c\u00e9lja<\/li>\n<li>Adatalanyok kateg\u00f3ri\u00e1i<\/li>\n<li>Szem\u00e9lyes adatok kateg\u00f3ri\u00e1i<\/li>\n<li>Az adatkezel\u00e9s id\u0151tartama<\/li>\n<li>K\u00f6telezetts\u00e9gek \u00e9s jogok<\/li>\n<li>Az adatkezel\u0151 utas\u00edt\u00e1sai<\/li>\n<li>Az adatfeldolgoz\u00f3 \u00e1ltal ny\u00fajtott garanci\u00e1k<\/li>\n<li>Az adatkezel\u0151 k\u00f6telezetts\u00e9gei<\/li>\n<li>Az adatfeldolgoz\u00f3 k\u00f6telezetts\u00e9gei<\/li>\n<li>A 32-36. cikkellyel \u00f6sszef\u00fcgg\u0151 k\u00f6telezetts\u00e9gek<\/li>\n<li>Tov\u00e1bbi adatfeldolgoz\u00f3k<\/li>\n<li>Egy\u00e9b rendelkez\u00e9sek<\/li>\n<\/ul>\n<p><strong><u>Megb\u00edz\u00e1si szerz\u0151d\u00e9s weboldal\/webshop fejleszt\u00e9s\u00e9re<\/u><\/strong><\/p>\n<ul>\n<li>Megb\u00edz\u00e1s t\u00e1rgya, teljes\u00edt\u00e9si id\u0151<\/li>\n<li>Szerz\u0151d\u0151 felek jogai \u00e9s k\u00f6telezetts\u00e9gei<\/li>\n<li>Kapcsolattart\u00f3k<\/li>\n<li>Felek jogai \u00e9s k\u00f6telezetts\u00e9gei<\/li>\n<li>D\u00edjaz\u00e1s, fizet\u00e9si felt\u00e9telek<\/li>\n<li>Titoktart\u00e1s, \u00fczleti titok<\/li>\n<li>Adatkezel\u00e9si t\u00e1j\u00e9koztat\u00f3<\/li>\n<li>Szellemi tulajdon<\/li>\n<li>Fejleszt\u00e9s menete<\/li>\n<li>Garancia<\/li>\n<li>Felel\u0151ss\u00e9g<\/li>\n<li>Szerz\u0151d\u00e9s m\u00f3dos\u00edt\u00e1sa, megsz\u00fcntet\u00e9se<\/li>\n<li>Z\u00e1r\u00f3 rendelkez\u00e9sek<\/li>\n<\/ul>\n<p><strong><u>Mell\u00e9klet<\/u><\/strong><\/p>\n<ul>\n<li>Weboldal\/webshop fejleszt\u00e9si feladatok r\u00e9szletez\u00e9se<\/li>\n<\/ul>\n<h5 class=\"underline-deep-danger\">Mit nem tehetsz a mint\u00e1val?<\/h5>\n<ul>\n<li>Nem adhatod el!<\/li>\n<\/ul>\n<p>Jelen dokumentum csup\u00e1n \u00fatmutat\u00f3k\u00e9nt szolg\u00e1l. Semmilyen felel\u0151ss\u00e9get nem v\u00e1llalunk a haszn\u00e1lat\u00e9rt. Amennyiben szem\u00e9lyre szabott adatv\u00e9delmi nyilatkozatot szeretn\u00e9l a weboldaladra k\u00e9rj\u00fck, keress fel egy internetes jog\u00e1szt, szakembert.<\/p>\n","protected":false},"excerpt":{"rendered":"<p>Tudtad, hogy egy ilyen dokumentumot kb. 150.000 &#8211; 250.000 Ft-\u00e9rt k\u00e9sz\u00edtenek el neked, ha \u00fcgyv\u00e9dhez fordulsz? [&#8230;]<\/p>\n<p><a class=\"btn btn-secondary understrap-read-more-link\" href=\"https:\/\/hellowp.io\/hu\/t\/weboldal-webshop-fejlesztes-szerzodes-minta-gdpr-kompatibilis\/\">Read More&#8230;<span class=\"screen-reader-text\"> from Becs\u00fcletkassz\u00e1s &#8211; Weboldal\/webshop fejleszt\u00e9s &#8211; szerz\u0151d\u00e9s minta (GDPR kompatibilis)<\/span><\/a><\/p>\n","protected":false},"featured_media":8970,"comment_status":"open","ping_status":"closed","template":"","meta":{"_seopress_robots_primary_cat":"none","_seopress_titles_title":"","_seopress_titles_desc":"Becs\u00fcletkassz\u00e1s megb\u00edz\u00e1si szerz\u0151d\u00e9s minta webfejleszt\u0151knek.","_seopress_robots_index":""},"product_brand":[],"product_cat":[98,56],"product_tag":[161,130],"class_list":{"0":"post-8965","1":"product","2":"type-product","3":"status-publish","4":"has-post-thumbnail","6":"product_cat-becsuletkasszas-termek","7":"product_cat-szerzodesmintak","8":"product_tag-m","9":"product_tag-megbizasi-szerzodesi-minta-2019","10":"wcpv_product_vendors-zanko-bianka","12":"first","13":"instock","14":"downloadable","15":"virtual","16":"taxable","17":"purchasable","18":"product-type-simple"},"_links":{"self":[{"href":"https:\/\/hellowp.io\/hu\/wp-json\/wp\/v2\/product\/8965","targetHints":{"allow":["GET"]}}],"collection":[{"href":"https:\/\/hellowp.io\/hu\/wp-json\/wp\/v2\/product"}],"about":[{"href":"https:\/\/hellowp.io\/hu\/wp-json\/wp\/v2\/types\/product"}],"replies":[{"embeddable":true,"href":"https:\/\/hellowp.io\/hu\/wp-json\/wp\/v2\/comments?post=8965"}],"wp:featuredmedia":[{"embeddable":true,"href":"https:\/\/hellowp.io\/hu\/wp-json\/wp\/v2\/media\/8970"}],"wp:attachment":[{"href":"https:\/\/hellowp.io\/hu\/wp-json\/wp\/v2\/media?parent=8965"}],"wp:term":[{"taxonomy":"product_brand","embeddable":true,"href":"https:\/\/hellowp.io\/hu\/wp-json\/wp\/v2\/product_brand?post=8965"},{"taxonomy":"product_cat","embeddable":true,"href":"https:\/\/hellowp.io\/hu\/wp-json\/wp\/v2\/product_cat?post=8965"},{"taxonomy":"product_tag","embeddable":true,"href":"https:\/\/hellowp.io\/hu\/wp-json\/wp\/v2\/product_tag?post=8965"}],"curies":[{"name":"wp","href":"https:\/\/api.w.org\/{rel}","templated":true}]}}