{"id":87042,"date":"2021-05-04T02:17:53","date_gmt":"2021-05-04T01:17:53","guid":{"rendered":"https:\/\/hellowp.io\/hu\/?post_type=product&#038;p=87042"},"modified":"2026-03-29T08:56:01","modified_gmt":"2026-03-29T07:56:01","slug":"virus-es-feltoresmentesites","status":"publish","type":"product","link":"https:\/\/hellowp.io\/hu\/t\/virus-es-feltoresmentesites\/","title":{"rendered":"V\u00edrus- \u00e9s felt\u00f6r\u00e9smentes\u00edt\u00e9s + aj\u00e1nd\u00e9k"},"content":{"rendered":"<p>Felt\u00f6rt\u00e9k a weboldaldaladat? El\u0151fordulhat, hogy nem friss\u00edtetted megfelel\u0151en a WordPress rendszert, a b\u0151v\u00edtm\u00e9nyeket, vagy \u00e9ppen a sablonodat. Ilyenkor a lehet\u0151 leggyorsabban ki kell jav\u00edtani a hib\u00e1t, nehogy a l\u00e1togat\u00f3kat valamilyen k\u00e1rtev\u0151vel fert\u0151zze meg az oldal, illetve nehogy a b\u00f6ng\u00e9sz\u0151k blokkolj\u00e1k az oldalt.<\/p>\n<p>Nem kell megijedni, az ilyen esetek 99%-ban automatiz\u00e1lt robotok jutnak be egy-egy hib\u00e1s vagy nem friss\u00edtett kieg\u00e9sz\u00edt\u0151n kereszt\u00fcl a weboldalba. \u00c1ltal\u00e1ban m\u00e1s oldalakat pr\u00f3b\u00e1lnak lelass\u00edtani (t\u00falterhel\u00e9ssel), vagy k\u00e9retlen leveleket pr\u00f3b\u00e1lnak k\u00fcldeni.<\/p>\n<h2 class=\"underline-deep-primary h4\">Mit kapsz t\u0151l\u00fcnk?<\/h2>\n<ul>\n<li>Az oldal nagys\u00e1g\u00e1t\u00f3l f\u00fcgg\u0151en, \u00e1tlagosan 1-3 \u00f3r\u00e1n bel\u00fcl teljesen helyre\u00e1ll\u00edtjuk a felt\u00f6rt weboldalt<\/li>\n<li>T\u00f6r\u00f6lj\u00fck a fert\u0151z\u00f6tt f\u00e1jlokb\u00f3l a hib\u00e1s r\u00e9szeket (an\u00e9lk\u00fcl, hogy az oldal elromlana)<\/li>\n<li>Megpr\u00f3b\u00e1ljuk felder\u00edteni, hogy min kereszt\u00fcl f\u00e9rtek hozz\u00e1 a weboldal f\u00e1jljaihoz<\/li>\n<li>Felk\u00e9sz\u00edtj\u00fck a tulajdonost \u00e9s a weboldalt is, hogy ilyen eset t\u00f6bb\u00e9 ne t\u00f6rt\u00e9nhessen<\/li>\n<\/ul>\n<h2 class=\"underline-deep-orange h4\">Aj\u00e1nd\u00e9k: (opcion\u00e1lis)<\/h2>\n<ul>\n<li>Aj\u00e1nd\u00e9kba adunk egy <u>CleanTalk PRO AntiSpam el\u0151fizet\u00e9st<\/u>, ami 99%-ban k\u00e9pes megv\u00e9deni a weboldalt a k\u00e1ros robotokt\u00f3l. Soha t\u00f6bbet nem lesz SPAM regisztr\u00e1ci\u00f3d \u00e9s k\u00e9pes megfogni a felt\u00f6r\u00e9si k\u00eds\u00e9rleteket is. Nagyon hasznos program!<\/li>\n<\/ul>\n<p><strong>Nagyon fontos, hogy a ny\u00edlt forr\u00e1s\u00fa weboldalunkat mindig a lehet\u0151 legfrissebb \u00e1llapotban tartsuk! <\/strong><\/p>\n<p>Egy-egy weboldal v\u00edrus\u00edrt\u00e1sa\/helyre\u00e1ll\u00edt\u00e1sa n\u00e9ha \u00f3r\u00e1kat is ig\u00e9nybe vehet, ez\u00e9rt az \u00e1r <u>egy weboldalra vonatkozik<\/u>.<\/p>\n","protected":false},"excerpt":{"rendered":"<div class=\"re_wooinner_info mb30\">\n<div class=\"woocommerce-product-details__short-description\">\n<p>Felt\u00f6rt\u00e9k a weboldaladat? Semmi gond, a lehet\u0151 leggyorsabban megoldjuk a probl\u00e9m\u00e1t!\u00a0<strong>Garanci\u00e1t v\u00e1llalunk a munk\u00e1nkra!<\/strong><\/p>\n<\/div>\n<\/div>\n<p> [&#8230;]<\/p>\n<p><a class=\"btn btn-secondary understrap-read-more-link\" href=\"https:\/\/hellowp.io\/hu\/t\/virus-es-feltoresmentesites\/\">Read More&#8230;<span class=\"screen-reader-text\"> from V\u00edrus- \u00e9s felt\u00f6r\u00e9smentes\u00edt\u00e9s + aj\u00e1nd\u00e9k<\/span><\/a><\/p>\n","protected":false},"featured_media":3414,"comment_status":"open","ping_status":"closed","template":"","meta":{"_seopress_robots_primary_cat":"none","_seopress_titles_title":"","_seopress_titles_desc":"","_seopress_robots_index":""},"product_brand":[],"product_cat":[17,16],"product_tag":[294,28],"class_list":{"0":"post-87042","1":"product","2":"type-product","3":"status-publish","4":"has-post-thumbnail","6":"product_cat-biztonsag","7":"product_cat-wordpress","8":"product_tag-biztonsag","9":"product_tag-webmi","11":"first","12":"instock","13":"sale","14":"virtual","15":"taxable","16":"purchasable","17":"product-type-simple"},"_links":{"self":[{"href":"https:\/\/hellowp.io\/hu\/wp-json\/wp\/v2\/product\/87042","targetHints":{"allow":["GET"]}}],"collection":[{"href":"https:\/\/hellowp.io\/hu\/wp-json\/wp\/v2\/product"}],"about":[{"href":"https:\/\/hellowp.io\/hu\/wp-json\/wp\/v2\/types\/product"}],"replies":[{"embeddable":true,"href":"https:\/\/hellowp.io\/hu\/wp-json\/wp\/v2\/comments?post=87042"}],"wp:featuredmedia":[{"embeddable":true,"href":"https:\/\/hellowp.io\/hu\/wp-json\/wp\/v2\/media\/3414"}],"wp:attachment":[{"href":"https:\/\/hellowp.io\/hu\/wp-json\/wp\/v2\/media?parent=87042"}],"wp:term":[{"taxonomy":"product_brand","embeddable":true,"href":"https:\/\/hellowp.io\/hu\/wp-json\/wp\/v2\/product_brand?post=87042"},{"taxonomy":"product_cat","embeddable":true,"href":"https:\/\/hellowp.io\/hu\/wp-json\/wp\/v2\/product_cat?post=87042"},{"taxonomy":"product_tag","embeddable":true,"href":"https:\/\/hellowp.io\/hu\/wp-json\/wp\/v2\/product_tag?post=87042"}],"curies":[{"name":"wp","href":"https:\/\/api.w.org\/{rel}","templated":true}]}}