{"id":7741,"date":"2019-07-24T12:49:26","date_gmt":"2019-07-24T11:49:26","guid":{"rendered":"https:\/\/hellowp.io\/hu\/?post_type=product&#038;p=7741"},"modified":"2025-06-04T15:25:37","modified_gmt":"2025-06-04T14:25:37","slug":"foxpost-osszekotese-woocommerce-el","status":"publish","type":"product","link":"https:\/\/hellowp.io\/hu\/t\/foxpost-osszekotese-woocommerce-el\/","title":{"rendered":"Foxpost \u00f6sszek\u00f6t\u00e9se WooCommerce-el"},"content":{"rendered":"<p>A b\u0151v\u00edtm\u00e9ny seg\u00edts\u00e9g\u00e9vel k\u00f6nnyed\u00e9n integr\u00e1lhatod a Foxpost sz\u00e1ll\u00edt\u00e1si m\u00f3dot a WooCommerce webshopodba.<\/p>\n<p><strong>Lehet\u0151s\u00e9gek:<\/strong><\/p>\n<ul>\n<li>csomagautomata m\u00f3d (automata v\u00e1laszt\u00f3val)<\/li>\n<li>h\u00e1zsz\u00e1ll\u00edt\u00e1s m\u00f3d<\/li>\n<li>ingyenes sz\u00e1ll\u00edt\u00e1si m\u00f3d x Ft felett<\/li>\n<\/ul>\n","protected":false},"excerpt":{"rendered":"<p>Ingyenes FoxPost b\u0151v\u00edtm\u00e9ny WooCommercehez. [&#8230;]<\/p>\n<p><a class=\"btn btn-secondary understrap-read-more-link\" href=\"https:\/\/hellowp.io\/hu\/t\/foxpost-osszekotese-woocommerce-el\/\">Read More&#8230;<span class=\"screen-reader-text\"> from Foxpost \u00f6sszek\u00f6t\u00e9se WooCommerce-el<\/span><\/a><\/p>\n","protected":false},"featured_media":7747,"comment_status":"open","ping_status":"closed","template":"","meta":{"_seopress_robots_primary_cat":"none","_seopress_titles_title":"","_seopress_titles_desc":"Ingyenes FoxPost b\u0151v\u00edtm\u00e9ny WooCommercehez.","_seopress_robots_index":""},"product_brand":[],"product_cat":[55,125],"product_tag":[160,126],"class_list":{"0":"post-7741","1":"product","2":"type-product","3":"status-publish","4":"has-post-thumbnail","6":"product_cat-ingyenes","7":"product_cat-szallitas","8":"product_tag-d","9":"product_tag-foxpost-csomagpont-bovitmeny","10":"wcpv_product_vendors-foxpost-hu","12":"first","13":"instock","14":"downloadable","15":"virtual","16":"taxable","17":"purchasable","18":"product-type-simple"},"_links":{"self":[{"href":"https:\/\/hellowp.io\/hu\/wp-json\/wp\/v2\/product\/7741","targetHints":{"allow":["GET"]}}],"collection":[{"href":"https:\/\/hellowp.io\/hu\/wp-json\/wp\/v2\/product"}],"about":[{"href":"https:\/\/hellowp.io\/hu\/wp-json\/wp\/v2\/types\/product"}],"replies":[{"embeddable":true,"href":"https:\/\/hellowp.io\/hu\/wp-json\/wp\/v2\/comments?post=7741"}],"wp:featuredmedia":[{"embeddable":true,"href":"https:\/\/hellowp.io\/hu\/wp-json\/wp\/v2\/media\/7747"}],"wp:attachment":[{"href":"https:\/\/hellowp.io\/hu\/wp-json\/wp\/v2\/media?parent=7741"}],"wp:term":[{"taxonomy":"product_brand","embeddable":true,"href":"https:\/\/hellowp.io\/hu\/wp-json\/wp\/v2\/product_brand?post=7741"},{"taxonomy":"product_cat","embeddable":true,"href":"https:\/\/hellowp.io\/hu\/wp-json\/wp\/v2\/product_cat?post=7741"},{"taxonomy":"product_tag","embeddable":true,"href":"https:\/\/hellowp.io\/hu\/wp-json\/wp\/v2\/product_tag?post=7741"}],"curies":[{"name":"wp","href":"https:\/\/api.w.org\/{rel}","templated":true}]}}