{"id":722,"date":"2019-01-25T06:32:54","date_gmt":"2019-01-25T05:32:54","guid":{"rendered":"https:\/\/hellowp.io\/hu\/?post_type=product&#038;p=722"},"modified":"2026-04-14T03:07:59","modified_gmt":"2026-04-14T02:07:59","slug":"premium-tamogatas","status":"publish","type":"product","link":"https:\/\/hellowp.io\/hu\/t\/premium-tamogatas\/","title":{"rendered":"Pr\u00e9mium WordPress t\u00e1mogat\u00e1s"},"content":{"rendered":"<p>\u00c1ltal\u00e1nos probl\u00e9mamegold\u00e1s. Aj\u00e1nlott b\u00e1rmilyen WP hiba eset\u00e9n! Nem j\u00f6n be a WordPress oldalad? Nem m\u0171k\u00f6dnek a linkek, vagy az admin, <u>esetleg hib\u00e1san m\u0171k\u00f6dik valamelyik r\u00e9sze az oldalnak<\/u>?\u00a0<strong>Seg\u00edt\u00fcnk megoldani a hib\u00e1kat \u00e9s helyre\u00e1ll\u00edtjuk az oldaladat, hogy ism\u00e9t megfelel\u0151en \u00fczemeljen.<\/strong><\/p>\n","protected":false},"excerpt":{"rendered":"<p>\u00c1ltal\u00e1nos probl\u00e9mamegold\u00e1s. Aj\u00e1nlott b\u00e1rmilyen WP hiba eset\u00e9n! [&#8230;]<\/p>\n<p><a class=\"btn btn-secondary understrap-read-more-link\" href=\"https:\/\/hellowp.io\/hu\/t\/premium-tamogatas\/\">Read More&#8230;<span class=\"screen-reader-text\"> from Pr\u00e9mium WordPress t\u00e1mogat\u00e1s<\/span><\/a><\/p>\n","protected":false},"featured_media":1936,"comment_status":"open","ping_status":"closed","template":"","meta":{"_seopress_robots_primary_cat":"none","_seopress_titles_title":"","_seopress_titles_desc":"\u00c1ltal\u00e1nos probl\u00e9mamegold\u00e1s. Aj\u00e1nlott b\u00e1rmilyen WordPress hiba eset\u00e9n!","_seopress_robots_index":""},"product_brand":[],"product_cat":[16],"product_tag":[161],"class_list":{"0":"post-722","1":"product","2":"type-product","3":"status-publish","4":"has-post-thumbnail","6":"product_cat-wordpress","7":"product_tag-m","8":"wcpv_product_vendors-webmi-io","10":"first","11":"instock","12":"sale","13":"virtual","14":"taxable","15":"purchasable","16":"product-type-simple"},"_links":{"self":[{"href":"https:\/\/hellowp.io\/hu\/wp-json\/wp\/v2\/product\/722","targetHints":{"allow":["GET"]}}],"collection":[{"href":"https:\/\/hellowp.io\/hu\/wp-json\/wp\/v2\/product"}],"about":[{"href":"https:\/\/hellowp.io\/hu\/wp-json\/wp\/v2\/types\/product"}],"replies":[{"embeddable":true,"href":"https:\/\/hellowp.io\/hu\/wp-json\/wp\/v2\/comments?post=722"}],"wp:featuredmedia":[{"embeddable":true,"href":"https:\/\/hellowp.io\/hu\/wp-json\/wp\/v2\/media\/1936"}],"wp:attachment":[{"href":"https:\/\/hellowp.io\/hu\/wp-json\/wp\/v2\/media?parent=722"}],"wp:term":[{"taxonomy":"product_brand","embeddable":true,"href":"https:\/\/hellowp.io\/hu\/wp-json\/wp\/v2\/product_brand?post=722"},{"taxonomy":"product_cat","embeddable":true,"href":"https:\/\/hellowp.io\/hu\/wp-json\/wp\/v2\/product_cat?post=722"},{"taxonomy":"product_tag","embeddable":true,"href":"https:\/\/hellowp.io\/hu\/wp-json\/wp\/v2\/product_tag?post=722"}],"curies":[{"name":"wp","href":"https:\/\/api.w.org\/{rel}","templated":true}]}}