{"id":716,"date":"2019-01-25T06:30:40","date_gmt":"2019-01-25T05:30:40","guid":{"rendered":"https:\/\/hellowp.io\/hu\/?post_type=product&#038;p=716"},"modified":"2023-11-09T12:58:45","modified_gmt":"2023-11-09T11:58:45","slug":"weboldal-sebesseg-noveles-optimalizalas","status":"publish","type":"product","link":"https:\/\/hellowp.io\/hu\/t\/weboldal-sebesseg-noveles-optimalizalas\/","title":{"rendered":"Weboldal sebess\u00e9g n\u00f6vel\u00e9s &#8211; adatb\u00e1zis\/k\u00f3d optimaliz\u00e1l\u00e1s"},"content":{"rendered":"<p>Gyorsas\u00e1g nem csak c\u00e9lkit\u0171z\u00e9s \u2013 a siker z\u00e1loga is egy online vil\u00e1gban, ahol minden m\u00e1sodperc sz\u00e1m\u00edt. A lass\u00fa bet\u00f6lt\u00e9si id\u0151k nem csak a felhaszn\u00e1l\u00f3i \u00e9lm\u00e9nyt rontj\u00e1k, de h\u00e1tr\u00e1nyosan befoly\u00e1solj\u00e1k weboldalad keres\u0151optimaliz\u00e1l\u00e1s\u00e1t (SEO) \u00e9s konverzi\u00f3s r\u00e1t\u00e1it is. Itt az ideje, hogy weboldaladat a k\u00f6vetkez\u0151 szintre emeld a WordPress Weboldal Sebess\u00e9g N\u00f6vel\u00e9s szolg\u00e1ltat\u00e1sunkkal, amely az adatb\u00e1zis \u00e9s a k\u00f3d optimaliz\u00e1l\u00e1s\u00e1ra \u00f6sszpontos\u00edt.<\/p>\n<p><strong>Mi\u00e9rt fontos a sebess\u00e9g?<\/strong><\/p>\n<ul>\n<li><strong>Jobb felhaszn\u00e1l\u00f3i \u00e9lm\u00e9ny:<\/strong> A gyorsan bet\u00f6lt\u0151d\u0151 oldalak el\u00e9gedettebb l\u00e1togat\u00f3kat eredm\u00e9nyeznek.<\/li>\n<li><strong>Magasabb rangsorol\u00e1s:<\/strong> A Google \u00e9s m\u00e1s keres\u0151motorok el\u0151nyben r\u00e9szes\u00edtik a gyorsan bet\u00f6lt\u0151d\u0151 weboldalakat.<\/li>\n<li><strong>Nagyobb konverzi\u00f3:<\/strong> A gyors weboldalak n\u00f6velik az elad\u00e1sokat \u00e9s a kapcsolatfelv\u00e9telek sz\u00e1m\u00e1t.<\/li>\n<\/ul>\n<p><strong>Mit k\u00edn\u00e1lunk?<\/strong><\/p>\n<ul>\n<li><strong>Adatb\u00e1zis optimaliz\u00e1l\u00e1s:<\/strong> Az adatb\u00e1zis a weboldalad sz\u00edve. Megtiszt\u00edtjuk a felesleges adatokt\u00f3l, optimaliz\u00e1ljuk a t\u00e1bl\u00e1kat \u00e9s jav\u00edtjuk a lek\u00e9rdez\u00e9sek hat\u00e9konys\u00e1g\u00e1t.<\/li>\n<li><strong>K\u00f3d optimaliz\u00e1l\u00e1s:<\/strong> A redund\u00e1ns \u00e9s felesleges k\u00f3dok lass\u00edthatj\u00e1k az oldalt. Megvizsg\u00e1ljuk \u00e9s finomhangoljuk a PHP, JavaScript \u00e9s CSS f\u00e1jlokat a maxim\u00e1lis hat\u00e9konys\u00e1g \u00e9rdek\u00e9ben.<\/li>\n<li><strong>Gyors\u00edt\u00f3t\u00e1raz\u00e1s konfigur\u00e1l\u00e1sa:<\/strong> Be\u00e1ll\u00edtjuk a megfelel\u0151 gyors\u00edt\u00f3t\u00e1raz\u00e1si mechanizmusokat, hogy az oldalad vill\u00e1mgyors legyen.<\/li>\n<li><strong>K\u00e9pek \u00e9s m\u00e9diaf\u00e1jlok optimaliz\u00e1l\u00e1sa:<\/strong> Cs\u00f6kkentj\u00fck a k\u00e9pek m\u00e9ret\u00e9t an\u00e9lk\u00fcl, hogy azok min\u0151s\u00e9g\u00e9ben kompromisszumot k\u00f6tn\u00e9nk.<\/li>\n<li>\n<p dir=\"auto\"><strong>B\u0151v\u00edtm\u00e9ny optimaliz\u00e1l\u00e1s:<\/strong> A felesleges vagy t\u00falterhelt b\u0151v\u00edtm\u00e9nyek lass\u00edthatj\u00e1k a weboldaladat. Elemz\u00fcnk minden b\u0151v\u00edtm\u00e9nyt, hogy megbizonyosodjunk arr\u00f3l, hogy csak a sz\u00fcks\u00e9ges \u00e9s j\u00f3l teljes\u00edt\u0151 kieg\u00e9sz\u00edt\u0151k maradnak, mik\u00f6zben jav\u00edtjuk azok teljes\u00edtm\u00e9ny\u00e9t.<\/p>\n<\/li>\n<\/ul>\n<p><strong>Mi\u00e9rt minket v\u00e1lassz?<\/strong><\/p>\n<ul>\n<li><strong>Szak\u00e9rt\u0151i csapat:<\/strong> Tapasztalt WordPress fejleszt\u0151k \u00e9s sebess\u00e9goptimaliz\u00e1l\u00e1si szak\u00e9rt\u0151k \u00e1llnak rendelkez\u00e9sedre.<\/li>\n<li><strong>Testreszabott megold\u00e1sok:<\/strong> Minden weboldal egyedi, ez\u00e9rt szem\u00e9lyre szabott megold\u00e1sokat k\u00edn\u00e1lunk.<\/li>\n<li><strong>\u00c1tl\u00e1that\u00f3 folyamat:<\/strong> T\u00e1j\u00e9koztatunk minden l\u00e9p\u00e9sr\u0151l, \u00e9s r\u00e9szletes jelent\u00e9st k\u00e9sz\u00edt\u00fcnk a munka befejez\u00e9sekor.<\/li>\n<li><strong>T\u00e1mogat\u00e1s \u00e9s karbantart\u00e1s:<\/strong> Folyamatos t\u00e1mogat\u00e1st \u00e9s karbantart\u00e1st ny\u00fajtunk, hogy weboldalad mindig a cs\u00facson maradjon.<\/li>\n<\/ul>\n<p>Ne hagyd, hogy a lass\u00fa weboldal legyen az akad\u00e1ly az online siker \u00fatj\u00e1ban. L\u00e9pj vel\u00fcnk kapcsolatba m\u00e9g ma, \u00e9s tedd meg az els\u0151 l\u00e9p\u00e9st egy gyorsabb, er\u0151teljesebb weboldal fel\u00e9!<\/p>\n","protected":false},"excerpt":{"rendered":"<p>Lass\u00fa a weboldalad? Nehezen megy az admin? Seg\u00edt\u00fcnk kider\u00edteni az ok\u00e1t \u00e9s felgyors\u00edtjuk neked az oldaladat. [&#8230;]<\/p>\n<p><a class=\"btn btn-secondary understrap-read-more-link\" href=\"https:\/\/hellowp.io\/hu\/t\/weboldal-sebesseg-noveles-optimalizalas\/\">Read More&#8230;<span class=\"screen-reader-text\"> from Weboldal sebess\u00e9g n\u00f6vel\u00e9s &#8211; adatb\u00e1zis\/k\u00f3d optimaliz\u00e1l\u00e1s<\/span><\/a><\/p>\n","protected":false},"featured_media":1916,"comment_status":"open","ping_status":"closed","template":"","meta":{"_seopress_robots_primary_cat":"none","_seopress_titles_title":"","_seopress_titles_desc":"Lass\u00fa weboldalad? Felgyors\u00edtjuk, hogy sokkal hat\u00e9konyabb legyen, illetve jobban szerepeljen a keres\u0151kben.","_seopress_robots_index":""},"product_brand":[],"product_cat":[29],"product_tag":[161,133],"class_list":{"0":"post-716","1":"product","2":"type-product","3":"status-publish","4":"has-post-thumbnail","6":"product_cat-weboldal-gondozas","7":"product_tag-m","8":"product_tag-szolgaltatas","9":"wcpv_product_vendors-webmi-io","11":"first","12":"instock","13":"virtual","14":"taxable","15":"purchasable","16":"product-type-simple"},"_links":{"self":[{"href":"https:\/\/hellowp.io\/hu\/wp-json\/wp\/v2\/product\/716","targetHints":{"allow":["GET"]}}],"collection":[{"href":"https:\/\/hellowp.io\/hu\/wp-json\/wp\/v2\/product"}],"about":[{"href":"https:\/\/hellowp.io\/hu\/wp-json\/wp\/v2\/types\/product"}],"replies":[{"embeddable":true,"href":"https:\/\/hellowp.io\/hu\/wp-json\/wp\/v2\/comments?post=716"}],"wp:featuredmedia":[{"embeddable":true,"href":"https:\/\/hellowp.io\/hu\/wp-json\/wp\/v2\/media\/1916"}],"wp:attachment":[{"href":"https:\/\/hellowp.io\/hu\/wp-json\/wp\/v2\/media?parent=716"}],"wp:term":[{"taxonomy":"product_brand","embeddable":true,"href":"https:\/\/hellowp.io\/hu\/wp-json\/wp\/v2\/product_brand?post=716"},{"taxonomy":"product_cat","embeddable":true,"href":"https:\/\/hellowp.io\/hu\/wp-json\/wp\/v2\/product_cat?post=716"},{"taxonomy":"product_tag","embeddable":true,"href":"https:\/\/hellowp.io\/hu\/wp-json\/wp\/v2\/product_tag?post=716"}],"curies":[{"name":"wp","href":"https:\/\/api.w.org\/{rel}","templated":true}]}}