{"id":7153,"date":"2019-07-05T11:36:43","date_gmt":"2019-07-05T10:36:43","guid":{"rendered":"https:\/\/hellowp.io\/hu\/?post_type=product&#038;p=7153"},"modified":"2023-03-15T21:33:20","modified_gmt":"2023-03-15T20:33:20","slug":"domain-regisztracio","status":"publish","type":"product","link":"https:\/\/hellowp.io\/hu\/t\/domain-regisztracio\/","title":{"rendered":"Domain regisztr\u00e1ci\u00f3"},"content":{"rendered":"<style>.product-image-col{\ndisplay:none !important;}<\/style>\n","protected":false},"excerpt":{"rendered":"<p><u>A domain regisztr\u00e1ci\u00f3s szolg\u00e1ltat\u00e1sunkat csak azoknak k\u00edn\u00e1ljuk, akiknek az oldal\u00e1t mi \u00fczemeltetj\u00fck. <\/u> [&#8230;]<\/p>\n<p><a class=\"btn btn-secondary understrap-read-more-link\" href=\"https:\/\/hellowp.io\/hu\/t\/domain-regisztracio\/\">Read More&#8230;<span class=\"screen-reader-text\"> from Domain regisztr\u00e1ci\u00f3<\/span><\/a><\/p>\n","protected":false},"featured_media":38177,"comment_status":"open","ping_status":"closed","template":"","meta":{"_seopress_robots_primary_cat":"none","_seopress_titles_title":"","_seopress_titles_desc":"","_seopress_robots_index":""},"product_brand":[],"product_cat":[16],"product_tag":[161],"class_list":{"0":"post-7153","1":"product","2":"type-product","3":"status-publish","4":"has-post-thumbnail","6":"product_cat-wordpress","7":"product_tag-m","8":"wcpv_product_vendors-webmi-io","10":"first","11":"instock","12":"virtual","13":"taxable","14":"purchasable","15":"product-type-subscription"},"_links":{"self":[{"href":"https:\/\/hellowp.io\/hu\/wp-json\/wp\/v2\/product\/7153","targetHints":{"allow":["GET"]}}],"collection":[{"href":"https:\/\/hellowp.io\/hu\/wp-json\/wp\/v2\/product"}],"about":[{"href":"https:\/\/hellowp.io\/hu\/wp-json\/wp\/v2\/types\/product"}],"replies":[{"embeddable":true,"href":"https:\/\/hellowp.io\/hu\/wp-json\/wp\/v2\/comments?post=7153"}],"wp:featuredmedia":[{"embeddable":true,"href":"https:\/\/hellowp.io\/hu\/wp-json\/wp\/v2\/media\/38177"}],"wp:attachment":[{"href":"https:\/\/hellowp.io\/hu\/wp-json\/wp\/v2\/media?parent=7153"}],"wp:term":[{"taxonomy":"product_brand","embeddable":true,"href":"https:\/\/hellowp.io\/hu\/wp-json\/wp\/v2\/product_brand?post=7153"},{"taxonomy":"product_cat","embeddable":true,"href":"https:\/\/hellowp.io\/hu\/wp-json\/wp\/v2\/product_cat?post=7153"},{"taxonomy":"product_tag","embeddable":true,"href":"https:\/\/hellowp.io\/hu\/wp-json\/wp\/v2\/product_tag?post=7153"}],"curies":[{"name":"wp","href":"https:\/\/api.w.org\/{rel}","templated":true}]}}