{"id":715,"date":"2019-01-25T06:26:34","date_gmt":"2019-01-25T05:26:34","guid":{"rendered":"https:\/\/hellowp.io\/hu\/?post_type=product&#038;p=715"},"modified":"2023-06-05T11:12:21","modified_gmt":"2023-06-05T10:12:21","slug":"mentes-es-visszaallitas","status":"publish","type":"product","link":"https:\/\/hellowp.io\/hu\/t\/mentes-es-visszaallitas\/","title":{"rendered":"Ment\u00e9s \u00e9s vissza\u00e1ll\u00edt\u00e1s"},"content":{"rendered":"<p>Szeretn\u00e9d, hogy lements\u00fck a teljes weboldaladat naponta, \u00fagy, hogy az b\u00e1rmikor vissza\u00e1ll\u00edthat\u00f3 legyen?<\/p>\n","protected":false},"excerpt":{"rendered":"<p>6 h\u00f3napig meg\u0151rizz\u00fck a ment\u00e9seket \u00e9s d\u00edjmentesen vissza\u00e1ll\u00edtjuk neked, ha k\u00e9red.\u00a0S\u0151t, b\u00e1rmikor let\u00f6ltheted te is! [&#8230;]<\/p>\n<p><a class=\"btn btn-secondary understrap-read-more-link\" href=\"https:\/\/hellowp.io\/hu\/t\/mentes-es-visszaallitas\/\">Read More&#8230;<span class=\"screen-reader-text\"> from Ment\u00e9s \u00e9s vissza\u00e1ll\u00edt\u00e1s<\/span><\/a><\/p>\n","protected":false},"featured_media":1910,"comment_status":"open","ping_status":"closed","template":"","meta":{"_seopress_robots_primary_cat":"none","_seopress_titles_title":"","_seopress_titles_desc":"Szeretn\u00e9d, hogy lements\u00fck a teljes weboldaladat, \u00fagy, hogy az b\u00e1rmikor vissza\u00e1ll\u00edthat\u00f3 legyen?","_seopress_robots_index":""},"product_brand":[],"product_cat":[29],"product_tag":[161,133],"class_list":{"0":"post-715","1":"product","2":"type-product","3":"status-publish","4":"has-post-thumbnail","6":"product_cat-weboldal-gondozas","7":"product_tag-m","8":"product_tag-szolgaltatas","9":"wcpv_product_vendors-webmi-io","11":"first","12":"instock","13":"downloadable","14":"virtual","15":"taxable","16":"purchasable","17":"product-type-subscription"},"_links":{"self":[{"href":"https:\/\/hellowp.io\/hu\/wp-json\/wp\/v2\/product\/715","targetHints":{"allow":["GET"]}}],"collection":[{"href":"https:\/\/hellowp.io\/hu\/wp-json\/wp\/v2\/product"}],"about":[{"href":"https:\/\/hellowp.io\/hu\/wp-json\/wp\/v2\/types\/product"}],"replies":[{"embeddable":true,"href":"https:\/\/hellowp.io\/hu\/wp-json\/wp\/v2\/comments?post=715"}],"wp:featuredmedia":[{"embeddable":true,"href":"https:\/\/hellowp.io\/hu\/wp-json\/wp\/v2\/media\/1910"}],"wp:attachment":[{"href":"https:\/\/hellowp.io\/hu\/wp-json\/wp\/v2\/media?parent=715"}],"wp:term":[{"taxonomy":"product_brand","embeddable":true,"href":"https:\/\/hellowp.io\/hu\/wp-json\/wp\/v2\/product_brand?post=715"},{"taxonomy":"product_cat","embeddable":true,"href":"https:\/\/hellowp.io\/hu\/wp-json\/wp\/v2\/product_cat?post=715"},{"taxonomy":"product_tag","embeddable":true,"href":"https:\/\/hellowp.io\/hu\/wp-json\/wp\/v2\/product_tag?post=715"}],"curies":[{"name":"wp","href":"https:\/\/api.w.org\/{rel}","templated":true}]}}