{"id":7138,"date":"2019-07-05T07:15:55","date_gmt":"2019-07-05T06:15:55","guid":{"rendered":"https:\/\/hellowp.io\/hu\/?post_type=product&#038;p=7138"},"modified":"2023-07-28T08:43:29","modified_gmt":"2023-07-28T07:43:29","slug":"egyszeri-tartalomfeltoltes","status":"publish","type":"product","link":"https:\/\/hellowp.io\/hu\/t\/egyszeri-tartalomfeltoltes\/","title":{"rendered":"Egyszeri tartalomfelt\u00f6lt\u00e9s"},"content":{"rendered":"<p>Tartalomfelt\u00f6lt\u00e9s weboldalra maximum 2 \u00f3r\u00e1ban.<\/p>\n","protected":false},"excerpt":{"rendered":"<p>Tartalomfelt\u00f6lt\u00e9s weboldalra maximum 2 \u00f3r\u00e1ban. [&#8230;]<\/p>\n<p><a class=\"btn btn-secondary understrap-read-more-link\" href=\"https:\/\/hellowp.io\/hu\/t\/egyszeri-tartalomfeltoltes\/\">Read More&#8230;<span class=\"screen-reader-text\"> from Egyszeri tartalomfelt\u00f6lt\u00e9s<\/span><\/a><\/p>\n","protected":false},"featured_media":283,"comment_status":"open","ping_status":"closed","template":"","meta":{"_seopress_robots_primary_cat":"","_seopress_titles_title":"","_seopress_titles_desc":"","_seopress_robots_index":""},"product_brand":[],"product_cat":[30,40],"product_tag":[161],"class_list":{"0":"post-7138","1":"product","2":"type-product","3":"status-publish","4":"has-post-thumbnail","6":"product_cat-tartalomkezeles","7":"product_cat-termekkezeles","8":"product_tag-m","9":"wcpv_product_vendors-petho-gergely","11":"first","12":"instock","13":"taxable","14":"shipping-taxable","15":"purchasable","16":"product-type-simple"},"_links":{"self":[{"href":"https:\/\/hellowp.io\/hu\/wp-json\/wp\/v2\/product\/7138","targetHints":{"allow":["GET"]}}],"collection":[{"href":"https:\/\/hellowp.io\/hu\/wp-json\/wp\/v2\/product"}],"about":[{"href":"https:\/\/hellowp.io\/hu\/wp-json\/wp\/v2\/types\/product"}],"replies":[{"embeddable":true,"href":"https:\/\/hellowp.io\/hu\/wp-json\/wp\/v2\/comments?post=7138"}],"wp:featuredmedia":[{"embeddable":true,"href":"https:\/\/hellowp.io\/hu\/wp-json\/wp\/v2\/media\/283"}],"wp:attachment":[{"href":"https:\/\/hellowp.io\/hu\/wp-json\/wp\/v2\/media?parent=7138"}],"wp:term":[{"taxonomy":"product_brand","embeddable":true,"href":"https:\/\/hellowp.io\/hu\/wp-json\/wp\/v2\/product_brand?post=7138"},{"taxonomy":"product_cat","embeddable":true,"href":"https:\/\/hellowp.io\/hu\/wp-json\/wp\/v2\/product_cat?post=7138"},{"taxonomy":"product_tag","embeddable":true,"href":"https:\/\/hellowp.io\/hu\/wp-json\/wp\/v2\/product_tag?post=7138"}],"curies":[{"name":"wp","href":"https:\/\/api.w.org\/{rel}","templated":true}]}}