{"id":66203,"date":"2021-01-29T10:36:37","date_gmt":"2021-01-29T09:36:37","guid":{"rendered":"https:\/\/hellowp.io\/hu\/?post_type=product&#038;p=66203"},"modified":"2023-03-22T11:42:49","modified_gmt":"2023-03-22T10:42:49","slug":"webshop-jogi-atvizsgalas","status":"publish","type":"product","link":"https:\/\/hellowp.io\/hu\/t\/webshop-jogi-atvizsgalas\/","title":{"rendered":"Webshop jogi \u00e1tvizsg\u00e1l\u00e1s"},"content":{"rendered":"<p>Ezt a term\u00e9ket f\u00e9lig-meddig a k\u00e9nyszer sz\u00fclte, hiszen <strong>nagyon sok webshop tulajdonos keresett minket<\/strong> mostan\u00e1ban azzal, <strong>hogy b\u00fcntet\u00e9st kaptak a fogyaszt\u00f3v\u00e9delemt\u0151l<\/strong> amiatt, hogy nem megfelel\u0151 (jogi szempontb\u00f3l) a webshop fel\u00e9p\u00edt\u00e9se.<\/p>\n<p>Vitathatatlan, hogy 2020-2021 nagy nyertese az online kereskedelem volt. Sorra d\u00f6nt\u00f6tt\u00e9k a rekordokat a webshopok, az sem volt kir\u00edv\u00f3 eset, ha egy oldal hozta egy h\u00f3nap alatt az \u00e9ves forgalm\u00e1t. Ez persze ahhoz vezet, hogy robban\u00e1sszer\u0171en n\u00f6vekszik az \u00faj webshopok sz\u00e1ma. Ez a hat\u00f3s\u00e1gok figyelm\u00e9t is felkelthette \u00e9s \u00fagy \u00e9rezz\u00fck, hogy sokkal <strong><u>t\u00f6bb az ellen\u0151rz\u00e9s<\/u><\/strong> az elm\u00falt \u00e9vekhez k\u00e9pest. <strong>Ezt j\u00f3 dolognak tartjuk, hiszen nagyobb biztons\u00e1gban vannak a v\u00e1s\u00e1rl\u00f3k,<\/strong> ami az els\u0151dleges szempontunk.<\/p>\n<h2 class=\"kek-arnyek\">Mit kapsz t\u0151l\u00fcnk?<\/h2>\n<ul>\n<li>Webshop \u00e1tvizsg\u00e1l\u00e1s fogyaszt\u00f3v\u00e9delmi szempontb\u00f3l<\/li>\n<li>Webshop jogi \u00e1tvizsg\u00e1l\u00e1s GDPR szempontb\u00f3l<\/li>\n<li>Term\u00e9kek jogi \u00e1tvizsg\u00e1l\u00e1sa<\/li>\n<li>\u00c9rtes\u00edt\u00e9st kapsz, az esetleges fontosabb jogi v\u00e1ltoz\u00e1sokr\u00f3l el\u0151re, hogy felk\u00e9sz\u00fclhess (\u00f6r\u00f6k\u00e9let) a v\u00e1ltoz\u00e1sra<\/li>\n<\/ul>\n<h2 class=\"kek-arnyek\">* Fejleszt\u00e9s<\/h2>\n<p>Sok esetben valamiyen technikai probl\u00e9ma van a webshoppal, amit az adott hivatal felsorol mint hib\u00e1t. Ezeket a fejleszt\u00e9seket elv\u00e9gezz\u00fck. NEM terjed ki a jogidokumentumok meg\u00edr\u00e1s\u00e1ra, jav\u00edt\u00e1s\u00e1ra. Erre a weboldalon tal\u00e1lhat\u00f3 becs\u00fcletkassz\u00e1s megold\u00e1sokat javasoljuk. Elv\u00e9gezz\u00fck p\u00e9ld\u00e1ul: egys\u00e9g\u00e1r fejleszt\u00e9s, adatv\u00e9delmi pip\u00e1k, regisztr\u00e1ci\u00f3n\u00e1l adatv\u00e9delem pipa, v\u00e1s\u00e1rl\u00e1sok adatv\u00e9delmi nyilatkozatok stb&#8230; <strong>MAXIMUM 1 \u00f3ra fejleszt\u00e9st v\u00e1llalunk a fent felt\u00fcntetett \u00e1ron.<\/strong><\/p>\n<p><strong><u>Figyelem! Mi nem vagyunk jogv\u00e9gzett emberek, mi egyszer\u0171en a 20+ \u00e9ves tapasztalatunkra \u00e9s a fogyaszt\u00f3v\u00e9delem ir\u00e1nyelveire hagyatkozunk.<\/u><\/strong> Az elm\u00falt \u00e9vekben sz\u00e1mtalan webshop tulajdonosa b\u00edzott meg benn\u00fcnket, hogy jav\u00edtsuk a hib\u00e1kat, amit a fogyaszt\u00f3v\u00e9delem felfedezett az oldal\u00e1n. Ebb\u0151l a tapasztalatb\u00f3l fogunk mer\u00edteni a feladat elv\u00e9gz\u00e9se sor\u00e1n.<\/p>\n","protected":false},"excerpt":{"rendered":"<p>Amennyiben nem tal\u00e1lunk jogi probl\u00e9m\u00e1t az oldalon, akkor a <strong><u>teljes \u00f6sszeget visszafizetj\u00fck<\/u><\/strong>. Nincs vesztenival\u00f3d!<\/p>\n<p>&nbsp; [&#8230;]<\/p>\n<p><a class=\"btn btn-secondary understrap-read-more-link\" href=\"https:\/\/hellowp.io\/hu\/t\/webshop-jogi-atvizsgalas\/\">Read More&#8230;<span class=\"screen-reader-text\"> from Webshop jogi \u00e1tvizsg\u00e1l\u00e1s<\/span><\/a><\/p>\n","protected":false},"featured_media":66206,"comment_status":"open","ping_status":"closed","template":"","meta":{"_seopress_robots_primary_cat":"none","_seopress_titles_title":"","_seopress_titles_desc":"Amennyiben nem tal\u00e1lunk jogi probl\u00e9m\u00e1t az oldalon, akkor a teljes \u00f6sszeget visszafizetj\u00fck.","_seopress_robots_index":""},"product_brand":[],"product_cat":[175],"product_tag":[],"class_list":{"0":"post-66203","1":"product","2":"type-product","3":"status-publish","4":"has-post-thumbnail","6":"product_cat-egyeb-szolgaltatasok","7":"wcpv_product_vendors-marketing-csapat","9":"first","10":"instock","11":"purchasable","12":"product-type-simple"},"_links":{"self":[{"href":"https:\/\/hellowp.io\/hu\/wp-json\/wp\/v2\/product\/66203","targetHints":{"allow":["GET"]}}],"collection":[{"href":"https:\/\/hellowp.io\/hu\/wp-json\/wp\/v2\/product"}],"about":[{"href":"https:\/\/hellowp.io\/hu\/wp-json\/wp\/v2\/types\/product"}],"replies":[{"embeddable":true,"href":"https:\/\/hellowp.io\/hu\/wp-json\/wp\/v2\/comments?post=66203"}],"wp:featuredmedia":[{"embeddable":true,"href":"https:\/\/hellowp.io\/hu\/wp-json\/wp\/v2\/media\/66206"}],"wp:attachment":[{"href":"https:\/\/hellowp.io\/hu\/wp-json\/wp\/v2\/media?parent=66203"}],"wp:term":[{"taxonomy":"product_brand","embeddable":true,"href":"https:\/\/hellowp.io\/hu\/wp-json\/wp\/v2\/product_brand?post=66203"},{"taxonomy":"product_cat","embeddable":true,"href":"https:\/\/hellowp.io\/hu\/wp-json\/wp\/v2\/product_cat?post=66203"},{"taxonomy":"product_tag","embeddable":true,"href":"https:\/\/hellowp.io\/hu\/wp-json\/wp\/v2\/product_tag?post=66203"}],"curies":[{"name":"wp","href":"https:\/\/api.w.org\/{rel}","templated":true}]}}