{"id":6608,"date":"2019-06-20T14:54:50","date_gmt":"2019-06-20T13:54:50","guid":{"rendered":"https:\/\/hellowp.io\/hu\/?post_type=product&#038;p=6608"},"modified":"2022-03-19T19:27:23","modified_gmt":"2022-03-19T18:27:23","slug":"premium-felholevelezes","status":"publish","type":"product","link":"https:\/\/hellowp.io\/hu\/t\/premium-felholevelezes\/","title":{"rendered":"Pr\u00e9mium felh\u0151levelez\u00e9s &#8211; lev\u00e9lkik\u00fcld\u00e9s"},"content":{"rendered":"<h4 class=\"underline-deep-primary\">Kiknek aj\u00e1nljuk ez a lehet\u0151s\u00e9get?<\/h4>\n<p>Els\u0151sorban azoknak aj\u00e1nljuk, akik nagy mennyis\u00e9g\u0171 levelet k\u00fcldenek ki (p\u00e9ld\u00e1ul h\u00edrlevelet), vagy fontos \u00e9rtes\u00edt\u00e9seket k\u00fcldenek email-ben (p\u00e9ld\u00e1ul webshopok eset\u00e9ben a v\u00e1s\u00e1rl\u00e1si \u00e9rtes\u00edt\u0151k).<\/p>\n<h4 class=\"underline-deep-primary\">Miben t\u00e9r el a norm\u00e1l levez\u00e9st\u0151l?<\/h4>\n<p>M\u00edg a norm\u00e1l levelez\u00e9s mind\u00f6ssze egy szervere kereszt\u00fcl megy ki, addig a felh\u0151alap\u00fa lev\u00e9lk\u00fcld\u00e9s ak\u00e1r t\u00f6bb ezer szerver k\u00f6z\u00f6tt oszlik el. Ez az\u00e9rt nagyon fontos, mert a legt\u00f6bb szolg\u00e1ltat\u00f3 figyeli, hogy egy adott helyr\u0151l (szerverr\u0151l, IP-r\u0151l) egy adott id\u0151 alatt h\u00e1ny lev\u00e9l \u00e9rkezik.<\/p>\n<p>P\u00e9lda: Ha h\u00edrlevelet k\u00fcld\u00fcnk, akkor a Google figyeli, hogy mennyi lev\u00e9l \u00e9rkezik egy bizonyos id\u0151n bel\u00fcl. Teljesen \u00e9letszer\u0171, hogy kik\u00fcld\u00fcnk egy 5.000 db levelet \u00e9s abb\u00f3l a fele Gmail fi\u00f3kban landol. Ilyenkor a Google \u00e9rz\u00e9keli a nagy mennyis\u00e9g\u0171 levelet \u00e9s SPAM mapp\u00e1ba rakhatja mondjuk a lista fel\u00e9t\u0151l.<\/p>\n","protected":false},"excerpt":{"rendered":"<p>Pr\u00f3b\u00e1ld ki a speci\u00e1lis felh\u0151alap\u00fa pr\u00e9mium levelez\u00e9s szolg\u00e1ltat\u00e1sunkat \u00e9s felejtsd el a bosszankod\u00e1st az email-ek miatt. [&#8230;]<\/p>\n<p><a class=\"btn btn-secondary understrap-read-more-link\" href=\"https:\/\/hellowp.io\/hu\/t\/premium-felholevelezes\/\">Read More&#8230;<span class=\"screen-reader-text\"> from Pr\u00e9mium felh\u0151levelez\u00e9s &#8211; lev\u00e9lkik\u00fcld\u00e9s<\/span><\/a><\/p>\n","protected":false},"featured_media":6613,"comment_status":"open","ping_status":"closed","template":"","meta":{"_seopress_robots_primary_cat":"","_seopress_titles_title":"","_seopress_titles_desc":"Pr\u00f3b\u00e1ld ki a speci\u00e1lis felh\u0151alap\u00fa pr\u00e9mium levelez\u00e9s szolg\u00e1ltat\u00e1sunkat \u00e9s felejtsd el a bosszankod\u00e1st az email-ek miatt.","_seopress_robots_index":""},"product_brand":[],"product_cat":[104],"product_tag":[161,133],"class_list":{"0":"post-6608","1":"product","2":"type-product","3":"status-publish","4":"has-post-thumbnail","6":"product_cat-wordpress-tarhely","7":"product_tag-m","8":"product_tag-szolgaltatas","9":"wcpv_product_vendors-webmi-io","11":"first","12":"instock","13":"taxable","14":"shipping-taxable","15":"purchasable","16":"product-type-variable-subscription","17":"has-default-attributes"},"_links":{"self":[{"href":"https:\/\/hellowp.io\/hu\/wp-json\/wp\/v2\/product\/6608","targetHints":{"allow":["GET"]}}],"collection":[{"href":"https:\/\/hellowp.io\/hu\/wp-json\/wp\/v2\/product"}],"about":[{"href":"https:\/\/hellowp.io\/hu\/wp-json\/wp\/v2\/types\/product"}],"replies":[{"embeddable":true,"href":"https:\/\/hellowp.io\/hu\/wp-json\/wp\/v2\/comments?post=6608"}],"wp:featuredmedia":[{"embeddable":true,"href":"https:\/\/hellowp.io\/hu\/wp-json\/wp\/v2\/media\/6613"}],"wp:attachment":[{"href":"https:\/\/hellowp.io\/hu\/wp-json\/wp\/v2\/media?parent=6608"}],"wp:term":[{"taxonomy":"product_brand","embeddable":true,"href":"https:\/\/hellowp.io\/hu\/wp-json\/wp\/v2\/product_brand?post=6608"},{"taxonomy":"product_cat","embeddable":true,"href":"https:\/\/hellowp.io\/hu\/wp-json\/wp\/v2\/product_cat?post=6608"},{"taxonomy":"product_tag","embeddable":true,"href":"https:\/\/hellowp.io\/hu\/wp-json\/wp\/v2\/product_tag?post=6608"}],"curies":[{"name":"wp","href":"https:\/\/api.w.org\/{rel}","templated":true}]}}