{"id":63348,"date":"2020-12-14T17:29:15","date_gmt":"2020-12-14T16:29:15","guid":{"rendered":"https:\/\/hellowp.io\/hu\/?post_type=product&#038;p=63348"},"modified":"2023-03-17T15:58:43","modified_gmt":"2023-03-17T14:58:43","slug":"google-workspace","status":"publish","type":"product","link":"https:\/\/hellowp.io\/hu\/t\/google-workspace\/","title":{"rendered":"Korl\u00e1tlan Google Workspace &#8211; HelloWP csomag &#8211; 1 email c\u00edm"},"content":{"rendered":"<p>Figyelem! A HelloWP-s csomag egyedi, m\u00e1r nem lehet korl\u00e1tlan t\u00e1rhely\u0171 csomagot venni a Google-n\u00e9l.<\/p>\n<p><b>A csomag tartalma: <\/b>https:\/\/workspace.google.hu\/intl\/hu\/<\/p>\n<p>Figyelem! Erre a term\u00e9kre semmilyen kedvezm\u00e9nyt, kupont nem lehet felhaszn\u00e1lni! <\/p>\n","protected":false},"excerpt":{"rendered":"<p>Figyelem! A HelloWP-s csomag egyedi, m\u00e1r nem lehet korl\u00e1tlan t\u00e1rhely\u0171 csomagot venni a Google-n\u00e9l. A csomag tartalma: https:\/\/workspace.google.hu\/intl\/hu\/ Figyelem! Erre a term\u00e9kre semmilyen kedvezm\u00e9nyt, kupont nem lehet felhaszn\u00e1lni! [&#8230;]<\/p>\n<p><a class=\"btn btn-secondary understrap-read-more-link\" href=\"https:\/\/hellowp.io\/hu\/t\/google-workspace\/\">Read More&#8230;<span class=\"screen-reader-text\"> from Korl\u00e1tlan Google Workspace &#8211; HelloWP csomag &#8211; 1 email c\u00edm<\/span><\/a><\/p>\n","protected":false},"featured_media":8646,"comment_status":"open","ping_status":"closed","template":"","meta":{"_seopress_robots_primary_cat":"none","_seopress_titles_title":"","_seopress_titles_desc":"","_seopress_robots_index":"yes"},"product_brand":[],"product_cat":[113],"product_tag":[161,297],"class_list":{"0":"post-63348","1":"product","2":"type-product","3":"status-publish","4":"has-post-thumbnail","6":"product_cat-nevre-szolo-ajanlatok","7":"product_tag-m","8":"product_tag-x","10":"first","11":"instock","12":"downloadable","13":"virtual","14":"taxable","15":"purchasable","16":"product-type-subscription"},"_links":{"self":[{"href":"https:\/\/hellowp.io\/hu\/wp-json\/wp\/v2\/product\/63348","targetHints":{"allow":["GET"]}}],"collection":[{"href":"https:\/\/hellowp.io\/hu\/wp-json\/wp\/v2\/product"}],"about":[{"href":"https:\/\/hellowp.io\/hu\/wp-json\/wp\/v2\/types\/product"}],"replies":[{"embeddable":true,"href":"https:\/\/hellowp.io\/hu\/wp-json\/wp\/v2\/comments?post=63348"}],"wp:featuredmedia":[{"embeddable":true,"href":"https:\/\/hellowp.io\/hu\/wp-json\/wp\/v2\/media\/8646"}],"wp:attachment":[{"href":"https:\/\/hellowp.io\/hu\/wp-json\/wp\/v2\/media?parent=63348"}],"wp:term":[{"taxonomy":"product_brand","embeddable":true,"href":"https:\/\/hellowp.io\/hu\/wp-json\/wp\/v2\/product_brand?post=63348"},{"taxonomy":"product_cat","embeddable":true,"href":"https:\/\/hellowp.io\/hu\/wp-json\/wp\/v2\/product_cat?post=63348"},{"taxonomy":"product_tag","embeddable":true,"href":"https:\/\/hellowp.io\/hu\/wp-json\/wp\/v2\/product_tag?post=63348"}],"curies":[{"name":"wp","href":"https:\/\/api.w.org\/{rel}","templated":true}]}}