{"id":62742,"date":"2020-12-05T08:57:30","date_gmt":"2020-12-05T07:57:30","guid":{"rendered":"https:\/\/hellowp.io\/hu\/?post_type=product&#038;p=62742"},"modified":"2021-02-17T14:42:42","modified_gmt":"2021-02-17T13:42:42","slug":"woocommerce-bankkartyas-fizetes-telepites","status":"publish","type":"product","link":"https:\/\/hellowp.io\/hu\/t\/woocommerce-bankkartyas-fizetes-telepites\/","title":{"rendered":"WooCommerce bankk\u00e1rty\u00e1s fizet\u00e9s + telep\u00edt\u00e9s"},"content":{"rendered":"<p>Szeretn\u00e9l a WooCommerce oldaladra bankk\u00e1rty\u00e1s fizet\u00e9st? Mi az ingyenes Paylike-ot, vagy a Stripe-ot javasoljuk, de ha mindenk\u00e9ppen magyar szolg\u00e1ltat\u00f3t szeretn\u00e9l v\u00e1lasztani, akkor a k\u00f6vetkez\u0151 bankokkal val\u00f3 \u00f6sszek\u00f6t\u00e9sben tudunk seg\u00edteni neked: SimplePay (OTP), CIB Bank, K&amp;H Bank, Unicredit Bank, B-Payment (Borgun)<\/p>\n","protected":false},"excerpt":{"rendered":"<p>Szeretn\u00e9l a WooCommerce oldaladra bankk\u00e1rty\u00e1s fizet\u00e9st? Mi az ingyenes Paylike-ot, vagy a Stripe-ot javasoljuk, de ha mindenk\u00e9ppen magyar szolg\u00e1ltat\u00f3t szeretn\u00e9l v\u00e1lasztani, akkor a k\u00f6vetkez\u0151 bankokkal val\u00f3 \u00f6sszek\u00f6t\u00e9sben tudunk seg\u00edteni neked: SimplePay (OTP), CIB Bank, K&amp;H Bank, Unicredit Bank, B-Payment (Borgun) [&#8230;]<\/p>\n<p><a class=\"btn btn-secondary understrap-read-more-link\" href=\"https:\/\/hellowp.io\/hu\/t\/woocommerce-bankkartyas-fizetes-telepites\/\">Read More&#8230;<span class=\"screen-reader-text\"> from WooCommerce bankk\u00e1rty\u00e1s fizet\u00e9s + telep\u00edt\u00e9s<\/span><\/a><\/p>\n","protected":false},"featured_media":62744,"comment_status":"open","ping_status":"closed","template":"","meta":{"_seopress_robots_primary_cat":"none","_seopress_titles_title":"","_seopress_titles_desc":"","_seopress_robots_index":""},"product_brand":[],"product_cat":[35],"product_tag":[],"class_list":{"0":"post-62742","1":"product","2":"type-product","3":"status-publish","4":"has-post-thumbnail","6":"product_cat-fizetesi-eszkozok-es-megoldasok","8":"first","9":"instock","10":"virtual","11":"taxable","12":"purchasable","13":"product-type-subscription"},"_links":{"self":[{"href":"https:\/\/hellowp.io\/hu\/wp-json\/wp\/v2\/product\/62742","targetHints":{"allow":["GET"]}}],"collection":[{"href":"https:\/\/hellowp.io\/hu\/wp-json\/wp\/v2\/product"}],"about":[{"href":"https:\/\/hellowp.io\/hu\/wp-json\/wp\/v2\/types\/product"}],"replies":[{"embeddable":true,"href":"https:\/\/hellowp.io\/hu\/wp-json\/wp\/v2\/comments?post=62742"}],"wp:featuredmedia":[{"embeddable":true,"href":"https:\/\/hellowp.io\/hu\/wp-json\/wp\/v2\/media\/62744"}],"wp:attachment":[{"href":"https:\/\/hellowp.io\/hu\/wp-json\/wp\/v2\/media?parent=62742"}],"wp:term":[{"taxonomy":"product_brand","embeddable":true,"href":"https:\/\/hellowp.io\/hu\/wp-json\/wp\/v2\/product_brand?post=62742"},{"taxonomy":"product_cat","embeddable":true,"href":"https:\/\/hellowp.io\/hu\/wp-json\/wp\/v2\/product_cat?post=62742"},{"taxonomy":"product_tag","embeddable":true,"href":"https:\/\/hellowp.io\/hu\/wp-json\/wp\/v2\/product_tag?post=62742"}],"curies":[{"name":"wp","href":"https:\/\/api.w.org\/{rel}","templated":true}]}}