{"id":62708,"date":"2020-12-04T17:05:17","date_gmt":"2020-12-04T16:05:17","guid":{"rendered":"https:\/\/hellowp.io\/hu\/?post_type=product&#038;p=62708"},"modified":"2023-03-22T11:17:49","modified_gmt":"2023-03-22T10:17:49","slug":"google-shopping-google-vasarlas-osszekotese-woocommerce-el","status":"publish","type":"product","link":"https:\/\/hellowp.io\/hu\/t\/google-shopping-google-vasarlas-osszekotese-woocommerce-el\/","title":{"rendered":"Google Shopping &#8211; Google v\u00e1s\u00e1rl\u00e1s \u00f6sszek\u00f6t\u00e9se WooCommerce-el"},"content":{"rendered":"<p>Szeretn\u00e9d \u00f6sszek\u00f6tni WooCommerce web\u00e1ruh\u00e1zadat a Google Shopping &#8211; Google V\u00e1s\u00e1rl\u00e1s rendszer\u00e9vel? K\u00f6nnyed\u00e9n megoldjuk neked!<\/p>\n","protected":false},"excerpt":{"rendered":"<p>Szeretn\u00e9d \u00f6sszek\u00f6tni WooCommerce web\u00e1ruh\u00e1zadat a Google Shopping &#8211; Google V\u00e1s\u00e1rl\u00e1s rendszer\u00e9vel? K\u00f6nnyed\u00e9n megoldjuk neked! [&#8230;]<\/p>\n<p><a class=\"btn btn-secondary understrap-read-more-link\" href=\"https:\/\/hellowp.io\/hu\/t\/google-shopping-google-vasarlas-osszekotese-woocommerce-el\/\">Read More&#8230;<span class=\"screen-reader-text\"> from Google Shopping &#8211; Google v\u00e1s\u00e1rl\u00e1s \u00f6sszek\u00f6t\u00e9se WooCommerce-el<\/span><\/a><\/p>\n","protected":false},"featured_media":6198,"comment_status":"open","ping_status":"closed","template":"","meta":{"_seopress_robots_primary_cat":"none","_seopress_titles_title":"","_seopress_titles_desc":"","_seopress_robots_index":""},"product_brand":[],"product_cat":[36],"product_tag":[102,103,161,133],"class_list":{"0":"post-62708","1":"product","2":"type-product","3":"status-publish","4":"has-post-thumbnail","6":"product_cat-hatekonysagnoveles","7":"product_tag-google-shopping","8":"product_tag-google-vasarlas","9":"product_tag-m","10":"product_tag-szolgaltatas","11":"wcpv_product_vendors-marketing-csapat","13":"first","14":"instock","15":"downloadable","16":"virtual","17":"purchasable","18":"product-type-simple"},"_links":{"self":[{"href":"https:\/\/hellowp.io\/hu\/wp-json\/wp\/v2\/product\/62708","targetHints":{"allow":["GET"]}}],"collection":[{"href":"https:\/\/hellowp.io\/hu\/wp-json\/wp\/v2\/product"}],"about":[{"href":"https:\/\/hellowp.io\/hu\/wp-json\/wp\/v2\/types\/product"}],"replies":[{"embeddable":true,"href":"https:\/\/hellowp.io\/hu\/wp-json\/wp\/v2\/comments?post=62708"}],"wp:featuredmedia":[{"embeddable":true,"href":"https:\/\/hellowp.io\/hu\/wp-json\/wp\/v2\/media\/6198"}],"wp:attachment":[{"href":"https:\/\/hellowp.io\/hu\/wp-json\/wp\/v2\/media?parent=62708"}],"wp:term":[{"taxonomy":"product_brand","embeddable":true,"href":"https:\/\/hellowp.io\/hu\/wp-json\/wp\/v2\/product_brand?post=62708"},{"taxonomy":"product_cat","embeddable":true,"href":"https:\/\/hellowp.io\/hu\/wp-json\/wp\/v2\/product_cat?post=62708"},{"taxonomy":"product_tag","embeddable":true,"href":"https:\/\/hellowp.io\/hu\/wp-json\/wp\/v2\/product_tag?post=62708"}],"curies":[{"name":"wp","href":"https:\/\/api.w.org\/{rel}","templated":true}]}}