{"id":60928,"date":"2020-11-19T10:16:04","date_gmt":"2020-11-19T09:16:04","guid":{"rendered":"https:\/\/hellowp.io\/hu\/?post_type=product&#038;p=60928"},"modified":"2023-02-21T19:35:08","modified_gmt":"2023-02-21T18:35:08","slug":"ingyenes-black-friday-fekete-pentek-grafikai-anyagok","status":"publish","type":"product","link":"https:\/\/hellowp.io\/hu\/t\/ingyenes-black-friday-fekete-pentek-grafikai-anyagok\/","title":{"rendered":"Ingyenes Black Friday (Fekete p\u00e9ntek) grafikai anyagok"},"content":{"rendered":"<p><strong>Id\u00e9n november 27-\u00e9n lesz a Black Friday (Fekete p\u00e9ntek).<\/strong> Feldobn\u00e1d a weboldaladat grafikai anyagokkal? Most ingyenesen let\u00f6ltheted \u00e9s haszn\u00e1lhatod ezt a vektoros k\u00e9pekb\u0151l \u00e1ll\u00f3 csomagot, amit \u00f6ssze\u00e1ll\u00edtottunk neked.<\/p>\n<div class=\"bd-fontos tudtad\">\n<p>A fekete p\u00e9ntek (eredeti, angol nev\u00e9n Black Friday) a h\u00e1laad\u00e1st k\u00f6vet\u0151 p\u00e9ntek elnevez\u00e9se az Egyes\u00fclt \u00c1llamokban, amely ott n\u00e9h\u00e1ny \u00e9vtizede hagyom\u00e1nyosan a kar\u00e1csonyi bev\u00e1s\u00e1rl\u00e1si szezon kezdete. A kifejez\u00e9s 1966-ban keletkezett, haszn\u00e1lata 2009-re v\u00e1lt \u00e1ltal\u00e1noss\u00e1. Mivel a h\u00e1laad\u00e1s az Egyes\u00fclt \u00c1llamokban november negyedik cs\u00fct\u00f6rt\u00f6k\u00e9re esik, a fekete p\u00e9ntek \u00edgy november 23-29. k\u00f6z\u00e9 esik. Magyarorsz\u00e1gon els\u0151 alkalommal 2014. november 28-\u00e1n tartott\u00e1k meg a kiskereskedelemben a Black Friday nev\u0171 akci\u00f3t, amelyen \u00e1tlagon fel\u00fcli \u00e1rkedvezm\u00e9nyeket k\u00edn\u00e1lnak a v\u00e1s\u00e1rl\u00f3knak.<\/p>\n<\/div>\n<p><strong>A csomag tartalma:<\/strong> bannerek, kiadv\u00e1nyok, h\u00e1tt\u00e9rk\u00e9pek \u00e9s egy\u00e9b grafik\u00e1k.<\/p>\n<p>\u00d6sszesen 50 k\u00e9pet kapsz t\u0151l\u00fcnk, PSD, SVG, AI \u00e9s EPS form\u00e1tumban. A k\u00e9pek m\u00e9rete 1.72 GB.<\/p>\n<p><strong>Mit\u00a0<u>tehetsz<\/u> a k\u00e9pekkel?<\/strong><\/p>\n<ul>\n<li>Korl\u00e1tlan ideig haszn\u00e1lhatod<\/li>\n<li>Korl\u00e1tlan weboldalon haszn\u00e1lhatod<\/li>\n<\/ul>\n<p><strong>Mit\u00a0<u>nem tehetsz<\/u> a k\u00e9pekkel?<\/strong><\/p>\n<ul>\n<li>Nem adhatod el!<\/li>\n<li>Nem oszthatod meg nyilv\u00e1nos helyeken!<\/li>\n<\/ul>\n","protected":false},"excerpt":{"rendered":"<p>Id\u00e9n november 27-\u00e9n lesz a Black Friday (Fekete p\u00e9ntek). Feldobn\u00e1d a weboldaladat grafikai anyagokkal? Most ingyenesen let\u00f6ltheted \u00e9s haszn\u00e1lhatod ezt a vektoros k\u00e9pekb\u0151l \u00e1ll\u00f3 csomagot, amit \u00f6ssze\u00e1ll\u00edtottunk neked. A fekete p\u00e9ntek (eredeti, angol nev\u00e9n Black Friday) a h\u00e1laad\u00e1st k\u00f6vet\u0151 p\u00e9ntek elnevez\u00e9se az Egyes\u00fclt \u00c1llamokban, amely ott n\u00e9h\u00e1ny \u00e9vtizede hagyom\u00e1nyosan a kar\u00e1csonyi bev\u00e1s\u00e1rl\u00e1si szezon kezdete. A [&#8230;]<\/p>\n<p><a class=\"btn btn-secondary understrap-read-more-link\" href=\"https:\/\/hellowp.io\/hu\/t\/ingyenes-black-friday-fekete-pentek-grafikai-anyagok\/\">Read More&#8230;<span class=\"screen-reader-text\"> from Ingyenes Black Friday (Fekete p\u00e9ntek) grafikai anyagok<\/span><\/a><\/p>\n","protected":false},"featured_media":60932,"comment_status":"open","ping_status":"closed","template":"","meta":{"_seopress_robots_primary_cat":"none","_seopress_titles_title":"","_seopress_titles_desc":"Dobd fel a weboldaladat Black Friday grafik\u00e1kkal, bannerekkel.\u00a0","_seopress_robots_index":""},"product_brand":[],"product_cat":[55],"product_tag":[160],"class_list":{"0":"post-60928","1":"product","2":"type-product","3":"status-publish","4":"has-post-thumbnail","6":"product_cat-ingyenes","7":"product_tag-d","9":"first","10":"instock","11":"downloadable","12":"virtual","13":"taxable","14":"purchasable","15":"product-type-simple"},"_links":{"self":[{"href":"https:\/\/hellowp.io\/hu\/wp-json\/wp\/v2\/product\/60928","targetHints":{"allow":["GET"]}}],"collection":[{"href":"https:\/\/hellowp.io\/hu\/wp-json\/wp\/v2\/product"}],"about":[{"href":"https:\/\/hellowp.io\/hu\/wp-json\/wp\/v2\/types\/product"}],"replies":[{"embeddable":true,"href":"https:\/\/hellowp.io\/hu\/wp-json\/wp\/v2\/comments?post=60928"}],"wp:featuredmedia":[{"embeddable":true,"href":"https:\/\/hellowp.io\/hu\/wp-json\/wp\/v2\/media\/60932"}],"wp:attachment":[{"href":"https:\/\/hellowp.io\/hu\/wp-json\/wp\/v2\/media?parent=60928"}],"wp:term":[{"taxonomy":"product_brand","embeddable":true,"href":"https:\/\/hellowp.io\/hu\/wp-json\/wp\/v2\/product_brand?post=60928"},{"taxonomy":"product_cat","embeddable":true,"href":"https:\/\/hellowp.io\/hu\/wp-json\/wp\/v2\/product_cat?post=60928"},{"taxonomy":"product_tag","embeddable":true,"href":"https:\/\/hellowp.io\/hu\/wp-json\/wp\/v2\/product_tag?post=60928"}],"curies":[{"name":"wp","href":"https:\/\/api.w.org\/{rel}","templated":true}]}}