{"id":60448,"date":"2020-11-09T12:05:51","date_gmt":"2020-11-09T11:05:51","guid":{"rendered":"https:\/\/hellowp.io\/hu\/?post_type=product&#038;p=60448"},"modified":"2025-10-27T12:30:44","modified_gmt":"2025-10-27T10:30:44","slug":"hellobistro-bufe-bar-etterem-weboldal-etelrendeles","status":"publish","type":"product","link":"https:\/\/hellowp.io\/hu\/t\/hellobistro-bufe-bar-etterem-weboldal-etelrendeles\/","title":{"rendered":"HelloBistro &#8211; B\u00fcf\u00e9\/b\u00e1r\/\u00e9tterem weboldal + \u00e9telrendel\u00e9s"},"content":{"rendered":"<p><strong>Komplett b\u00fcf\u00e9\/b\u00e1r\/\u00e9tterem webshop, teljesen haszn\u00e1latra k\u00e9szen. Nem ig\u00e9nyel fejleszt\u00e9st, csak a tartalmakat kell felt\u00f6ltened \u00e9s m\u00e1r indulhat is.<\/strong><\/p>\n<p><strong><u>Az eg\u00e9sz oldal kezel\u00e9se nagyon egyszer\u0171<\/u>,<\/strong> hiszen DIVI szerkeszt\u0151vel k\u00e9sz\u00fclt, teh\u00e1t b\u00e1rmikor (k\u00fcl\u00f6n\u00f6sebb szak\u00e9rtelem n\u00e9lk\u00fcl) tudod m\u00f3dos\u00edtani, szerkeszteni az oldal \u00f6sszes r\u00e9sz\u00e9t.<\/p>\n<p>A fejleszt\u00e9s \u00e9s szerkeszt\u00e9s sor\u00e1n arra t\u00f6rekedt\u00fcnk, hogy a lehet\u0151 legjobb eredm\u00e9nyeket \u00e9rj el az oldallal a Google-ben. Betartottuk a Google \u00e1ltal fel\u00e1ll\u00edtott aj\u00e1nl\u00e1sokat, szab\u00e1lyokat, illetve \u00fagy optimaliz\u00e1ltuk az oldalt, hogy a gyors legyen mobilon \u00e9s sz\u00e1m\u00edt\u00f3g\u00e9pen egyar\u00e1nt, a bet\u00f6lt\u00e9si sebess\u00e9g kevesebb, mint f\u00e9l m\u00e1sodperc (\u00e1tlagosan 429 ms alatt t\u00f6lt be az oldalt), ami <strong>hihetetlen\u00fcl gyors<\/strong>!<\/p>\n<p><strong>Mit <u>tartalmaz<\/u> az aj\u00e1nlat?<\/strong><\/p>\n<ul>\n<li>A <strong>teljes megjelen\u00e9st<\/strong>, a komplett weboldalt<\/li>\n<\/ul>\n<p><strong>Milyen <u>aj\u00e1nd\u00e9kokat<\/u> kapok?<\/strong><\/p>\n<ul>\n<li>A felhaszn\u00e1lt <strong>\u00f6sszes k\u00e9pet<\/strong><\/li>\n<li><strong>LOGO-t vektoros form\u00e1tumban<\/strong> (PDF, AI)<\/li>\n<li>\u00f6r\u00f6k\u00e9let DIVI licenset ($249, kb. 69 650 Ft \u00e9rt\u00e9kben)<\/li>\n<\/ul>\n<p><strong>Hogyan kapom meg az oldalt?<\/strong><\/p>\n<p>Adunk hozz\u00e1 neked egy k\u00f6nnyen kezelhet\u0151 (hozz\u00e1\u00e9rt\u00e9s n\u00e9lk\u00fcl is) telep\u00edt\u0151t, amivel <u>maximum 5 perc a teljes telep\u00edt\u00e9s<\/u>.<\/p>\n<p>Term\u00e9szetesen ingyenesen telep\u00edtj\u00fck, ha k\u00fcl\u00f6n k\u00e9red.<\/p>\n<p><u>A telep\u00edt\u00e9se nagyon egyszer\u0171, p\u00e1r percet vesz ig\u00e9nybe.<\/u><\/p>\n<p><strong>Mi t\u00f6rt\u00e9nik v\u00e1s\u00e1rl\u00e1s ut\u00e1n?<\/strong><\/p>\n<p>A v\u00e1s\u00e1rl\u00e1s ut\u00e1n koll\u00e9g\u00e1nk felkeres email-ben, vagy telefonon \u00e9s ha szeretn\u00e9d seg\u00edt\u00fcnk a weboldal kezdeti telep\u00edt\u00e9s\u00e9ben\/be\u00e1ll\u00edt\u00e1s\u00e1ban.<\/p>\n<p><strong>Mit tehetek az oldallal?<\/strong><\/p>\n<ul>\n<li>Korl\u00e1tlan ideig haszn\u00e1lhatod<\/li>\n<li>Korl\u00e1tlan weboldalon haszn\u00e1lhatod<\/li>\n<li>\u00dcgyfeleiddel szabadon megoszthatod\/eladhatod<\/li>\n<\/ul>\n<p><strong>A weboldal tartalmazza az \u00f6sszes license \u00e9s be\u00e1ll\u00edt\u00e1si k\u00f6lts\u00e9get.<\/strong><\/p>\n","protected":false},"excerpt":{"rendered":"<p>B\u00fcf\u00e9\/b\u00e1r\/\u00e9tterem weboldal + \u00e9telrendel\u00e9s + k\u00e1rty\u00e1sfizet\u00e9s [&#8230;]<\/p>\n<p><a class=\"btn btn-secondary understrap-read-more-link\" href=\"https:\/\/hellowp.io\/hu\/t\/hellobistro-bufe-bar-etterem-weboldal-etelrendeles\/\">Read More&#8230;<span class=\"screen-reader-text\"> from HelloBistro &#8211; B\u00fcf\u00e9\/b\u00e1r\/\u00e9tterem weboldal + \u00e9telrendel\u00e9s<\/span><\/a><\/p>\n","protected":false},"featured_media":60449,"comment_status":"open","ping_status":"closed","template":"","meta":{"_seopress_robots_primary_cat":"none","_seopress_titles_title":"","_seopress_titles_desc":"","_seopress_robots_index":""},"product_brand":[],"product_cat":[26,117],"product_tag":[88,160,164,165,115],"class_list":{"0":"post-60448","1":"product","2":"type-product","3":"status-publish","4":"has-post-thumbnail","6":"product_cat-komplett-weboldal","7":"product_cat-komplett-webshopok","8":"product_tag-coach-weboldal","9":"product_tag-d","10":"product_tag-divi","11":"product_tag-etterem","12":"product_tag-webshop","14":"first","15":"instock","16":"sale","17":"downloadable","18":"virtual","19":"taxable","20":"purchasable","21":"product-type-simple"},"_links":{"self":[{"href":"https:\/\/hellowp.io\/hu\/wp-json\/wp\/v2\/product\/60448","targetHints":{"allow":["GET"]}}],"collection":[{"href":"https:\/\/hellowp.io\/hu\/wp-json\/wp\/v2\/product"}],"about":[{"href":"https:\/\/hellowp.io\/hu\/wp-json\/wp\/v2\/types\/product"}],"replies":[{"embeddable":true,"href":"https:\/\/hellowp.io\/hu\/wp-json\/wp\/v2\/comments?post=60448"}],"wp:featuredmedia":[{"embeddable":true,"href":"https:\/\/hellowp.io\/hu\/wp-json\/wp\/v2\/media\/60449"}],"wp:attachment":[{"href":"https:\/\/hellowp.io\/hu\/wp-json\/wp\/v2\/media?parent=60448"}],"wp:term":[{"taxonomy":"product_brand","embeddable":true,"href":"https:\/\/hellowp.io\/hu\/wp-json\/wp\/v2\/product_brand?post=60448"},{"taxonomy":"product_cat","embeddable":true,"href":"https:\/\/hellowp.io\/hu\/wp-json\/wp\/v2\/product_cat?post=60448"},{"taxonomy":"product_tag","embeddable":true,"href":"https:\/\/hellowp.io\/hu\/wp-json\/wp\/v2\/product_tag?post=60448"}],"curies":[{"name":"wp","href":"https:\/\/api.w.org\/{rel}","templated":true}]}}