{"id":55454,"date":"2020-09-02T08:05:01","date_gmt":"2020-09-02T07:05:01","guid":{"rendered":"https:\/\/hellowp.io\/hu\/?post_type=product&#038;p=55454"},"modified":"2025-07-28T08:29:13","modified_gmt":"2025-07-28T07:29:13","slug":"becsuletkasszas-altalanos-felnottkepzesi-szerzodes-kepzesi-feltetelek-minta","status":"publish","type":"product","link":"https:\/\/hellowp.io\/hu\/t\/becsuletkasszas-altalanos-felnottkepzesi-szerzodes-kepzesi-feltetelek-minta\/","title":{"rendered":"Becs\u00fcletkassz\u00e1s \u00e1ltal\u00e1nos FELN\u0150TTK\u00c9PZ\u00c9SI SZERZ\u0150D\u00c9S\/K\u00c9PZ\u00c9SI FELT\u00c9TELEK minta"},"content":{"rendered":"<p>K\u00f6zz\u00e9tett\u00fcnk egy <strong>HALLGAT\u00d3I K\u00c9PZ\u00c9SI FELT\u00c9TELEK<\/strong> mint\u00e1t, hogy neked m\u00e1r ne kelljen bajl\u00f3dni vele.<\/p>\n<p><strong>A v\u00e1s\u00e1rl\u00e1s ut\u00e1n kapsz egy k\u00e9sz dokumentumot (9 A4-es terjedelm\u0171), amit let\u00f6lthetsz \u00e9s csak annyi a dolgod, hogy a <span class=\"has-background-warning\">S\u00c1RGA H\u00c1TTER\u0170<\/span> r\u00e9szeket \u00e9rtelemszer\u0171en kit\u00f6lt\u00f6d.<\/strong><\/p>\n<p><span class=\"underline underline-3 underline-warning\"><strong>Mikor van erre sz\u00fcks\u00e9ged?<\/strong><\/span><\/p>\n<ul>\n<li><strong>Amennyiben online oktatsz, b\u00e1rmit \u00e9s b\u00e1rkinek, ahol interakci\u00f3 van <\/strong>(teh\u00e1t visszak\u00e9rdezhet a tanul\u00f3 \u00e9s te is v\u00e1laszolhatsz neki), akkor erre sz\u00fcks\u00e9ged van!<\/li>\n<\/ul>\n<h4 class=\"h4 underline-deep-primary\">Mit tartalmaz a dokumentum?<\/h4>\n<ul>\n<li>Szolg\u00e1ltat\u00f3 adatai<\/li>\n<li>Megrendel\u0151<\/li>\n<li>Hallgat\u00f3<\/li>\n<li>Adatkezel\u00e9si szab\u00e1lyok<\/li>\n<li>Szolg\u00e1ltat\u00e1s r\u00e9szletei \/ oktat\u00f3anyagok<\/li>\n<li>Megrendel\u00e9s\/jelentkez\u00e9s folyamata<\/li>\n<li>A tanfolyam d\u00edja\/k\u00f6lts\u00e9ge<\/li>\n<li>Szolg\u00e1ltat\u00f3 jogai, k\u00f6telezetts\u00e9gei<\/li>\n<li>Hallgat\u00f3 jogai \u00e9s k\u00f6telezetts\u00e9gei<\/li>\n<li>El\u00e1ll\u00e1si jog<\/li>\n<li>Titoktart\u00e1s<\/li>\n<li>Panaszkezel\u00e9s<\/li>\n<li>Szerz\u0151i jogok<\/li>\n<\/ul>\n<h5 class=\"underline-deep-success\">Mit tehetsz a mint\u00e1val?<\/h5>\n<ul>\n<li>Korl\u00e1tlan ideig haszn\u00e1lhatod<\/li>\n<li>1 weboldalon haszn\u00e1lhatod<\/li>\n<\/ul>\n<h5 class=\"underline-deep-danger\">Mit nem tehetsz a mint\u00e1val?<\/h5>\n<ul>\n<li>Nem adhatod el!<\/li>\n<\/ul>\n<p><strong>Az \u00e1r tartalmazza az esetleges jogv\u00e1ltoz\u00e1s \u00e9s ut\u00e1nk\u00f6vet\u00e9s \u00e1r\u00e1t is, amelyr\u0151l email-ben \u00e9rtes\u00edtj\u00fck a v\u00e1s\u00e1rl\u00f3kat.  <\/strong>Jelen dokumentum csup\u00e1n \u00fatmutat\u00f3k\u00e9nt szolg\u00e1l. Semmilyen felel\u0151ss\u00e9get nem v\u00e1llalunk a haszn\u00e1lat\u00e9rt. Amennyiben szem\u00e9lyre szabott hallgat\u00f3i felt\u00e9teleket\/szerz\u0151d\u00e9st szeretn\u00e9l a weboldaladra k\u00e9rj\u00fck, keress fel egy internetes jog\u00e1szt, szakembert.<\/p>\n","protected":false},"excerpt":{"rendered":"<p><strong><u>Mondd meg te, hogy mennyit szeretn\u00e9l fizetni!<\/u><\/strong><\/p>\n<p>Tudtad, hogy egy ilyen dokumentumot kb. 250.000-450.000 Ft-\u00e9rt k\u00e9sz\u00edtenek \u00fcgyv\u00e9dek? [&#8230;]<\/p>\n<p><a class=\"btn btn-secondary understrap-read-more-link\" href=\"https:\/\/hellowp.io\/hu\/t\/becsuletkasszas-altalanos-felnottkepzesi-szerzodes-kepzesi-feltetelek-minta\/\">Read More&#8230;<span class=\"screen-reader-text\"> from Becs\u00fcletkassz\u00e1s \u00e1ltal\u00e1nos FELN\u0150TTK\u00c9PZ\u00c9SI SZERZ\u0150D\u00c9S\/K\u00c9PZ\u00c9SI FELT\u00c9TELEK minta<\/span><\/a><\/p>\n","protected":false},"featured_media":55457,"comment_status":"open","ping_status":"closed","template":"","meta":{"_seopress_robots_primary_cat":"none","_seopress_titles_title":"","_seopress_titles_desc":"Online oktatsz? Lehet, hogy t\u00e9ged is \u00e9rint a v\u00e1ltoz\u00e1s! ","_seopress_robots_index":""},"product_brand":[],"product_cat":[98],"product_tag":[154,152,161,153],"class_list":{"0":"post-55454","1":"product","2":"type-product","3":"status-publish","4":"has-post-thumbnail","6":"product_cat-becsuletkasszas-termek","7":"product_tag-hallgatoi-aszf","8":"product_tag-hallgatoi-nyilatkozat","9":"product_tag-m","10":"product_tag-online-oktatas-aszf","11":"wcpv_product_vendors-zanko-bianka","13":"first","14":"instock","15":"downloadable","16":"virtual","17":"taxable","18":"purchasable","19":"product-type-simple"},"_links":{"self":[{"href":"https:\/\/hellowp.io\/hu\/wp-json\/wp\/v2\/product\/55454","targetHints":{"allow":["GET"]}}],"collection":[{"href":"https:\/\/hellowp.io\/hu\/wp-json\/wp\/v2\/product"}],"about":[{"href":"https:\/\/hellowp.io\/hu\/wp-json\/wp\/v2\/types\/product"}],"replies":[{"embeddable":true,"href":"https:\/\/hellowp.io\/hu\/wp-json\/wp\/v2\/comments?post=55454"}],"wp:featuredmedia":[{"embeddable":true,"href":"https:\/\/hellowp.io\/hu\/wp-json\/wp\/v2\/media\/55457"}],"wp:attachment":[{"href":"https:\/\/hellowp.io\/hu\/wp-json\/wp\/v2\/media?parent=55454"}],"wp:term":[{"taxonomy":"product_brand","embeddable":true,"href":"https:\/\/hellowp.io\/hu\/wp-json\/wp\/v2\/product_brand?post=55454"},{"taxonomy":"product_cat","embeddable":true,"href":"https:\/\/hellowp.io\/hu\/wp-json\/wp\/v2\/product_cat?post=55454"},{"taxonomy":"product_tag","embeddable":true,"href":"https:\/\/hellowp.io\/hu\/wp-json\/wp\/v2\/product_tag?post=55454"}],"curies":[{"name":"wp","href":"https:\/\/api.w.org\/{rel}","templated":true}]}}