{"id":5472,"date":"2019-05-14T11:21:34","date_gmt":"2019-05-14T10:21:34","guid":{"rendered":"https:\/\/hellowp.io\/hu\/?post_type=product&#038;p=5472"},"modified":"2020-09-29T17:51:13","modified_gmt":"2020-09-29T16:51:13","slug":"ssl-beallitas-teljes-ugyintezes","status":"publish","type":"product","link":"https:\/\/hellowp.io\/hu\/t\/ssl-beallitas-teljes-ugyintezes\/","title":{"rendered":"SSL be\u00e1ll\u00edt\u00e1s + teljes \u00fcgyint\u00e9z\u00e9s"},"content":{"rendered":"<p>Az SSL tan\u00fas\u00edtv\u00e1ny megl\u00e9te ma m\u00e1r minden weboldal \u00e9s webshop eset\u00e9n elv\u00e1r\u00e1s! S\u0151t ak\u00e1r el\u0151ny\u00f6ket is jelenthet sz\u00e1modra, hiszen a Google el\u0151nyben r\u00e9szes\u00edti a HTTPS-el rendelkez\u0151 weboldalakat.<\/p>\n<p>Seg\u00edt\u00fcnk be\u00e1ll\u00edtani a WordPress oldaladon az SSL-t, illetve visszamen\u0151leg is \u00e1t\u00edrjuk a linkeket a tartalmakban. Ez nagyon fontos, hiszen, ha nincs \u00e1t\u00edrva megfelel\u0151en, akkor &#8222;Nem biztons\u00e1gos&#8221; jelz\u0151t kap a b\u00f6ng\u00e9sz\u0151kben m\u00e9g akkor is, ha egy\u00e9bk\u00e9nt be van \u00e1ll\u00edtva az SSL.<\/p>\n","protected":false},"excerpt":{"rendered":"<p>Az SSL tan\u00fas\u00edtv\u00e1ny megl\u00e9te ma m\u00e1r minden weboldal \u00e9s webshop eset\u00e9n elv\u00e1r\u00e1s! S\u0151t ak\u00e1r el\u0151ny\u00f6ket is jelenthet sz\u00e1modra, hiszen a Google el\u0151nyben r\u00e9szes\u00edti a HTTPS-el rendelkez\u0151 weboldalakat. Seg\u00edt\u00fcnk be\u00e1ll\u00edtani a WordPress oldaladon az SSL-t, illetve visszamen\u0151leg is \u00e1t\u00edrjuk a linkeket a tartalmakban. Ez nagyon fontos, hiszen, ha nincs \u00e1t\u00edrva megfelel\u0151en, akkor &#8222;Nem biztons\u00e1gos&#8221; jelz\u0151t kap [&#8230;]<\/p>\n<p><a class=\"btn btn-secondary understrap-read-more-link\" href=\"https:\/\/hellowp.io\/hu\/t\/ssl-beallitas-teljes-ugyintezes\/\">Read More&#8230;<span class=\"screen-reader-text\"> from SSL be\u00e1ll\u00edt\u00e1s + teljes \u00fcgyint\u00e9z\u00e9s<\/span><\/a><\/p>\n","protected":false},"featured_media":5481,"comment_status":"open","ping_status":"closed","template":"","meta":{"_seopress_robots_primary_cat":"none","_seopress_titles_title":"","_seopress_titles_desc":"","_seopress_robots_index":""},"product_brand":[],"product_cat":[17],"product_tag":[161],"class_list":{"0":"post-5472","1":"product","2":"type-product","3":"status-publish","4":"has-post-thumbnail","6":"product_cat-biztonsag","7":"product_tag-m","8":"wcpv_product_vendors-toth-gabor","10":"first","11":"instock","12":"taxable","13":"shipping-taxable","14":"purchasable","15":"product-type-variable","16":"has-default-attributes"},"_links":{"self":[{"href":"https:\/\/hellowp.io\/hu\/wp-json\/wp\/v2\/product\/5472","targetHints":{"allow":["GET"]}}],"collection":[{"href":"https:\/\/hellowp.io\/hu\/wp-json\/wp\/v2\/product"}],"about":[{"href":"https:\/\/hellowp.io\/hu\/wp-json\/wp\/v2\/types\/product"}],"replies":[{"embeddable":true,"href":"https:\/\/hellowp.io\/hu\/wp-json\/wp\/v2\/comments?post=5472"}],"wp:featuredmedia":[{"embeddable":true,"href":"https:\/\/hellowp.io\/hu\/wp-json\/wp\/v2\/media\/5481"}],"wp:attachment":[{"href":"https:\/\/hellowp.io\/hu\/wp-json\/wp\/v2\/media?parent=5472"}],"wp:term":[{"taxonomy":"product_brand","embeddable":true,"href":"https:\/\/hellowp.io\/hu\/wp-json\/wp\/v2\/product_brand?post=5472"},{"taxonomy":"product_cat","embeddable":true,"href":"https:\/\/hellowp.io\/hu\/wp-json\/wp\/v2\/product_cat?post=5472"},{"taxonomy":"product_tag","embeddable":true,"href":"https:\/\/hellowp.io\/hu\/wp-json\/wp\/v2\/product_tag?post=5472"}],"curies":[{"name":"wp","href":"https:\/\/api.w.org\/{rel}","templated":true}]}}