{"id":53249,"date":"2020-07-26T06:02:58","date_gmt":"2020-07-26T05:02:58","guid":{"rendered":"https:\/\/hellowp.io\/hu\/?post_type=product&#038;p=53249"},"modified":"2026-04-04T15:43:21","modified_gmt":"2026-04-04T14:43:21","slug":"webshop-es-weboldal-tarhely-es-karbantartas","status":"publish","type":"product","link":"https:\/\/hellowp.io\/hu\/t\/webshop-es-weboldal-tarhely-es-karbantartas\/","title":{"rendered":"Webshop \u00e9s weboldal t\u00e1rhely \u00e9s karbantart\u00e1s"},"content":{"rendered":"<p>Miut\u00e1n elk\u00e9sz\u00fclt egy weboldal, <strong>fontos, hogy megfelel\u0151 karbantart\u00e1st kapjon<\/strong>. A webfejleszt\u0151 c\u00e9gek z\u00f6mmel olyan ny\u00edlt forr\u00e1s\u00fa szoftverekkel dolgoznak (p\u00e9ld\u00e1ul WordPress, WooCommerce), amelyeket \u00e1tad\u00e1s ut\u00e1n rendszeresen friss\u00edteni kell.\r\n    Friss\u00edt\u00e9skor az oldal \u00faj funkci\u00f3kat kaphat, vagy mondjuk biztons\u00e1gi hib\u00e1kat jav\u00edthatunk \u00e1ltaluk. \u00c1ltal\u00e1ban az a probl\u00e9ma, hogy amint elk\u00e9sz\u00fcl a weboldal, onnant\u00f3l nincs aki rendszeresen karbantartsa, friss\u00edtse, hiszen a fejleszt\u0151 elv\u00e9gezte a munk\u00e1j\u00e1t,\r\n    l\u00e9trej\u00f6tt az oldal, a sima t\u00e1rhelyszolg\u00e1ltat\u00f3k pedig nem \u00e9rtenek hozz\u00e1 \u00e9s idej\u00fck sincs r\u00e1. <strong class=\"underline underline-3 underline-warning\">Itt j\u00f6v\u00fcnk k\u00e9pbe mi!<\/strong>\r\n<\/p>\r\n<p>\r\n    <strong>A HelloWP \u00f6tv\u00f6zte a professzion\u00e1lis t\u00e1rhelyszolg\u00e1ltat\u00e1st \u00e9s a megfelel\u0151 karbantart\u00e1st, ami az\u00e9rt sz\u00fcks\u00e9ges,\r\n        hogy a weboldal megfelel\u0151en \u00e9s nem utols\u00f3 sorban biztons\u00e1gosan \u00fczemeljen. <\/strong><\/p>\r\n<h4 class=\"underline-deep-primary\">Mit kapsz t\u0151l\u00fcnk?<\/h4>\r\n<div id=\"whyus-1\">\r\n    <div class=\"rounded-3 pt-3\">\r\n        <div class=\"border border-success border-4 border-top-0 border-end-0 border-bottom-0 ps-2\"><small>L\u00e9gy naprak\u00e9sz<\/small>\r\n            <h5 class=\"mb-0\">Karbantart\u00e1st \u00e9s friss\u00edt\u00e9st<\/h5>\r\n        <\/div>\r\n        <p class=\"mb-0 p-2 pb-0\">Rendszeresen karbantartjuk \u00e9s friss\u00edtj\u00fck a weboldalad \u00f6sszes r\u00e9sz\u00e9t, b\u0151v\u00edtm\u00e9nyeket, sablont stb\u2026<\/p>\r\n    <\/div>\r\n<\/div>\r\n<hr>\r\n<div id=\"whyus-2\">\r\n    <div class=\"rounded-3\">\r\n        <div class=\"border border-success border-4 border-top-0 border-end-0 border-bottom-0 ps-2\"><small>Val\u00f3di\r\n                szak\u00e9rt\u0151kt\u0151l<\/small>\r\n            <h5 class=\"mb-0\">Hibajav\u00edt\u00e1st<\/h5>\r\n        <\/div>\r\n        <p class=\"mb-0 p-2 pb-0\">Valami elromlott a friss\u00edt\u00e9sek miatt? K\u00fcl\u00f6n k\u00f6lts\u00e9g n\u00e9lk\u00fcl megjav\u00edtjuk.<\/p>\r\n    <\/div>\r\n<\/div>\r\n<hr>\r\n<div id=\"whyus-2\">\r\n    <div class=\"rounded-3\">\r\n        <div class=\"border border-success border-4 border-top-0 border-end-0 border-bottom-0 ps-2\"><small>Annyi t\u00e1rhelyed lesz,\r\n                amennyire sz\u00fcks\u00e9ged van<\/small>\r\n            <h5 class=\"mb-0\">Megfelel\u0151 m\u00e9ret\u0171 t\u00e1rhelyet<\/h5>\r\n        <\/div>\r\n        <p class=\"mb-0 p-2 pb-0\">T\u00f6bb\u00e9 nem kell agg\u00f3dnod, hogy elfogyott a t\u00e1rhely az oldalad m\u00f6g\u00f6tt. Annyi t\u00e1rhely \u00e1ll rendelkez\u00e9sre, amennyire az oldaladnak sz\u00fcks\u00e9ge van! \u00c9s mindez a leg\u00fajabb, leggyorsabb SSD h\u00e1tt\u00e9rt\u00e1rol\u00f3kon. Sebess\u00e9ggel sem lesz gondod!<\/p>\r\n    <\/div>\r\n<\/div>\r\n<hr>\r\n<div id=\"whyus-2\">\r\n    <div class=\"rounded-3\">\r\n        <div class=\"border border-success border-4 border-top-0 border-end-0 border-bottom-0 ps-2\"><small>A leg\u00fajabb technikai megold\u00e1sokat haszn\u00e1ljuk!<\/small>\r\n            <h5 class=\"mb-0\">Biztons\u00e1got<\/h5>\r\n        <\/div>\r\n        <p class=\"mb-0 p-2 pb-0\">T\u00f6bbf\u00e9le biztons\u00e1gi megold\u00e1st k\u00edn\u00e1lunk: 24 \u00f3r\u00e1s fel\u00fcgyelet, v\u00edruskeres\u00e9s, DDoS elleni v\u00e9delem. Minden oldal automatikusan SSL-t (https) kap, t\u00f6bb\u00e9 erre sem kell k\u00f6ltened.<\/p>\r\n    <\/div>\r\n<\/div>\r\n<hr>\r\n<div id=\"whyus-2\">\r\n    <div class=\"rounded-3\">\r\n        <div class=\"border border-orange border-4 border-top-0 border-end-0 border-bottom-0 ps-2\"><small>Ezen a\r\n                szerveren csak te\r\n                leszel!<\/small>\r\n            <h5 class=\"mb-0\">Egy saj\u00e1t szervert kapsz<\/h5>\r\n        <\/div>\r\n        <p class=\"mb-0 p-2 pb-0\">T\u00f6bb\u00e9 nem kell osztozkodnod senkivel sem! Nem lesz rajtad k\u00edv\u00fcl egy szerveren m\u00e1sik 100-1000 weboldal.<\/p>\r\n    <\/div>\r\n<\/div>\r\n<hr>\r\n<div id=\"whyus-2\">\r\n    <div class=\"rounded-3\">\r\n        <div class=\"border border-success border-4 border-top-0 border-end-0 border-bottom-0 ps-2\"><small>Speci\u00e1lis szerveroldali megold\u00e1sok.<\/small>\r\n            <h5 class=\"mb-0\">Optimaliz\u00e1l\u00e1st<\/h5>\r\n        <\/div>\r\n        <p class=\"mb-0 p-2 pb-0\">A weboldalad mindig a lehet\u0151 leghat\u00e9konyabban fog \u00fczemelni. Felturb\u00f3zzuk a sebess\u00e9get. Az sem kiz\u00e1rt, hogy a bet\u00f6lt\u00e9si sebess\u00e9g 0.3-1 m\u00e1sodperc alatt lesz.<\/p>\r\n    <\/div>\r\n<\/div>\r\n\r\n<hr>\r\n<div id=\"whyus-2\">\r\n    <div class=\"rounded-3\">\r\n        <div class=\"border border-success border-4 border-top-0 border-end-0 border-bottom-0 ps-2\"><small>Mi sem szeretj\u00fck a korl\u00e1tokat! \ud83d\ude42<\/small>\r\n            <h5 class=\"mb-0\">Limitmentess\u00e9get<\/h5>\r\n        <\/div>\r\n        <p class=\"mb-0 p-2 pb-0\">Az a k\u00f6z\u00f6s \u00e9rdek\u00fcnk, hogy a weboldalad a lehet\u0151 legjobban m\u0171k\u00f6dj\u00f6n. Sosem fogunk az\u00e9rt korl\u00e1tozni, mert nagy az oldalad l\u00e1togatotts\u00e1ga. S\u0151t, ez a c\u00e9lunk!<\/p>\r\n    <\/div>\r\n<\/div>\r\n\r\n<hr>\r\n<div id=\"whyus-2\">\r\n    <div class=\"rounded-3\">\r\n        <div class=\"border border-success border-4 border-top-0 border-end-0 border-bottom-0 ps-2\">\r\n            <small>Gyorsabb oldal, jobb felhaszn\u00e1l\u00f3i \u00e9lm\u00e9ny<\/small>\r\n            <h5 class=\"mb-0\">Korl\u00e1tlan k\u00e9poptimaliz\u00e1l\u00e1st<\/h5>\r\n        <\/div>\r\n        <p class=\"mb-0 p-2 pb-0\">\r\n            A weboldaladra felt\u00f6lt\u00f6tt \u00f6sszes k\u00e9pet automatikusan optimaliz\u00e1ljuk, korl\u00e1tlan mennyis\u00e9gben. \r\n            Cs\u00f6kkentj\u00fck a f\u00e1jlm\u00e9retet, megtartjuk a min\u0151s\u00e9get, \u00edgy az oldalad gyorsabban t\u00f6lt be, \r\n            jobb lesz a felhaszn\u00e1l\u00f3i \u00e9lm\u00e9ny \u00e9s a Google is jobban fogja szeretni.\r\n        <\/p>\r\n    <\/div>\r\n<\/div>\r\n\r\n\r\n<hr>\r\n<div id=\"whyus-2\">\r\n    <div class=\"rounded-3\">\r\n        <div class=\"border border-success border-4 border-top-0 border-end-0 border-bottom-0 ps-2\"><small>Neked csak dolgozni kell, mi adjuk az eszk\u00f6z\u00f6ket!<\/small>\r\n            <h5 class=\"mb-0\">Profi h\u00edrlev\u00e9l megold\u00e1st + aj\u00e1nd\u00e9k h\u00edrlev\u00e9lk\u00fcld\u0151 rendszer<\/h5>\r\n        <\/div>\r\n        <p class=\"mb-0 p-2 pb-0\">Nem korl\u00e1tozzuk a kik\u00fcld\u00f6tt levelek sz\u00e1m\u00e1t, korl\u00e1tlan levelet k\u00fcldhetsz ki, viszont maximum 50.000 feliratkoz\u00f3d lehet.<\/p>\r\n    <\/div>\r\n<\/div>\r\n\r\n<hr>\r\n<div id=\"whyus-2\">\r\n    <div class=\"rounded-3\">\r\n        <div class=\"border border-success border-4 border-top-0 border-end-0 border-bottom-0 ps-2\"><small>Val\u00f3di szakemberekt\u0151l!<\/small>\r\n            <h5 class=\"mb-0\">Seg\u00edts\u00e9gny\u00fajt\u00e1s<\/h5>\r\n        <\/div>\r\n        <p class=\"mb-0 p-2 pb-0\">Mindig lesz kit felh\u00edvnod, ha b\u00e1rmilyen k\u00e9rd\u00e9sed van a weboldaladdal, vagy a kezel\u00e9s\u00e9vel kapcsolatban. N\u00e1lunk mindenki \u00e9rdemben tud seg\u00edteni. Mindenki kap egy dedik\u00e1lt fejleszt\u0151t, akit b\u00e1rmikor fel tud h\u00edvni mobilon, vagy \u00edrhat neki email-t.\r\n\r\n            <span class=\"mt-2\">Egy dolgot meg\u00edg\u00e9r\u00fcnk: sosem fogsz olyan \u00fcgyf\u00e9lszolg\u00e1latossal levelezni, aki semmihez sem\r\n                \u00e9rt \u00e9s mindent meg kell k\u00e9rdeznie.<\/span><\/p>\r\n    <\/div>\r\n<\/div>\n","protected":false},"excerpt":{"rendered":"<p>Eleged van a hagyom\u00e1nyos t\u00e1rhelyszolg\u00e1ltat\u00f3kb\u00f3l? Nem vagy egyed\u00fcl! B\u00edzd magad profikra \u00e9s d\u0151lj h\u00e1tra! Nem lesz t\u00f6bb\u00e9 probl\u00e9ma a weboldalad \u00fczemeltet\u00e9s\u00e9vel! [&#8230;]<\/p>\n<p><a class=\"btn btn-secondary understrap-read-more-link\" href=\"https:\/\/hellowp.io\/hu\/t\/webshop-es-weboldal-tarhely-es-karbantartas\/\">Read More&#8230;<span class=\"screen-reader-text\"> from Webshop \u00e9s weboldal t\u00e1rhely \u00e9s karbantart\u00e1s<\/span><\/a><\/p>\n","protected":false},"featured_media":9494,"comment_status":"open","ping_status":"closed","template":"","meta":{"_seopress_robots_primary_cat":"none","_seopress_titles_title":"","_seopress_titles_desc":"B\u00edzd magad profikra \u00e9s d\u0151lj h\u00e1tra, nincs t\u00f6bb\u00e9 probl\u00e9ma a weboldalad \u00fczemeltet\u00e9s\u00e9vel!","_seopress_robots_index":""},"product_brand":[],"product_cat":[29,105,104],"product_tag":[299,161,106,107,108],"class_list":{"0":"post-53249","1":"product","2":"type-product","3":"status-publish","4":"has-post-thumbnail","6":"product_cat-weboldal-gondozas","7":"product_cat-woocommerce-tarhely","8":"product_cat-wordpress-tarhely","9":"product_tag-hosting","10":"product_tag-m","11":"product_tag-webshop-uzemeltetes","12":"product_tag-woocommerce-uzemeltetes","13":"product_tag-wordpress-uzemeltetes","15":"first","16":"instock","17":"taxable","18":"shipping-taxable","19":"purchasable","20":"product-type-variable-subscription","21":"has-default-attributes"},"_links":{"self":[{"href":"https:\/\/hellowp.io\/hu\/wp-json\/wp\/v2\/product\/53249","targetHints":{"allow":["GET"]}}],"collection":[{"href":"https:\/\/hellowp.io\/hu\/wp-json\/wp\/v2\/product"}],"about":[{"href":"https:\/\/hellowp.io\/hu\/wp-json\/wp\/v2\/types\/product"}],"replies":[{"embeddable":true,"href":"https:\/\/hellowp.io\/hu\/wp-json\/wp\/v2\/comments?post=53249"}],"wp:featuredmedia":[{"embeddable":true,"href":"https:\/\/hellowp.io\/hu\/wp-json\/wp\/v2\/media\/9494"}],"wp:attachment":[{"href":"https:\/\/hellowp.io\/hu\/wp-json\/wp\/v2\/media?parent=53249"}],"wp:term":[{"taxonomy":"product_brand","embeddable":true,"href":"https:\/\/hellowp.io\/hu\/wp-json\/wp\/v2\/product_brand?post=53249"},{"taxonomy":"product_cat","embeddable":true,"href":"https:\/\/hellowp.io\/hu\/wp-json\/wp\/v2\/product_cat?post=53249"},{"taxonomy":"product_tag","embeddable":true,"href":"https:\/\/hellowp.io\/hu\/wp-json\/wp\/v2\/product_tag?post=53249"}],"curies":[{"name":"wp","href":"https:\/\/api.w.org\/{rel}","templated":true}]}}