{"id":51507,"date":"2020-06-21T05:53:05","date_gmt":"2020-06-21T04:53:05","guid":{"rendered":"https:\/\/hellowp.io\/hu\/?post_type=product&#038;p=51507"},"modified":"2026-04-13T01:09:06","modified_gmt":"2026-04-13T00:09:06","slug":"hellopack","status":"publish","type":"product","link":"https:\/\/hellowp.io\/hu\/t\/hellopack\/","title":{"rendered":"HelloPack &#8211; Magyar t\u00e1mogat\u00e1s pr\u00e9mium b\u0151v\u00edtm\u00e9nyekhez"},"content":{"rendered":"<h2 class=\"h4 underline-deep-primary\">Milyen b\u0151v\u00edtm\u00e9nyekhez ny\u00fajtunk t\u00e1mogat\u00e1st?<\/h2>\n<p class=\"m-t-sm\">Jeleneleg a k\u00f6vetkez\u0151 b\u0151v\u00edtm\u00e9nyeket t\u00e1mogatjuk:<\/p>\n<div class=\"row\">\n        <div class=\"col\">\n            <ol><li class=\"\">Admin Menu Editor Pro<\/li><li class=\"\">Advanced Custom Fields PRO<\/li><li class=\"\">AffiliateWP Ultimate<\/li><li class=\" fw-bold  underline underline-2 underline-warning \">All-in-One WP Migration PRO + 6 kieg\u00e9sz\u00edt\u0151<\/li><li class=\" fw-bold  underline underline-2 underline-warning \">Amelia &#8211; id\u0151pontfoglal\u00f3<strong class=\"badge bg-danger fw-bold ms-2\">Tipp<\/strong><\/li><li class=\" fw-bold  underline underline-2 underline-warning \">AutomateWoo<\/li><li class=\"\">AutomatorWP<\/li><li class=\"\">Booster Plus for WooCommerce<\/li><li class=\" fw-bold  underline underline-2 underline-warning \">Cartflows Pro<\/li><li class=\"\">CheckoutWC<\/li><li class=\"\">Custom User Registration Fields for WooCommerce<\/li><li class=\"\">Customize My Account for WooCommerce<\/li><li class=\"\">Divi Menu Cart<\/li><li class=\"\">Divi Responsive Helper<\/li><li class=\"\">Divi Supreme Pro<\/li><li class=\"\">Divi Toolbox<\/li><li class=\"\">DiviPasswords<\/li><li class=\"\">Dynamic Content for Elementor<\/li><li class=\" fw-bold  underline underline-2 underline-warning \">Elementor PRO<strong class=\"badge bg-danger fw-bold ms-2\">Tipp<\/strong><\/li><li class=\"\">Email Customizer for AutomateWoo<\/li><li class=\"\">Email Customizer for WooCommerce<\/li><li class=\"\">Email Customizer for WooCommerce with Drag and Drop Email Builder<\/li><li class=\"\">Fluent Forms Pro<\/li><li class=\"\">Fluent Support PRO<\/li><li class=\" fw-bold \">FluentCRM Pro<\/li><li class=\"\">Free Gifts for WooCommerce<\/li><li class=\"\">GenerateBlocks Pro<\/li><li class=\"\">GeneratePress Premium<\/li><li class=\"\">Gravity Forms<\/li><li class=\"\">iThemes Security Pro<\/li><li class=\" fw-bold \">JetPlugins for Elementor (18 b\u0151v\u00edtm\u00e9ny)<\/li><li class=\" fw-bold  underline underline-2 underline-warning \">LearnDash LMS<\/li><li class=\"\">Mailchimp for WooCommerce Memberships<\/li><li class=\" fw-bold  underline underline-2 underline-warning \">MainWP PRO<strong class=\"badge bg-danger fw-bold ms-2\">Tipp<\/strong><\/li><li class=\"\">Ninja Forms<\/li><li class=\" underline underline-2 underline-warning \">OxyExtras<\/li><li class=\" fw-bold  underline underline-2 underline-warning \">Oxygen Builder<\/li><li class=\"\">Polylang PRO<\/li><li class=\"\">Products Linked by Variations for WooCommerce<\/li><li class=\"\">QuadMenu PRO<\/li><li class=\"\">Restrict Content Pro<\/li><li class=\"\">SeoPress Pro<\/li><li class=\"\">Slider Revolution<\/li><li class=\"\">The Plus Addons for Elementor Page Builder<\/li><li class=\" fw-bold  underline underline-2 underline-warning \">TranslatePress<\/li><li class=\"\">Ultimate Addons for Elementor<\/li><li class=\"\">UpdraftPlus Premium<\/li><li class=\"\">UserPro &#8211; Community and User Profile<\/li><li class=\"\">Visual Composer &#8211; WPBakery Page Builder<\/li><li class=\"\">Wholesale For WooCommerce<\/li><li class=\"\">WooCommerce\tRequest a Quote<\/li><li class=\"\">WooCommerce  Min Max Quantities<\/li><li class=\"\">WooCommerce Additional Variation Images<\/li><li class=\"\">WooCommerce Advanced Notifications<\/li><li class=\"\">WooCommerce Advanced Product Quantity<\/li><li class=\"\">WooCommerce All Products For Subscriptions<\/li><li class=\"\">WooCommerce Back In Stock Notifications<\/li><\/ol>\n        <\/div>\n        <div class=\"col\">\n            <ol start=\"60\"><li class=\"\">WooCommerce Bookings<\/li><li class=\"\">WooCommerce Bought Together<\/li><li class=\"\">WooCommerce Bulk Stock Management<\/li><li class=\"\">WooCommerce Buy Again<\/li><li class=\"\">WooCommerce Checkout Add-Ons<\/li><li class=\"\">WooCommerce Checkout Field Editor<\/li><li class=\"\">WooCommerce Composite Products<\/li><li class=\"\">WooCommerce Conditional Shipping and Payments<\/li><li class=\"\">WooCommerce Cost of Goods<\/li><li class=\"\">WooCommerce Custom Stock Status<\/li><li class=\"\">WooCommerce Deposits<\/li><li class=\"\">WooCommerce Dynamic Pricing<\/li><li class=\"\">WooCommerce Email Attachments<\/li><li class=\"\">WooCommerce EU VAT Number<\/li><li class=\"\">WooCommerce Free Gift<\/li><li class=\"\">WooCommerce Google Analytics Pro<\/li><li class=\"\">WooCommerce Google Product Feed<\/li><li class=\"\">WooCommerce Gravity Forms Product Add-ons<\/li><li class=\"\">WooCommerce Local Pickup Plus<\/li><li class=\"\">WooCommerce MailChimp Integration<\/li><li class=\"\">WooCommerce Measurement Price Calculator<\/li><li class=\"\">WooCommerce Membership<\/li><li class=\"\">WooCommerce Name Your Price<\/li><li class=\"\">WooCommerce One Page Checkout<\/li><li class=\"\">WooCommerce Order Status Manager<\/li><li class=\"\">WooCommerce Payment Gateway Based Fees<\/li><li class=\"\">WooCommerce PDF Invoice<\/li><li class=\"\">WooCommerce PDF Watermark<\/li><li class=\"\">WooCommerce Per Product Shipping<\/li><li class=\"\">WooCommerce Points Rewards<\/li><li class=\"\">WooCommerce Pre-Orders<\/li><li class=\"\">WooCommerce Price per Unit &#8211; egys\u00e9g\u00e1r<\/li><li class=\"\">WooCommerce Product Add-ons<\/li><li class=\" fw-bold  underline underline-2 underline-warning \">WooCommerce Product Bundles<\/li><li class=\"\">WooCommerce Product Recommendations<\/li><li class=\"\">WooCommerce Product Reviews Pro<\/li><li class=\"\">WooCommerce Product Vendors<\/li><li class=\"\">WooCommerce Product Video<\/li><li class=\"\">WooCommerce Products Linked by Variations<\/li><li class=\"\">WooCommerce Returns and Warranty Requests<\/li><li class=\"\">WooCommerce Sequential Order Numbers Pro<\/li><li class=\"\">WooCommerce Slack<\/li><li class=\"\">WooCommerce Smart Coupons<\/li><li class=\"\">WooCommerce Social Login<\/li><li class=\"\">WooCommerce Subscriptions<\/li><li class=\"\">WooCommerce Tab Manager<\/li><li class=\"\">WooCommerce Table Rate Shipping<\/li><li class=\"\">WooCommerce Top Bar<\/li><li class=\"\">WooCommerce URL Coupons<\/li><li class=\"\">WooCommerce Wishlists<\/li><li class=\"\">WooCommerce Zapier WooCommerce<\/li><li class=\"\">WP All Export Pro<\/li><li class=\"\">WP All Import Pro<\/li><li class=\"\">WP Booking System<\/li><li class=\"\">WP Grid Builder<\/li><li class=\"\">YITH Infinite Scrolling PRO<\/li><li class=\"\">YITH WooCommerce Ajax Product Filter Premium<\/li><li class=\"\">Yoast SEO Premium<\/li><\/ol>\n        <\/div>\n    <\/div>\n<div id=\"newsletter-hellopack\" class=\"bg-info bg-opacity-10 p-0 pb-1 rounded-top\">\r\n    <div class=\"bg-info  p-2 ps-3 rounded-top \">\r\n        <div><strong class=\"text-white\">V\u00e1ltoz\u00e1s\u00e9rtes\u00edt\u0151<\/strong><\/div>\r\n    <\/div><div><span class=\"ms-2 p-2 d-block\">Szeretn\u00e9l \u00e9rtes\u00edt\u00e9seket kapni, ha valami beker\u00fclt a csomagba, vagy valami fontos v\u00e1ltoz\u00e1s van? <\/span><\/div>\r\n    <div class=\"bg-light m-3 p-3 mt-0 rounded\"><form action=\"https:\/\/hellowp.io\/hu\/wp-json\/ws-form\/v1\/submit\" class=\"wsf-form wsf-form-canvas\" id=\"ws-form-1\" data-id=\"6\" method=\"POST\" data-instance-id=\"1\"><\/form><\/div>\r\n<\/div>\n<hr \/>\n<h2 class=\"h4 underline-deep-primary\">B\u0151v\u00edtm\u00e9nyek friss\u00edt\u00e9se<\/h2>\n<p class=\"m-t-sm\">A b\u0151v\u00edtm\u00e9nyek friss\u00edt\u00e9se azonos m\u00f3don t\u00f6rt\u00e9nik, mint a t\u00f6bbi WordPress b\u0151v\u00edtm\u00e9ny eset\u00e9ben. <strong>Admin<\/strong> -&gt; <strong>B\u0151v\u00edtm\u00e9nyek<\/strong> -&gt; <strong>Friss\u00edt\u00e9s gomb<\/strong><\/p>\n<p><u>Semmilyen extra l\u00e9p\u00e9sre nincs sz\u00fcks\u00e9g.<\/u> A csomagkezel\u0151 b\u0151v\u00edtm\u00e9ny telep\u00edt\u00e9se ut\u00e1n automatikusan friss\u00fclni fognak a b\u0151v\u00edtm\u00e9nyek, m\u00e9g akkor is, ha kor\u00e1bban lettek telep\u00edtve.<\/p>\n<div class=\"is-divider\" data-content=\"Felt\u00e9telek \u00e9s kisbet\u0171s r\u00e9szek:\"><\/div>\n<h2 class=\"h4 underline-deep-primary pt-1\">Felt\u00e9telek:<\/h2>\n<p class=\"m-t-sm\"><strong>A felt\u00e9telek egyszer\u0171ek:<\/strong><\/p>\n<ul>\n<li><u>Korl\u00e1tlan weboldalon haszn\u00e1lhatod<\/u>, am\u00edg akt\u00edv az el\u0151fizet\u00e9sed<\/li>\n<li>\u00dcgyfeleiddel szabadon <u>megoszthatod<\/u><\/li>\n<\/ul>\n<h2 class=\"kek-arnyek\">Mit kapsz t\u0151l\u00fcnk?<\/h2>\n<ul>\n<li><u>Rendszeres friss\u00edt\u00e9seket<\/u> a felsorolt b\u0151v\u00edtm\u00e9nyeket, am\u00edg akt\u00edv az el\u0151fizet\u00e9sed<\/li>\n<li>Megh\u00edv\u00e1st a t\u00e1mogat\u00f3i Facebook csoportunkba<\/li>\n<li>Magyarnyelv\u0171 t\u00e1mogat\u00e1st<\/li>\n<li>Els\u0151bbs\u00e9gi t\u00e1mogat\u00e1st <strong class=\"m-l-sm tag is-warning\">\u00daj<\/strong><\/li>\n<li>Hozz\u00e1f\u00e9r\u00e9st a felsorolt b\u0151v\u00edtm\u00e9nyekhez<\/li>\n<li>\u00c1rgaranci\u00e1t, nyugodtan kalkul\u00e1lhatsz az \u00e1rral hossz\u00fa t\u00e1von is!<\/li>\n<\/ul>\n<h2 class=\"h4 underline-deep-primary pt-1\">Mi\u00e9rt \u00e9s hogyan j\u00f6tt l\u00e9tre a HelloPack?<\/h2>\n<p class=\"m-t-sm\">Teljesen \u00e1ltal\u00e1nos jelens\u00e9g, hogy mialatt elk\u00e9sz\u00fcl egy WordPress weboldal, a fejleszt\u0151je telerakja pr\u00e9mium b\u0151v\u00edtm\u00e9nyekkel. Ezzel persze nincs semmi gond, az esetek t\u00f6bbs\u00e9g\u00e9ben <b>sokkal olcs\u00f3bb \u00e9s hat\u00e9konyabb egy k\u00e9sz b\u0151v\u00edtm\u00e9nyt megv\u00e1s\u00e1rolni<\/b>, mint kifizetni a fejleszt\u00e9si k\u00f6lts\u00e9geket.<\/p>\n<p><b>Hogyan n\u00e9z ki egy pr\u00e9mium b\u0151v\u00edtm\u00e9ny megv\u00e1s\u00e1rl\u00e1sa \u00e9s haszn\u00e1lata?<\/b> A WordPress-re k\u00e9sz\u00fclt \u00f6sszes b\u0151v\u00edtm\u00e9ny \u00fczleti modellje azonos: nem mag\u00e1\u00e9rt a b\u0151v\u00edtm\u00e9ny\u00e9rt fizet\u00fcnk, hanem a t\u00e1mogat\u00e1s\u00e9rt \u00e9s a friss\u00edt\u00e9sek\u00e9rt. Ez\u00e9rt lehets\u00e9ges az, hogy a fejleszt\u0151 teljesen leg\u00e1lisan megosztja veled a megv\u00e1s\u00e1rolt pr\u00e9mium b\u0151v\u00edtm\u00e9ny\u00e9t, amit azt\u00e1n jobb esetben minden \u00e9vben kifizet helyetted, hogy az oldalad megkapja a friss\u00edt\u00e9seket. A rosszabbik eset (\u00e9s sajnos a gyakoribb is), hogy az els\u0151 \u00e9v lej\u00e1rta ut\u00e1n (az esetek t\u00f6bbs\u00e9g\u00e9ben 1 \u00e9vre sz\u00f3l egy pr\u00e9mium b\u0151v\u00edtm\u00e9ny license) a weboldaladon haszn\u00e1lt b\u0151v\u00edtm\u00e9nyek nem kapnak tov\u00e1bb friss\u00edt\u00e9seket, vagy ak\u00e1r le is \u00e1llnak.<\/p>\n<p><b>Milyen probl\u00e9m\u00e1k lehetnek, ha nem friss\u00fcl egy pr\u00e9mium b\u0151v\u00edtm\u00e9ny? <\/b>Ilyenkor nem kapod meg az \u00fajdons\u00e1gokat, fejleszt\u00e9seket, illetve a biztons\u00e1gi friss\u00edt\u00e9seket sem. A nem karbantartott, friss\u00edtett WordPress weboldallal azt kock\u00e1ztatod, hogy felt\u00f6rik az oldalt.<\/p>\n<p>Tov\u00e1bb\u00e1 az is el\u0151fordulhat, hogy az \u00fajabb WordPress verzi\u00f3kkal m\u00e1r nem lesz kompatibilis az elavult (nem friss\u00fclt) pr\u00e9mium b\u0151v\u00edtm\u00e9ny, ami az oldal le\u00e1ll\u00e1s\u00e1hoz vezethet.<\/p>\n<p><b>Mennyibe ker\u00fcl egy ilyen b\u0151v\u00edtm\u00e9ny?<\/b> \u00c1ltal\u00e1ban egy pr\u00e9mium b\u0151v\u00edtm\u00e9ny 1 \u00e9vre sz\u00f3l\u00f3 t\u00e1mogat\u00e1sa 20.000 &#8211; 100.000 Ft k\u00f6z\u00f6tti \u00f6sszeg szokott lenni. Eg\u00e9szen borsos tud lenni egy magyar v\u00e1llalkoz\u00f3nak, akiknek p\u00e9ld\u00e1ul a webshopj\u00e1n 4-5 ilyen b\u0151v\u00edtm\u00e9ny fut.<\/p>\n<p><span class=\"underline underline-warning underline-2\"><strong>Ez\u00e9rt j\u00f6tt l\u00e9tre ez a term\u00e9k!<\/strong> Megpr\u00f3b\u00e1ljuk k\u00f6z\u00f6sen finansz\u00edrozni a pr\u00e9mium b\u0151v\u00edtm\u00e9nyek \u00e9ves k\u00f6lts\u00e9geit \u00fagy, hogy mi megv\u00e1s\u00e1roljuk az agency licenseket (korl\u00e1tlan weboldal felhaszn\u00e1lhat\u00f3), amit azt\u00e1n te is haszn\u00e1lhatsz. \u00cdgy megold\u00f3dik az \u00f6sszes fent felsorolt probl\u00e9ma an\u00e9lk\u00fcl, hogy sz\u00e1zezreket k\u00e9ne k\u00f6ltened minden \u00e9vben! <\/span><\/p>\n<p><i>Mindig tiszt\u00e1zd a fejleszt\u0151vel, hogy az oldal kialak\u00edt\u00e1sa sor\u00e1n milyen pr\u00e9mium b\u0151v\u00edtm\u00e9nyek ker\u00fcltek az oldaladra \u00e9s ezek milyen k\u00f6lts\u00e9gekkel j\u00e1rnak \u00e9vente. K\u00e9rj egy list\u00e1t ezekr\u0151l, amin fel van t\u00fcntetve a b\u0151v\u00edtm\u00e9ny fejleszt\u0151j\u00e9nek az oldala (ahol megv\u00e1s\u00e1rolhatod), az \u00e1ra \u00e9s hogy mikor j\u00e1r le pontosan a license!<\/i><\/p>\n<p><strong>K\u00f6sz\u00f6nj\u00fck a sok \u00f6tletet, tan\u00e1csot \u00e9s javaslotot.<\/strong><\/p>\n<div class=\"col-12 mx-auto\">\n<h2 class=\"h4 border border-5 border-orange border-top-0 border-end-0 border-bottom-0 ps-2 pt-1\">Maradtak m\u00e9g k\u00e9rd\u00e9seid?<\/h2>\n<\/div>\n\n<div class=\"mx-auto text-center position-relative\">\n\n    <!-- FAQ START -->\n    <div class=\"accordion accordion-icon accordion-shadow mt-4 text-start position-relative\" id=\"accordionHelloPack\">\n        <!-- Item -->\n        <div class=\"accordion-item mb-3\">\n            <h6 class=\"accordion-header font-base\" id=\"heading-2\">\n                <button class=\"accordion-button fw-bold rounded collapsed pe-5\" type=\"button\" data-bs-toggle=\"collapse\" data-bs-target=\"#collapse-2\" aria-expanded=\"false\" aria-controls=\"collapse-2\">\n                    H\u00e1ny weboldalon haszn\u00e1lhatom a HelloPack-ot?\n                <\/button>\n            <\/h6>\n            <!-- Body -->\n            <div id=\"collapse-2\" class=\"accordion-collapse collapse\" aria-labelledby=\"heading-2\" data-bs-parent=\"#accordionHelloPack\">\n                <div class=\"accordion-body mt-3\">\n                    <span class=\"underline underline-2 underline-warning\">Korl\u00e1tlan weboldalon haszn\u00e1lhatod<\/span>, mi nem szeretn\u00fcnk korl\u00e1tozni semmit sem! \ud83d\ude42\n                <\/div>\n            <\/div>\n        <\/div>\n\n        <!-- Item -->\n        <div class=\"accordion-item mb-3\">\n            <h6 class=\"accordion-header font-base\" id=\"heading-3\">\n                <button class=\"accordion-button fw-bold collapsed rounded pe-5\" type=\"button\" data-bs-toggle=\"collapse\" data-bs-target=\"#collapse-3\" aria-expanded=\"false\" aria-controls=\"collapse-3\">\n                    B\u00e1rmikor lemondhatom az el\u0151fizet\u00e9st?\n                <\/button>\n            <\/h6>\n            <!-- Body -->\n            <div id=\"collapse-3\" class=\"accordion-collapse collapse\" aria-labelledby=\"heading-3\" data-bs-parent=\"#accordionHelloPack\">\n                <div class=\"accordion-body mt-3\">\n                    Igen, b\u00e1rmikor lemondhatod az el\u0151fizet\u00e9st a Fi\u00f3kom -&gt; El\u0151fizet\u00e9sek men\u00fcpontban.\n                <\/div>\n            <\/div>\n        <\/div>\n\n        <!-- Item -->\n        <div class=\"accordion-item mb-3\">\n            <h6 class=\"accordion-header font-base\" id=\"heading-4\">\n                <button class=\"accordion-button fw-bold collapsed rounded pe-5\" type=\"button\" data-bs-toggle=\"collapse\" data-bs-target=\"#collapse-4\" aria-expanded=\"false\" aria-controls=\"collapse-4\">\n                    Haszn\u00e1lhat\u00f3ak maradnak a b\u0151v\u00edtm\u00e9nyek, ha lemondom az el\u0151fizet\u00e9st?\n                <\/button>\n            <\/h6>\n            <!-- Body -->\n            <div id=\"collapse-4\" class=\"accordion-collapse collapse\" aria-labelledby=\"heading-4\" data-bs-parent=\"#accordionHelloPack\">\n                <div class=\"accordion-body mt-3\">\n                    Igen, haszn\u00e1lhat\u00f3ak maradnak, viszont friss\u00edt\u00e9seket m\u00e1r nem fogsz kapni a b\u0151v\u00edtm\u00e9nyekhez.\n                <\/div>\n            <\/div>\n        <\/div>\n\n        <!-- Item -->\n        <div class=\"accordion-item mb-3\">\n            <h6 class=\"accordion-header font-base\" id=\"heading-5\">\n                <button class=\"accordion-button fw-bold collapsed rounded pe-5\" type=\"button\" data-bs-toggle=\"collapse\" data-bs-target=\"#collapse-5\" aria-expanded=\"false\" aria-controls=\"collapse-5\">\n                    A csomag tartalmazza a pr\u00e9mium b\u0151v\u00edtm\u00e9nyeket is?\n                <\/button>\n            <\/h6>\n            <!-- Body -->\n            <div id=\"collapse-5\" class=\"accordion-collapse collapse\" aria-labelledby=\"heading-5\" data-bs-parent=\"#accordionHelloPack\">\n                <div class=\"accordion-body mt-3\">\n                    Igen, az \u00f6sszes felsorolt b\u0151v\u00edtm\u00e9nyt le tudod t\u00f6lteni, amit azt\u00e1n telep\u00edthetsz \u00e9s kapsz hozz\u00e1juk friss\u00edt\u00e9seket is!\n                <\/div>\n            <\/div>\n        <\/div>\n\n        <!-- Item -->\n        <div class=\"accordion-item\">\n            <h6 class=\"accordion-header font-base\" id=\"heading-6\">\n                <button class=\"accordion-button fw-bold collapsed rounded pe-5\" type=\"button\" data-bs-toggle=\"collapse\" data-bs-target=\"#collapse-6\" aria-expanded=\"false\" aria-controls=\"collapse-6\">\n                    Multisite k\u00f6rnyezetben m\u0171k\u00f6dik?\n                <\/button>\n            <\/h6>\n            <!-- Body -->\n            <div id=\"collapse-6\" class=\"accordion-collapse collapse\" aria-labelledby=\"heading-6\" data-bs-parent=\"#accordionHelloPack\">\n                <div class=\"accordion-body mt-3\">\n                    WordPress Network k\u00f6rnyezetben jelenleg nem m\u0171k\u00f6dik a csomagkezel\u0151. Hamarosan beker\u00fcl ez a funkci\u00f3 is, tervben van.\n                <\/div>\n            <\/div>\n        <\/div>\n    <\/div>\n    <!-- FAQ END -->\n<\/div>\n","protected":false},"excerpt":{"rendered":"<p><u><strong>100+ t\u00e1mogatott pr\u00e9mium WordPress b\u0151v\u00edtm\u00e9ny egy csomagban!<\/strong><\/u> [&#8230;]<\/p>\n<p><a class=\"btn btn-secondary understrap-read-more-link\" href=\"https:\/\/hellowp.io\/hu\/hellopack\/yoast-seo-premium\/\">Read More&#8230;<span class=\"screen-reader-text\"> from Yoast SEO Premium<\/span><\/a><\/p>\n","protected":false},"featured_media":51712,"comment_status":"open","ping_status":"closed","template":"","meta":{"_seopress_robots_primary_cat":"none","_seopress_titles_title":"","_seopress_titles_desc":"100+ t\u00e1mogatott pr\u00e9mium WordPress b\u0151v\u00edtm\u00e9ny egy csomagban!","_seopress_robots_index":""},"product_brand":[],"product_cat":[32],"product_tag":[155,156,157,161],"class_list":{"0":"post-51507","1":"product","2":"type-product","3":"status-publish","4":"has-post-thumbnail","6":"product_cat-premium-bovitmenyek","7":"product_tag-elementor","8":"product_tag-elementor-pro","9":"product_tag-learndash","10":"product_tag-m","12":"first","13":"instock","14":"featured","15":"taxable","16":"shipping-taxable","17":"purchasable","18":"product-type-variable-subscription","19":"has-default-attributes"},"_links":{"self":[{"href":"https:\/\/hellowp.io\/hu\/wp-json\/wp\/v2\/product\/51507","targetHints":{"allow":["GET"]}}],"collection":[{"href":"https:\/\/hellowp.io\/hu\/wp-json\/wp\/v2\/product"}],"about":[{"href":"https:\/\/hellowp.io\/hu\/wp-json\/wp\/v2\/types\/product"}],"replies":[{"embeddable":true,"href":"https:\/\/hellowp.io\/hu\/wp-json\/wp\/v2\/comments?post=51507"}],"wp:featuredmedia":[{"embeddable":true,"href":"https:\/\/hellowp.io\/hu\/wp-json\/wp\/v2\/media\/51712"}],"wp:attachment":[{"href":"https:\/\/hellowp.io\/hu\/wp-json\/wp\/v2\/media?parent=51507"}],"wp:term":[{"taxonomy":"product_brand","embeddable":true,"href":"https:\/\/hellowp.io\/hu\/wp-json\/wp\/v2\/product_brand?post=51507"},{"taxonomy":"product_cat","embeddable":true,"href":"https:\/\/hellowp.io\/hu\/wp-json\/wp\/v2\/product_cat?post=51507"},{"taxonomy":"product_tag","embeddable":true,"href":"https:\/\/hellowp.io\/hu\/wp-json\/wp\/v2\/product_tag?post=51507"}],"curies":[{"name":"wp","href":"https:\/\/api.w.org\/{rel}","templated":true}]}}