{"id":4863,"date":"2019-05-04T16:37:26","date_gmt":"2019-05-04T15:37:26","guid":{"rendered":"https:\/\/hellowp.io\/hu\/?post_type=product&#038;p=4863"},"modified":"2026-04-23T18:26:51","modified_gmt":"2026-04-23T17:26:51","slug":"becsuletkasszas-adatvedelem-minta","status":"publish","type":"product","link":"https:\/\/hellowp.io\/hu\/t\/becsuletkasszas-adatvedelem-minta\/","title":{"rendered":"Becs\u00fcletkassz\u00e1s ADATV\u00c9DELEM minta (GDPR kompatibilis)"},"content":{"rendered":"<p>K\u00f6zz\u00e9tett\u00fcnk egy <strong>ADATV\u00c9DELEMI nyilatkozat<\/strong> mint\u00e1t, hogy neked m\u00e1r ne kelljen bajl\u00f3dni vele.<\/p>\n<p><strong>A v\u00e1s\u00e1rl\u00e1s ut\u00e1n kapsz egy k\u00e9sz dokumentumot, amit let\u00f6lthetsz \u00e9s csak annyi a dolgod, hogy a <span\n        class=\"bg-warning\">S\u00c1RGA H\u00c1TTER\u0170<\/span> r\u00e9szeket \u00e9rtelemszer\u0171en kit\u00f6lt\u00f6d.<\/strong><\/p>\n<h4 class=\"h4 underline-deep-primary\">Mit tartalmaz a dokumentum?<\/h4>\n<ul>\n<li>Ki gy\u0171jti az adatokat<\/li>\n<li>Milyen adatokat gy\u0171jt\u00fcnk<\/li>\n<li>Milyen c\u00e9lb\u00f3l gy\u0171jtj\u00fck az adatokat<\/li>\n<li>Az adatkezel\u00e9s ideje<\/li>\n<li>Adattov\u00e1bb\u00edt\u00e1s felt\u00e9telei<\/li>\n<li>Adatok biztons\u00e1ga<\/li>\n<li>Adatfeldolgoz\u00f3k<\/li>\n<li>Adatkezel\u0151 \u00e9s adatkezel\u00e9st \u00e9rint\u0151 szem\u00e9lyek<\/li>\n<li>Jog\u00e9rv\u00e9nyes\u00edt\u00e9s<\/li>\n<li>Kiskor\u00faak v\u00e9delme<\/li>\n<li>Cookie -ra vonatkoz\u00f3 r\u00e9sz (ami link a cookie nyilatkozatra)<\/li>\n<li>Fogalmak<\/li>\n<\/ul>\n<h5 class=\"underline-deep-success\">Mit tehetsz a mint\u00e1val?<\/h5>\n<ul>\n<li>Korl\u00e1tlan ideig haszn\u00e1lhatod<\/li>\n<li>1 weboldalon haszn\u00e1lhatod<\/li>\n<\/ul>\n<h5 class=\"underline-deep-danger\">Mit nem tehetsz a mint\u00e1val?<\/h5>\n<ul>\n<li>Nem adhatod el!<\/li>\n<\/ul>\n<p><strong>Az \u00e1r tartalmazza az esetleges jogv\u00e1ltoz\u00e1s \u00e9s ut\u00e1nk\u00f6vet\u00e9s \u00e1r\u00e1t is, amelyr\u0151l email-ben \u00e9rtes\u00edtj\u00fck a v\u00e1s\u00e1rl\u00f3kat.<br \/>\n<\/strong><br \/>\nJelen dokumentum csup\u00e1n \u00fatmutat\u00f3k\u00e9nt szolg\u00e1l. Semmilyen felel\u0151ss\u00e9get nem v\u00e1llalunk a haszn\u00e1lat\u00e9rt. Amennyiben szem\u00e9lyre szabott adatv\u00e9delmi nyilatkozatot szeretn\u00e9l a weboldaladra k\u00e9rj\u00fck, keress fel egy internetes jog\u00e1szt, szakembert.<\/p>\n","protected":false},"excerpt":{"rendered":"<p><strong><u>Mondd meg te, hogy mennyit szeretn\u00e9l fizetni!<\/u><\/strong><\/p>\n<p>Tudtad, hogy egy ilyen dokumentumot kb. 250-450.000 Ft-\u00e9rt k\u00e9sz\u00edtenek \u00fcgyv\u00e9dek? [&#8230;]<\/p>\n<p><a class=\"btn btn-secondary understrap-read-more-link\" href=\"https:\/\/hellowp.io\/hu\/t\/becsuletkasszas-adatvedelem-minta\/\">Read More&#8230;<span class=\"screen-reader-text\"> from Becs\u00fcletkassz\u00e1s ADATV\u00c9DELEM minta (GDPR kompatibilis)<\/span><\/a><\/p>\n","protected":false},"featured_media":3395,"comment_status":"open","ping_status":"closed","template":"","meta":{"_seopress_robots_primary_cat":"","_seopress_titles_title":"","_seopress_titles_desc":"","_seopress_robots_index":""},"product_brand":[],"product_cat":[98,56],"product_tag":[65,64,161],"class_list":{"0":"post-4863","1":"product","2":"type-product","3":"status-publish","4":"has-post-thumbnail","6":"product_cat-becsuletkasszas-termek","7":"product_cat-szerzodesmintak","8":"product_tag-adatvedelem-letoltes","9":"product_tag-adatvedelmi-nyilatkozat-minta","10":"product_tag-m","11":"wcpv_product_vendors-hellowp-csapat","13":"first","14":"instock","15":"downloadable","16":"virtual","17":"taxable","18":"purchasable","19":"product-type-simple"},"_links":{"self":[{"href":"https:\/\/hellowp.io\/hu\/wp-json\/wp\/v2\/product\/4863","targetHints":{"allow":["GET"]}}],"collection":[{"href":"https:\/\/hellowp.io\/hu\/wp-json\/wp\/v2\/product"}],"about":[{"href":"https:\/\/hellowp.io\/hu\/wp-json\/wp\/v2\/types\/product"}],"replies":[{"embeddable":true,"href":"https:\/\/hellowp.io\/hu\/wp-json\/wp\/v2\/comments?post=4863"}],"wp:featuredmedia":[{"embeddable":true,"href":"https:\/\/hellowp.io\/hu\/wp-json\/wp\/v2\/media\/3395"}],"wp:attachment":[{"href":"https:\/\/hellowp.io\/hu\/wp-json\/wp\/v2\/media?parent=4863"}],"wp:term":[{"taxonomy":"product_brand","embeddable":true,"href":"https:\/\/hellowp.io\/hu\/wp-json\/wp\/v2\/product_brand?post=4863"},{"taxonomy":"product_cat","embeddable":true,"href":"https:\/\/hellowp.io\/hu\/wp-json\/wp\/v2\/product_cat?post=4863"},{"taxonomy":"product_tag","embeddable":true,"href":"https:\/\/hellowp.io\/hu\/wp-json\/wp\/v2\/product_tag?post=4863"}],"curies":[{"name":"wp","href":"https:\/\/api.w.org\/{rel}","templated":true}]}}