{"id":37902,"date":"2020-03-17T08:59:12","date_gmt":"2020-03-17T07:59:12","guid":{"rendered":"https:\/\/hellowp.io\/hu\/?post_type=product&#038;p=37902"},"modified":"2020-09-29T17:51:05","modified_gmt":"2020-09-29T16:51:05","slug":"email-koltoztetes","status":"publish","type":"product","link":"https:\/\/hellowp.io\/hu\/t\/email-koltoztetes\/","title":{"rendered":"Email k\u00f6lt\u00f6ztet\u00e9s egyik szerverr\u0151l a m\u00e1sikra"},"content":{"rendered":"<p>A folyamat email-ek\u00a0 sz\u00e1m\u00e1nak f\u00fcggv\u00e9ny\u00e9ben ak\u00e1r t\u00f6bb \u00f3ra is lehet. \u00c1ltal\u00e1ban 2000 levelet 10 perc alatt k\u00f6lt\u00f6ztet\u00fcnk \u00e1t.<\/p>\n<p><strong>Mire van sz\u00fcks\u00e9g t\u0151led?<\/strong><\/p>\n<ul>\n<li>Email hozz\u00e1f\u00e9r\u00e9s a r\u00e9gi t\u00e1rhelyr\u0151l (Felhaszn\u00e1l\u00f3n\u00e9v, jelsz\u00f3)<\/li>\n<li>IMAP hozz\u00e1f\u00e9r\u00e9s a r\u00e9gi t\u00e1rhelyhez<\/li>\n<li>Email hozz\u00e1f\u00e9r\u00e9s az \u00faj t\u00e1rhelyhezhez<\/li>\n<li>IMAP hozz\u00e1f\u00e9r\u00e9s az \u00faj t\u00e1rhelyhez<\/li>\n<\/ul>\n<p><strong>A megrendel\u00e9ssel elfogadod a titoktart\u00e1si nyilatkozatot!<\/strong><\/p>\n","protected":false},"excerpt":{"rendered":"<p>Neh\u00e9zkes \u00e9s hosszadalmas az email-ek k\u00f6lt\u00f6ztet\u00e9se? Seg\u00edt\u00fcnk! [&#8230;]<\/p>\n<p><a class=\"btn btn-secondary understrap-read-more-link\" href=\"https:\/\/hellowp.io\/hu\/t\/email-koltoztetes\/\">Read More&#8230;<span class=\"screen-reader-text\"> from Email k\u00f6lt\u00f6ztet\u00e9s egyik szerverr\u0151l a m\u00e1sikra<\/span><\/a><\/p>\n","protected":false},"featured_media":37906,"comment_status":"open","ping_status":"closed","template":"","meta":{"_seopress_robots_primary_cat":"none","_seopress_titles_title":"","_seopress_titles_desc":"","_seopress_robots_index":""},"product_brand":[],"product_cat":[149],"product_tag":[161],"class_list":{"0":"post-37902","1":"product","2":"type-product","3":"status-publish","4":"has-post-thumbnail","6":"product_cat-szerver-tarhely-szolgaltatasok","7":"product_tag-m","8":"wcpv_product_vendors-webmi-io","10":"first","11":"instock","12":"virtual","13":"taxable","14":"purchasable","15":"product-type-simple"},"_links":{"self":[{"href":"https:\/\/hellowp.io\/hu\/wp-json\/wp\/v2\/product\/37902","targetHints":{"allow":["GET"]}}],"collection":[{"href":"https:\/\/hellowp.io\/hu\/wp-json\/wp\/v2\/product"}],"about":[{"href":"https:\/\/hellowp.io\/hu\/wp-json\/wp\/v2\/types\/product"}],"replies":[{"embeddable":true,"href":"https:\/\/hellowp.io\/hu\/wp-json\/wp\/v2\/comments?post=37902"}],"wp:featuredmedia":[{"embeddable":true,"href":"https:\/\/hellowp.io\/hu\/wp-json\/wp\/v2\/media\/37906"}],"wp:attachment":[{"href":"https:\/\/hellowp.io\/hu\/wp-json\/wp\/v2\/media?parent=37902"}],"wp:term":[{"taxonomy":"product_brand","embeddable":true,"href":"https:\/\/hellowp.io\/hu\/wp-json\/wp\/v2\/product_brand?post=37902"},{"taxonomy":"product_cat","embeddable":true,"href":"https:\/\/hellowp.io\/hu\/wp-json\/wp\/v2\/product_cat?post=37902"},{"taxonomy":"product_tag","embeddable":true,"href":"https:\/\/hellowp.io\/hu\/wp-json\/wp\/v2\/product_tag?post=37902"}],"curies":[{"name":"wp","href":"https:\/\/api.w.org\/{rel}","templated":true}]}}