{"id":3743,"date":"2019-03-28T06:27:34","date_gmt":"2019-03-28T05:27:34","guid":{"rendered":"https:\/\/hellowp.io\/hu\/?post_type=product&#038;p=3743"},"modified":"2022-02-18T08:47:40","modified_gmt":"2022-02-18T07:47:40","slug":"helloplastic-muanyag-hegeszto-weboldal","status":"publish","type":"product","link":"https:\/\/hellowp.io\/hu\/t\/helloplastic-muanyag-hegeszto-weboldal\/","title":{"rendered":"HelloPlastic &#8211; m\u0171anyag hegeszt\u0151 weboldal"},"content":{"rendered":"<p>Azonnal haszn\u00e1lhat\u00f3 komplett weboldal, nem ig\u00e9nyel fejleszt\u00e9st, csak a tartalmakat kell felt\u00f6ltened \u00e9s m\u00e1r indulhat is.<\/p>\n<p><strong><u>Az eg\u00e9sz oldal kezel\u00e9se nagyon egyszer\u0171<\/u>,<\/strong> hiszen DIVI szerkeszt\u0151vel k\u00e9sz\u00fclt, teh\u00e1t b\u00e1rmikor (k\u00fcl\u00f6n\u00f6sebb szak\u00e9rtelem n\u00e9lk\u00fcl) tudod m\u00f3dos\u00edtani, szerkeszteni az oldal \u00f6sszes r\u00e9sz\u00e9t.<\/p>\n<p>A fejleszt\u00e9s \u00e9s szerkeszt\u00e9s sor\u00e1n arra t\u00f6rekedt\u00fcnk, hogy a lehet\u0151 legjobb eredm\u00e9nyeket \u00e9rj el az oldallal a Google-ben. Betartottuk a Google \u00e1ltal fel\u00e1ll\u00edtott aj\u00e1nl\u00e1sokat, szab\u00e1lyokat, illetve \u00fagy optimaliz\u00e1ltuk az oldalt, hogy a gyors legyen mobilon \u00e9s sz\u00e1m\u00edt\u00f3g\u00e9pen egyar\u00e1nt, a bet\u00f6lt\u00e9si sebess\u00e9g kevesebb, mint f\u00e9l m\u00e1sodperc (\u00e1tlagosan 429 ms alatt t\u00f6lt be az oldalt), ami <strong>hihetetlen\u00fcl gyors<\/strong>!<\/p>\n<p><strong>Mit <u>tartalmaz<\/u> az aj\u00e1nlat?<\/strong><\/p>\n<ul>\n<li>A <strong>teljes megjelen\u00e9st<\/strong>, a komplett weboldalt<\/li>\n<li>A felhaszn\u00e1lt <strong>\u00f6sszes k\u00e9pet<\/strong><\/li>\n<li><strong>LOGO-t vektoros form\u00e1tumban<\/strong> (PDF, AI)<\/li>\n<\/ul>\n<p><strong>Hogyan kapom meg az oldalt?<\/strong><\/p>\n<p>H\u00e1rom m\u00f3don tudjuk \u00e1tadni:<\/p>\n<ul>\n<li><strong>Koll\u00e9g\u00e1nk b\u00e1rhov\u00e1 telep\u00edti neked, ahov\u00e1 csak szeretn\u00e9d.<\/strong><\/li>\n<li>Let\u00f6ltheted az aloldalakat egyenk\u00e9nt \u00e9s import\u00e1lhatod k\u00f6zvetlen\u00fcl a DIVI-be is.<\/li>\n<li>Let\u00f6ltheted az eg\u00e9sz oldalt egy export\u00e1lt form\u00e1tumban, amit <strong>All-in-One WP Migration<\/strong>-el k\u00e9sz\u00edtett\u00fcnk.<\/li>\n<\/ul>\n<p><u>Mind a h\u00e1rom m\u00f3d nagyon egyszer\u0171!<\/u><\/p>\n<p><strong>Mi t\u00f6rt\u00e9nik v\u00e1s\u00e1rl\u00e1s ut\u00e1n?<\/strong><\/p>\n<p>A v\u00e1s\u00e1rl\u00e1s ut\u00e1n koll\u00e9g\u00e1nk felkeres email-ben, vagy telefonon \u00e9s ha szeretn\u00e9d seg\u00edt\u00fcnk a weboldal kezdeti telep\u00edt\u00e9s\u00e9ben\/be\u00e1ll\u00edt\u00e1s\u00e1ban.<\/p>\n<p><strong>Mit tehetek az oldallal?<\/strong><\/p>\n<ul>\n<li>Korl\u00e1tlan ideig haszn\u00e1lhatod<\/li>\n<li>Korl\u00e1tlan weboldalon haszn\u00e1lhatod<\/li>\n<li>\u00dcgyfeleiddel szabadon megoszthatod\/eladhatod<\/li>\n<\/ul>\n<p><strong>A weboldal tartalmazza az \u00f6sszes license \u00e9s be\u00e1ll\u00edt\u00e1si k\u00f6lts\u00e9get.<\/strong><\/p>\n<p>&nbsp;<\/p>\n","protected":false},"excerpt":{"rendered":"<p>Komplett, m\u0171k\u00f6d\u0151 weboldal m\u0171anyag hegeszt\u0151k r\u00e9sz\u00e9re. [&#8230;]<\/p>\n<p><a class=\"btn btn-secondary understrap-read-more-link\" href=\"https:\/\/hellowp.io\/hu\/t\/helloplastic-muanyag-hegeszto-weboldal\/\">Read More&#8230;<span class=\"screen-reader-text\"> from HelloPlastic &#8211; m\u0171anyag hegeszt\u0151 weboldal<\/span><\/a><\/p>\n","protected":false},"featured_media":3744,"comment_status":"open","ping_status":"closed","template":"","meta":{"_seopress_robots_primary_cat":"none","_seopress_titles_title":"","_seopress_titles_desc":"","_seopress_robots_index":""},"product_brand":[],"product_cat":[26],"product_tag":[160,142,66,73,131],"class_list":{"0":"post-3743","1":"product","2":"type-product","3":"status-publish","4":"has-post-thumbnail","6":"product_cat-komplett-weboldal","7":"product_tag-d","8":"product_tag-divi-mega-weboldal","9":"product_tag-klub","10":"product_tag-szakmunka","11":"product_tag-w","12":"wcpv_product_vendors-divi-mega-team","14":"first","15":"instock","16":"downloadable","17":"virtual","18":"taxable","19":"purchasable","20":"product-type-simple"},"_links":{"self":[{"href":"https:\/\/hellowp.io\/hu\/wp-json\/wp\/v2\/product\/3743","targetHints":{"allow":["GET"]}}],"collection":[{"href":"https:\/\/hellowp.io\/hu\/wp-json\/wp\/v2\/product"}],"about":[{"href":"https:\/\/hellowp.io\/hu\/wp-json\/wp\/v2\/types\/product"}],"replies":[{"embeddable":true,"href":"https:\/\/hellowp.io\/hu\/wp-json\/wp\/v2\/comments?post=3743"}],"wp:featuredmedia":[{"embeddable":true,"href":"https:\/\/hellowp.io\/hu\/wp-json\/wp\/v2\/media\/3744"}],"wp:attachment":[{"href":"https:\/\/hellowp.io\/hu\/wp-json\/wp\/v2\/media?parent=3743"}],"wp:term":[{"taxonomy":"product_brand","embeddable":true,"href":"https:\/\/hellowp.io\/hu\/wp-json\/wp\/v2\/product_brand?post=3743"},{"taxonomy":"product_cat","embeddable":true,"href":"https:\/\/hellowp.io\/hu\/wp-json\/wp\/v2\/product_cat?post=3743"},{"taxonomy":"product_tag","embeddable":true,"href":"https:\/\/hellowp.io\/hu\/wp-json\/wp\/v2\/product_tag?post=3743"}],"curies":[{"name":"wp","href":"https:\/\/api.w.org\/{rel}","templated":true}]}}