{"id":3525,"date":"2019-03-23T23:27:03","date_gmt":"2019-03-23T22:27:03","guid":{"rendered":"https:\/\/hellowp.io\/hu\/?post_type=product&#038;p=3525"},"modified":"2024-03-27T15:55:34","modified_gmt":"2024-03-27T14:55:34","slug":"hellotojas-tojasfarm-weboldal","status":"publish","type":"product","link":"https:\/\/hellowp.io\/hu\/t\/hellotojas-tojasfarm-weboldal\/","title":{"rendered":"HelloToj\u00e1s &#8211; toj\u00e1sfarm weboldal"},"content":{"rendered":"<p><strong><u>Az eg\u00e9sz oldal kezel\u00e9se nagyon egyszer\u0171<\/u>,<\/strong>\u00a0hiszen DIVI szerkeszt\u0151vel k\u00e9sz\u00fclt, teh\u00e1t b\u00e1rmikor (k\u00fcl\u00f6n\u00f6sebb szak\u00e9rtelem n\u00e9lk\u00fcl) tudod m\u00f3dos\u00edtani, szerkeszteni az oldal \u00f6sszes r\u00e9sz\u00e9t.<\/p>\n<p>A fejleszt\u00e9s \u00e9s szerkeszt\u00e9s sor\u00e1n arra t\u00f6rekedt\u00fcnk, hogy a lehet\u0151 legjobb eredm\u00e9nyeket \u00e9rj el az oldallal a Google-ben. Betartottuk a Google \u00e1ltal fel\u00e1ll\u00edtott aj\u00e1nl\u00e1sokat, szab\u00e1lyokat, illetve \u00fagy optimaliz\u00e1ltuk az oldalt, hogy a gyors legyen mobilon \u00e9s sz\u00e1m\u00edt\u00f3g\u00e9pen egyar\u00e1nt, a bet\u00f6lt\u00e9si sebess\u00e9g kevesebb, mint f\u00e9l m\u00e1sodperc (\u00e1tlagosan 429 ms alatt t\u00f6lt be az oldalt), ami\u00a0<strong>hihetetlen\u00fcl gyors<\/strong>!<\/p>\n<p><strong>Mit\u00a0<u>tartalmaz<\/u>\u00a0az aj\u00e1nlat?<\/strong><\/p>\n<ul>\n<li>A\u00a0<strong>teljes megjelen\u00e9st<\/strong>, a komplett weboldalt<\/li>\n<\/ul>\n<p><strong>Milyen\u00a0<u>aj\u00e1nd\u00e9kokat<\/u>\u00a0kapok?<\/strong><\/p>\n<ul>\n<li>A felhaszn\u00e1lt\u00a0<strong>\u00f6sszes k\u00e9pet<\/strong><\/li>\n<li><strong>LOGO-t vektoros form\u00e1tumban<\/strong> (AI)<\/li>\n<\/ul>\n<p><strong>Hogyan kapom meg az oldalt?<\/strong><\/p>\n<p>Egy k\u00f6nnyen kezelhet\u0151 telep\u00edt\u0151t tartalmaz. <a class=\"button is-small\" href=\"https:\/\/www.youtube.com\/watch?v=Y28_0t3u8Io\" target=\"_blank\" rel=\"noopener noreferrer\"><br \/>\n<span class=\"icon\"><br \/>\n<i class=\"fab fa-youtube\"><\/i><br \/>\n<\/span><br \/>\nVide\u00f3 a haszn\u00e1lat\u00e1r\u00f3l<br \/>\n<\/a><\/p>\n<p>Term\u00e9szetesen ingyenesen telep\u00edtj\u00fck, ha k\u00fcl\u00f6n k\u00e9red.<\/p>\n<p><u>Mind a h\u00e1rom m\u00f3d nagyon egyszer\u0171!<\/u><\/p>\n<p><strong>Mi t\u00f6rt\u00e9nik v\u00e1s\u00e1rl\u00e1s ut\u00e1n?<\/strong><\/p>\n<p>A v\u00e1s\u00e1rl\u00e1s ut\u00e1n koll\u00e9g\u00e1nk felkeres email-ben, vagy telefonon \u00e9s ha szeretn\u00e9d seg\u00edt\u00fcnk a weboldal kezdeti telep\u00edt\u00e9s\u00e9ben\/be\u00e1ll\u00edt\u00e1s\u00e1ban.<\/p>\n<p><strong>Mit tehetek az oldallal?<\/strong><\/p>\n<ul>\n<li>Korl\u00e1tlan ideig haszn\u00e1lhatod<\/li>\n<li>Korl\u00e1tlan weboldalon haszn\u00e1lhatod<\/li>\n<li>\u00dcgyfeleiddel szabadon megoszthatod\/eladhatod<\/li>\n<\/ul>\n<p><strong>A weboldal tartalmazza az \u00f6sszes license \u00e9s be\u00e1ll\u00edt\u00e1si k\u00f6lts\u00e9get.<\/strong><\/p>\n<p><strong><u>FIGYELEM! A Weboldal haszn\u00e1lat\u00e1hoz DIVI-re van sz\u00fcks\u00e9g!<\/u><\/strong> B\u00e1r kapsz egy DIVI-t hozz\u00e1, amit haszn\u00e1lhatsz, de friss\u00edt\u00e9sekhez \u00e9s t\u00e1mogat\u00e1shoz API kulcsra lesz sz\u00fcks\u00e9ged!<\/p>\n","protected":false},"excerpt":{"rendered":"<p>Komplett, m\u0171k\u00f6d\u0151 weboldal, rendel\u0151s\u00e9i fel\u00fclettel toj\u00e1sfarmok r\u00e9sz\u00e9re. [&#8230;]<\/p>\n<p><a class=\"btn btn-secondary understrap-read-more-link\" href=\"https:\/\/hellowp.io\/hu\/t\/hellotojas-tojasfarm-weboldal\/\">Read More&#8230;<span class=\"screen-reader-text\"> from HelloToj\u00e1s &#8211; toj\u00e1sfarm weboldal<\/span><\/a><\/p>\n","protected":false},"featured_media":3534,"comment_status":"open","ping_status":"closed","template":"","meta":{"_seopress_robots_primary_cat":"none","_seopress_titles_title":"","_seopress_titles_desc":"","_seopress_robots_index":""},"product_brand":[],"product_cat":[26],"product_tag":[68,69,160,142,66,67,131],"class_list":{"0":"post-3525","1":"product","2":"type-product","3":"status-publish","4":"has-post-thumbnail","6":"product_cat-komplett-weboldal","7":"product_tag-csirke-weboldal","8":"product_tag-csirkes-weboldal","9":"product_tag-d","10":"product_tag-divi-mega-weboldal","11":"product_tag-klub","12":"product_tag-tojasfarm-weboldal","13":"product_tag-w","14":"wcpv_product_vendors-divi-mega-team","16":"first","17":"instock","18":"downloadable","19":"virtual","20":"taxable","21":"purchasable","22":"product-type-simple"},"_links":{"self":[{"href":"https:\/\/hellowp.io\/hu\/wp-json\/wp\/v2\/product\/3525","targetHints":{"allow":["GET"]}}],"collection":[{"href":"https:\/\/hellowp.io\/hu\/wp-json\/wp\/v2\/product"}],"about":[{"href":"https:\/\/hellowp.io\/hu\/wp-json\/wp\/v2\/types\/product"}],"replies":[{"embeddable":true,"href":"https:\/\/hellowp.io\/hu\/wp-json\/wp\/v2\/comments?post=3525"}],"wp:featuredmedia":[{"embeddable":true,"href":"https:\/\/hellowp.io\/hu\/wp-json\/wp\/v2\/media\/3534"}],"wp:attachment":[{"href":"https:\/\/hellowp.io\/hu\/wp-json\/wp\/v2\/media?parent=3525"}],"wp:term":[{"taxonomy":"product_brand","embeddable":true,"href":"https:\/\/hellowp.io\/hu\/wp-json\/wp\/v2\/product_brand?post=3525"},{"taxonomy":"product_cat","embeddable":true,"href":"https:\/\/hellowp.io\/hu\/wp-json\/wp\/v2\/product_cat?post=3525"},{"taxonomy":"product_tag","embeddable":true,"href":"https:\/\/hellowp.io\/hu\/wp-json\/wp\/v2\/product_tag?post=3525"}],"curies":[{"name":"wp","href":"https:\/\/api.w.org\/{rel}","templated":true}]}}