{"id":3385,"date":"2019-03-18T12:44:10","date_gmt":"2019-03-18T11:44:10","guid":{"rendered":"https:\/\/hellowp.io\/hu\/?post_type=product&#038;p=3385"},"modified":"2026-04-23T16:32:37","modified_gmt":"2026-04-23T15:32:37","slug":"webshop-aszf-minta","status":"publish","type":"product","link":"https:\/\/hellowp.io\/hu\/t\/webshop-aszf-minta\/","title":{"rendered":"Becs\u00fcletkassz\u00e1s webshop \u00c1SZF minta &#8211; 2024-as verzi\u00f3"},"content":{"rendered":"<p>K\u00e9sz\u00edtett\u00fcnk egy <strong>\u00c1ltal\u00e1nos Szerz\u0151d\u00e9si Felt\u00e9telek<\/strong> mint\u00e1t webshopokhoz, hogy neked m\u00e1r ne kelljen bajl\u00f3dni vele. <strong>Az \u00c1SZF kimondottan WooCommerce shopokhoz k\u00e9sz\u00fclt!<\/strong><\/p>\n<p><strong>A v\u00e1s\u00e1rl\u00e1s ut\u00e1n kapsz egy k\u00e9sz dokumentumot, amit let\u00f6lthetsz \u00e9s csak annyi a dolgod, hogy a <span class=\"bg-warning\">S\u00c1RGA H\u00c1TTER\u0170<\/span> r\u00e9szeket \u00e9rtelemszer\u0171en kit\u00f6lt\u00f6d.<\/strong><\/p>\n<p>A minta szerz\u0151d\u00e9s 29 A4-es oldalnyi sz\u00f6veg, nagyon alaposan kidolgoztuk!<\/p>\n<h4 class=\"h4 underline-deep-primary\">Mit tartalmaz a dokumentum?<\/h4>\n<ul>\n<li>\u00dczemeltet\u0151 adatai<\/li>\n<li>T\u00e1rhelyszolg\u00e1ltat\u00f3 adatai<\/li>\n<li>Fogalmak<\/li>\n<li>Vonatkoz\u00f3 jogszab\u00e1lyok<\/li>\n<li>\u00c1SZF hat\u00e1lya<\/li>\n<li>\u00c1rak<\/li>\n<li>Panasz \u00e9s jogorvoslat<\/li>\n<li>Fogyaszt\u00f3v\u00e9delmi hat\u00f3s\u00e1gok<\/li>\n<li>B\u00e9k\u00e9ltet\u0151 test\u00fcletek<\/li>\n<li>\u00c9rv\u00e9nyess\u00e9g<\/li>\n<li>Magatart\u00e1si k\u00f3dex<\/li>\n<li>M\u0171szaki h\u00e1tt\u00e9r<\/li>\n<li>Term\u00e9kek tulajdons\u00e1gai<\/li>\n<li>Adatbeviteli hib\u00e1k \u00e9s felel\u0151ss\u00e9g hib\u00e1k miatt<\/li>\n<li>Hib\u00e1s \u00e1r \u00e9s el\u00fct\u00e9sek<\/li>\n<li>Webshop haszn\u00e1lata<\/li>\n<li>Rendel\u00e9s menete<\/li>\n<li>Rendel\u00e9s feldolgoz\u00e1sa \u00e9s szerz\u0151d\u00e9s<\/li>\n<li>Fizet\u00e9si m\u00f3dok<\/li>\n<li>\u00c1tv\u00e9teli m\u00f3dok<\/li>\n<li><strong>K\u00fclf\u00f6ldi \u00e9rt\u00e9kes\u00edt\u00e9s<\/strong><\/li>\n<li>El\u00e1ll\u00e1si felt\u00e9telek \u00e9s jogok<\/li>\n<li>Garancia<\/li>\n<li>Szavatoss\u00e1g, j\u00f3t\u00e1ll\u00e1s<\/li>\n<li>Cseregarancia<\/li>\n<\/ul>\n<h5 class=\"underline-deep-success\">Mit tehetsz a mint\u00e1val?<\/h5>\n<ul>\n<li>Korl\u00e1tlan ideig haszn\u00e1lhatod<\/li>\n<li><strong>1 weboldalon haszn\u00e1lhatod<\/strong><\/li>\n<li>\u00dcgyfeleiddel szabadon megoszthatod<\/li>\n<\/ul>\n<h5 class=\"underline-deep-danger\">Mit nem tehetsz a mint\u00e1val?<\/h5>\n<ul>\n<li>Nem adhatod el!<\/li>\n<\/ul>\n<p>Jelen dokumentum csup\u00e1n \u00fatmutat\u00f3k\u00e9nt szolg\u00e1l. Semmilyen felel\u0151ss\u00e9get nem v\u00e1llalunk a haszn\u00e1lat\u00e9rt. Amennyiben szem\u00e9lyre szabott adatv\u00e9delmi nyilatkozatot szeretn\u00e9l a weboldaladra k\u00e9rj\u00fck, keress fel egy internetes jog\u00e1szt, szakembert.<\/p>\n","protected":false},"excerpt":{"rendered":"<p><strong><u>Mondd meg te, hogy mennyit szeretn\u00e9l fizetni!<\/u><\/strong><\/p>\n<p>Tudtad, hogy egy ilyen dokumentumot kb. 250-450.000 Ft-\u00e9rt k\u00e9sz\u00edtenek \u00fcgyv\u00e9dek? [&#8230;]<\/p>\n<p><a class=\"btn btn-secondary understrap-read-more-link\" href=\"https:\/\/hellowp.io\/hu\/t\/webshop-aszf-minta\/\">Read More&#8230;<span class=\"screen-reader-text\"> from Becs\u00fcletkassz\u00e1s webshop \u00c1SZF minta &#8211; 2024-as verzi\u00f3<\/span><\/a><\/p>\n","protected":false},"featured_media":3388,"comment_status":"open","ping_status":"closed","template":"","meta":{"_seopress_robots_primary_cat":"none","_seopress_titles_title":"","_seopress_titles_desc":"K\u00e9sz\u00edtett\u00fcnk egy \u00c1SZF mint\u00e1t webshopokhoz, hogy neked m\u00e1r ne kelljen bajl\u00f3dni vele.","_seopress_robots_index":""},"product_brand":[],"product_cat":[98,56],"product_tag":[62,63,161],"class_list":{"0":"post-3385","1":"product","2":"type-product","3":"status-publish","4":"has-post-thumbnail","6":"product_cat-becsuletkasszas-termek","7":"product_cat-szerzodesmintak","8":"product_tag-aszf-minta","9":"product_tag-aszf-minta-letoltes","10":"product_tag-m","11":"wcpv_product_vendors-hellowp-csapat","13":"first","14":"instock","15":"downloadable","16":"virtual","17":"taxable","18":"purchasable","19":"product-type-simple"},"_links":{"self":[{"href":"https:\/\/hellowp.io\/hu\/wp-json\/wp\/v2\/product\/3385","targetHints":{"allow":["GET"]}}],"collection":[{"href":"https:\/\/hellowp.io\/hu\/wp-json\/wp\/v2\/product"}],"about":[{"href":"https:\/\/hellowp.io\/hu\/wp-json\/wp\/v2\/types\/product"}],"replies":[{"embeddable":true,"href":"https:\/\/hellowp.io\/hu\/wp-json\/wp\/v2\/comments?post=3385"}],"wp:featuredmedia":[{"embeddable":true,"href":"https:\/\/hellowp.io\/hu\/wp-json\/wp\/v2\/media\/3388"}],"wp:attachment":[{"href":"https:\/\/hellowp.io\/hu\/wp-json\/wp\/v2\/media?parent=3385"}],"wp:term":[{"taxonomy":"product_brand","embeddable":true,"href":"https:\/\/hellowp.io\/hu\/wp-json\/wp\/v2\/product_brand?post=3385"},{"taxonomy":"product_cat","embeddable":true,"href":"https:\/\/hellowp.io\/hu\/wp-json\/wp\/v2\/product_cat?post=3385"},{"taxonomy":"product_tag","embeddable":true,"href":"https:\/\/hellowp.io\/hu\/wp-json\/wp\/v2\/product_tag?post=3385"}],"curies":[{"name":"wp","href":"https:\/\/api.w.org\/{rel}","templated":true}]}}