{"id":3353,"date":"2019-03-16T08:19:34","date_gmt":"2019-03-16T07:19:34","guid":{"rendered":"https:\/\/hellowp.io\/hu\/?post_type=product&#038;p=3353"},"modified":"2026-03-29T08:55:38","modified_gmt":"2026-03-29T07:55:38","slug":"sutik-cookie-kezelese-minta","status":"publish","type":"product","link":"https:\/\/hellowp.io\/hu\/t\/sutik-cookie-kezelese-minta\/","title":{"rendered":"Becs\u00fcletkassz\u00e1s S\u00dcTIK (cookie) kezel\u00e9se minta (GDPR kompatibilis)"},"content":{"rendered":"<p>K\u00e9sz\u00edtett\u00fcnk egy cookie\/s\u00fctinyilatkozat mint\u00e1t, hogy neked m\u00e1r ne kelljen bajl\u00f3dni vele.<\/p>\n<p><strong>A v\u00e1s\u00e1rl\u00e1s ut\u00e1n kapsz egy k\u00e9sz dokumentumot, amit let\u00f6lthetsz \u00e9s csak annyi a dolgod, hogy a <span\n        class=\"bg-warning\">S\u00c1RGA H\u00c1TTER\u0170<\/span> r\u00e9szeket \u00e9rtelemszer\u0171en kit\u00f6lt\u00f6d.<\/strong><\/p>\n<h4 class=\"h4 underline-deep-primary\">Mit tartalmaz a dokumentum?<\/h4>\n<ul>\n<li>S\u00fctik (cookie) kezel\u00e9se \u00e1ltal\u00e1nos le\u00edr\u00e1s<\/li>\n<li>Mi az a Cookie?<\/li>\n<li>Hogyan keletkezik a Cookie?<\/li>\n<li>Hogyan hasznosul a Cookie?<\/li>\n<li>Milyen s\u00fctiket \u00e9s mire haszn\u00e1l a weboldal?<\/li>\n<li>A s\u00fctik t\u00edpusai<\/li>\n<li>Alapm\u0171k\u00f6d\u00e9st biztos\u00edt\u00f3 s\u00fctik<\/li>\n<li>Statisztikai c\u00e9l\u00fa s\u00fctik<\/li>\n<li>Teljes\u00edtm\u00e9nyt biztos\u00edt\u00f3 s\u00fctik -&gt; egyszer\u0171 \u00fatmutat\u00f3 a kit\u00f6lt\u00e9shez<\/li>\n<li>C\u00e9lz\u00f3- \u00e9s hirdet\u00e9si s\u00fctik (opcion\u00e1lis)<\/li>\n<li><strong>Honlapunkon az al\u00e1bbi szolg\u00e1ltat\u00f3k hirdet\u00e9si s\u00fctijeit haszn\u00e1ljuk:<\/strong>\n<ul>\n<li>Google Adwords (opcion\u00e1lis)<\/li>\n<li>Google Analytics (opcion\u00e1lis)<\/li>\n<li>Facebook (opcion\u00e1lis)<\/li>\n<li>Doubleclick (opcion\u00e1lis)<\/li>\n<li>Instagram (opcion\u00e1lis)<\/li>\n<\/ul>\n<\/li>\n<li>Hogyan ellen\u0151rizheti, \u00e9s hogyan tudja kikapcsolnia a s\u00fctiket?<\/li>\n<li>Milyen s\u00fctiket haszn\u00e1l a weboldal? (opcion\u00e1lis, \u00e1tvizsg\u00e1l\u00e1s sz\u00fcks\u00e9ges)<\/li>\n<\/ul>\n<h5 class=\"underline-deep-success\">Mit tehetsz a mint\u00e1val?<\/h5>\n<ul>\n<li>Korl\u00e1tlan ideig haszn\u00e1lhatod<\/li>\n<li>1 weboldalon haszn\u00e1lhatod<\/li>\n<li>\u00dcgyfeleiddel szabadon megoszthatod<\/li>\n<\/ul>\n<h5 class=\"underline-deep-danger\">Mit nem tehetsz a mint\u00e1val?<\/h5>\n<ul>\n<li>Nem adhatod el!<\/li>\n<\/ul>\n<p><strong>Az \u00e1r tartalmazza az esetleges jogv\u00e1ltoz\u00e1s \u00e9s ut\u00e1nk\u00f6vet\u00e9s \u00e1r\u00e1t is, amelyr\u0151l email-ben \u00e9rtes\u00edtj\u00fck a v\u00e1s\u00e1rl\u00f3kat.<br \/>\n<\/strong><\/p>\n","protected":false},"excerpt":{"rendered":"<p>L\u00e9gy leg\u00e1lis! K\u00e9sz\u00edtett\u00fcnk egy cookie\/s\u00fctinyilatkozat mint\u00e1t, hogy neked m\u00e1r ne kelljen bajl\u00f3dni vele. [&#8230;]<\/p>\n<p><a class=\"btn btn-secondary understrap-read-more-link\" href=\"https:\/\/hellowp.io\/hu\/t\/sutik-cookie-kezelese-minta\/\">Read More&#8230;<span class=\"screen-reader-text\"> from Becs\u00fcletkassz\u00e1s S\u00dcTIK (cookie) kezel\u00e9se minta (GDPR kompatibilis)<\/span><\/a><\/p>\n","protected":false},"featured_media":3362,"comment_status":"open","ping_status":"closed","template":"","meta":{"_seopress_robots_primary_cat":"","_seopress_titles_title":"","_seopress_titles_desc":"","_seopress_robots_index":""},"product_brand":[],"product_cat":[98,56],"product_tag":[58,60,61,161,59],"class_list":{"0":"post-3353","1":"product","2":"type-product","3":"status-publish","4":"has-post-thumbnail","6":"product_cat-becsuletkasszas-termek","7":"product_cat-szerzodesmintak","8":"product_tag-cookie-minta","9":"product_tag-letoltheto-cookie-minta","10":"product_tag-letoltheto-suti-minta","11":"product_tag-m","12":"product_tag-suti-minta","13":"wcpv_product_vendors-zanko-bianka","15":"first","16":"instock","17":"downloadable","18":"virtual","19":"taxable","20":"purchasable","21":"product-type-simple"},"_links":{"self":[{"href":"https:\/\/hellowp.io\/hu\/wp-json\/wp\/v2\/product\/3353","targetHints":{"allow":["GET"]}}],"collection":[{"href":"https:\/\/hellowp.io\/hu\/wp-json\/wp\/v2\/product"}],"about":[{"href":"https:\/\/hellowp.io\/hu\/wp-json\/wp\/v2\/types\/product"}],"replies":[{"embeddable":true,"href":"https:\/\/hellowp.io\/hu\/wp-json\/wp\/v2\/comments?post=3353"}],"wp:featuredmedia":[{"embeddable":true,"href":"https:\/\/hellowp.io\/hu\/wp-json\/wp\/v2\/media\/3362"}],"wp:attachment":[{"href":"https:\/\/hellowp.io\/hu\/wp-json\/wp\/v2\/media?parent=3353"}],"wp:term":[{"taxonomy":"product_brand","embeddable":true,"href":"https:\/\/hellowp.io\/hu\/wp-json\/wp\/v2\/product_brand?post=3353"},{"taxonomy":"product_cat","embeddable":true,"href":"https:\/\/hellowp.io\/hu\/wp-json\/wp\/v2\/product_cat?post=3353"},{"taxonomy":"product_tag","embeddable":true,"href":"https:\/\/hellowp.io\/hu\/wp-json\/wp\/v2\/product_tag?post=3353"}],"curies":[{"name":"wp","href":"https:\/\/api.w.org\/{rel}","templated":true}]}}