{"id":317,"date":"2019-01-23T12:06:01","date_gmt":"2019-01-23T11:06:01","guid":{"rendered":"https:\/\/hellowp.io\/hu\/?post_type=product&#038;p=317"},"modified":"2026-04-09T15:32:45","modified_gmt":"2026-04-09T14:32:45","slug":"divi-license-lifetime","status":"publish","type":"product","link":"https:\/\/hellowp.io\/hu\/t\/divi-license-lifetime\/","title":{"rendered":"Pr\u00e9mium t\u00e1mogat\u00e1s DIVI-hez \u00e9s aj\u00e1nd\u00e9k Divi License (Lifetime) &#8211; API kulcs"},"content":{"rendered":"<p>A Divi az egyik legn\u00e9pszer\u0171bb vizu\u00e1lis szerkeszt\u0151, t\u00f6bb mint 800.000 felhaszn\u00e1l\u00f3 haszn\u00e1lja vil\u00e1gszerte. Ez nem v\u00e9letlen, hiszen <strong>hozz\u00e1\u00e9rt\u00e9s n\u00e9lk\u00fcl is \u00e9p\u00edthetsz profi weboldalakat a haszn\u00e1lat\u00e1val<\/strong>. Seg\u00edt\u00fcnk neked, ha elakadn\u00e1l, vagy k\u00e9rd\u00e9seid lenn\u00e9nek a kezel\u00e9s\u00e9vel kapcsolatban.<\/p>\n<h4 class=\"underline-deep-primary\">T\u00c1MOGAT\u00c1S<\/h4>\n<p class=\"m-t-sm\">Magyar t\u00e1mogat\u00e1st ny\u00fajtunk a priv\u00e1t Facebook csoportunkban a k\u00f6vetkez\u0151 term\u00e9kekhez: Divi, Divi Extra, Divi Builder, Bloom, Monarch<\/p>\n<h4 class=\"underline-deep-primary\">API KULCS<\/h4>\n<p class=\"m-t-sm\"><strong>A tags\u00e1g mell\u00e9 j\u00e1r egy aj\u00e1nd\u00e9k API KULCS IS<\/strong>, amivel szabadon <strong>let\u00f6ltheted<\/strong>, illetve <strong>friss\u00edtheted<\/strong>  a k\u00f6vetkez\u0151 term\u00e9keket: Divi, Divi Extra, Divi Builder, Bloom, Monarch. Korl\u00e1tlan weboldalon haszn\u00e1lhatod, illetve korl\u00e1tlan ideig. <u><strong>A kulcs \u00f6r\u00f6k \u00e9letre sz\u00f3l<\/strong>.<\/u><\/p>\n<h5 class=\"underline-deep-success\">Mit tehetsz az API kulccsal?<\/h5>\n<ul>\n<li>Korl\u00e1tlan ideig haszn\u00e1lhatod<\/li>\n<li>Korl\u00e1tlan weboldalon haszn\u00e1lhatod<\/li>\n<li>\u00dcgyfeleiddel szabadon megoszthatod<\/li>\n<\/ul>\n<h5 class=\"underline-deep-danger\">Mit nem tehetsz az API kulccsal?<\/h5>\n<ul>\n<li>Nem adhatod el!<\/li>\n<li>Nem oszthatod meg nyilv\u00e1nos helyeken!<\/li>\n<\/ul>\n<p>Az \u00e1r tartalmazza a hozz\u00e1f\u00e9r\u00e9st a priv\u00e1t Facebook csoportunkhoz \u00e9s az \u00f6sszes felmer\u00fcl\u0151 license k\u00f6lts\u00e9get. <strong>A hozz\u00e1f\u00e9r\u00e9snek nincs tov\u00e1bbi k\u00f6lts\u00e9ge az egyszeri bel\u00e9pi d\u00edjon k\u00edv\u00fcl.<\/strong><\/p>\n<div class=\"col-12 mx-auto\">\n<h2 class=\"h4 border border-5 border-orange border-top-0 border-end-0 border-bottom-0 ps-2 pt-1\">Maradtak m\u00e9g k\u00e9rd\u00e9seid?<\/h2>\n<\/div>\n\n<div class=\"mx-auto text-center position-relative\">\n\n    <!-- FAQ START -->\n    <div class=\"accordion accordion-icon accordion-shadow mt-4 text-start position-relative\" id=\"accordionHelloPack\">\n        <!-- Item -->\n        <div class=\"accordion-item mb-3\">\n            <h6 class=\"accordion-header font-base\" id=\"heading-2\">\n                <button class=\"accordion-button fw-bold rounded collapsed pe-5\" type=\"button\" data-bs-toggle=\"collapse\" data-bs-target=\"#collapse-2\" aria-expanded=\"false\" aria-controls=\"collapse-2\">\n                   Kor\u00e1bban m\u00e1r volt licensem, hogyan tudom az \u00fajat be\u00e1ll\u00edtani?\n                <\/button>\n            <\/h6>\n            <!-- Body -->\n            <div id=\"collapse-2\" class=\"accordion-collapse collapse\" aria-labelledby=\"heading-2\" data-bs-parent=\"#accordionHelloPack\">\n                <div class=\"accordion-body mt-3\">\n                   Nagyon egyszer\u0171en, p\u00e1r l\u00e9p\u00e9s az eg\u00e9sz. Kattints a WordPress adminban ide: Divi (bal lent) -&gt; Sablon be\u00e1ll\u00edt\u00e1sok -&gt; Updates (vagy Friss\u00edt\u00e9s) f\u00fcl -&gt; Felhaszn\u00e1l\u00f3n\u00e9v \u00e9s API Kulcs\n                <\/div>\n            <\/div>\n        <\/div>\n\n        <!-- Item -->\n        <div class=\"accordion-item mb-3\">\n            <h6 class=\"accordion-header font-base\" id=\"heading-3\">\n                <button class=\"accordion-button fw-bold collapsed rounded pe-5\" type=\"button\" data-bs-toggle=\"collapse\" data-bs-target=\"#collapse-3\" aria-expanded=\"false\" aria-controls=\"collapse-3\">\n                   Az Elegant Themes \u00ae tud err\u0151l t\u00e1mogat\u00e1sr\u00f3l \u00e9s az aj\u00e1nd\u00e9kr\u00f3l?\n                <\/button>\n            <\/h6>\n            <!-- Body -->\n            <div id=\"collapse-3\" class=\"accordion-collapse collapse\" aria-labelledby=\"heading-3\" data-bs-parent=\"#accordionHelloPack\">\n                <div class=\"accordion-body mt-3\">\n                    Igen, mi t\u00e1j\u00e9koztattuk \u0151ket \u00e9s j\u00f3v\u00e1hagy\u00e1st kaptunk!\n                <\/div>\n            <\/div>\n        <\/div>\n\n<!-- Item -->\n        <div class=\"accordion-item mb-3\">\n            <h6 class=\"accordion-header font-base\" id=\"heading-4\">\n                <button class=\"accordion-button fw-bold collapsed rounded pe-5\" type=\"button\" data-bs-toggle=\"collapse\" data-bs-target=\"#collapse-4\" aria-expanded=\"false\" aria-controls=\"collapse-3\">\n                    Mi a k\u00fcl\u00f6nbs\u00e9g a Divi \u00e9s a Divi Mega csomag k\u00f6z\u00f6tt?\n                <\/button>\n            <\/h6>\n            <!-- Body -->\n            <div id=\"collapse-4\" class=\"accordion-collapse collapse\" aria-labelledby=\"heading-4\" data-bs-parent=\"#accordionHelloPack\">\n                <div class=\"accordion-body mt-3\">\n                   A Divi Mega csomagban benne van a Divi is \u00e9s az \u00e1ltalunk k\u00e9sz\u00edtett sz\u00e1mos kieg\u00e9sz\u00edt\u0151 is. \n                <\/div>\n            <\/div>\n        <\/div>\n\n    <\/div>\n    <!-- FAQ END -->\n<\/div>\n","protected":false},"excerpt":{"rendered":"<p>A Divi az egyik legn\u00e9pszer\u0171bb vizu\u00e1lis szerkeszt\u0151 WordPress-hez, t\u00f6bb mint 500.000 felhaszn\u00e1l\u00f3 haszn\u00e1lja vil\u00e1gszerte. [&#8230;]<\/p>\n<p><a class=\"btn btn-secondary understrap-read-more-link\" href=\"https:\/\/hellowp.io\/hu\/t\/divi-license-lifetime\/\">Read More&#8230;<span class=\"screen-reader-text\"> from Pr\u00e9mium t\u00e1mogat\u00e1s DIVI-hez \u00e9s aj\u00e1nd\u00e9k Divi License (Lifetime) &#8211; API kulcs<\/span><\/a><\/p>\n","protected":false},"featured_media":1920,"comment_status":"open","ping_status":"closed","template":"","meta":{"_seopress_robots_primary_cat":"none","_seopress_titles_title":"","_seopress_titles_desc":"A Divi az egyik legn\u00e9pszer\u0171bb vizu\u00e1lis szerkeszt\u0151 WordPress-hez, t\u00f6bb mint 500.000 felhaszn\u00e1l\u00f3 haszn\u00e1lja vil\u00e1gszerte.","_seopress_robots_index":""},"product_brand":[],"product_cat":[31],"product_tag":[161,133],"class_list":{"0":"post-317","1":"product","2":"type-product","3":"status-publish","4":"has-post-thumbnail","6":"product_cat-premium-sablonok-grafikak","7":"product_tag-m","8":"product_tag-szolgaltatas","9":"wcpv_product_vendors-hellowp-csapat","11":"first","12":"instock","13":"sale","14":"downloadable","15":"virtual","16":"taxable","17":"purchasable","18":"product-type-simple"},"_links":{"self":[{"href":"https:\/\/hellowp.io\/hu\/wp-json\/wp\/v2\/product\/317","targetHints":{"allow":["GET"]}}],"collection":[{"href":"https:\/\/hellowp.io\/hu\/wp-json\/wp\/v2\/product"}],"about":[{"href":"https:\/\/hellowp.io\/hu\/wp-json\/wp\/v2\/types\/product"}],"replies":[{"embeddable":true,"href":"https:\/\/hellowp.io\/hu\/wp-json\/wp\/v2\/comments?post=317"}],"wp:featuredmedia":[{"embeddable":true,"href":"https:\/\/hellowp.io\/hu\/wp-json\/wp\/v2\/media\/1920"}],"wp:attachment":[{"href":"https:\/\/hellowp.io\/hu\/wp-json\/wp\/v2\/media?parent=317"}],"wp:term":[{"taxonomy":"product_brand","embeddable":true,"href":"https:\/\/hellowp.io\/hu\/wp-json\/wp\/v2\/product_brand?post=317"},{"taxonomy":"product_cat","embeddable":true,"href":"https:\/\/hellowp.io\/hu\/wp-json\/wp\/v2\/product_cat?post=317"},{"taxonomy":"product_tag","embeddable":true,"href":"https:\/\/hellowp.io\/hu\/wp-json\/wp\/v2\/product_tag?post=317"}],"curies":[{"name":"wp","href":"https:\/\/api.w.org\/{rel}","templated":true}]}}