{"id":3146,"date":"2019-03-13T10:38:21","date_gmt":"2019-03-13T09:38:21","guid":{"rendered":"https:\/\/hellowp.io\/hu\/?post_type=product&#038;p=3146"},"modified":"2025-06-21T18:04:09","modified_gmt":"2025-06-21T17:04:09","slug":"ingyenes-grafikai-anyagok-husvetra","status":"publish","type":"product","link":"https:\/\/hellowp.io\/hu\/t\/ingyenes-grafikai-anyagok-husvetra\/","title":{"rendered":"Ingyenes grafikai anyagok h\u00fasv\u00e9tra"},"content":{"rendered":"<p><strong>Id\u00e9n <\/strong><strong>\u00e1prilis 21-\u00e9n lesz h\u00fasv\u00e9t.<\/strong> Feldobn\u00e1d a weboldaladat h\u00fasv\u00e9ti grafikai anyagokkal? Most ingyenesen let\u00f6ltheted \u00e9s haszn\u00e1lhatod ezt a vektoros k\u00e9pekb\u0151l \u00e1ll\u00f3 csomagot, amit \u00f6ssze\u00e1ll\u00edtottunk neked.<\/p>\n<p><strong>A csomag tartalma:<\/strong> bannerek, kiadv\u00e1nyok, h\u00e1tt\u00e9rk\u00e9pek \u00e9s egy\u00e9b h\u00fasv\u00e9ti grafik\u00e1k.<\/p>\n<p>\u00d6sszesen 80 k\u00e9pet kapsz t\u0151l\u00fcnk, PNG, PSD, SVG, AI \u00e9s EPS form\u00e1tumban. A k\u00e9pek m\u00e9rete kereken 1 GB.<\/p>\n<p><strong>Mit\u00a0<u>tehetsz<\/u> a k\u00e9pekkel?<\/strong><\/p>\n<ul>\n<li>Korl\u00e1tlan ideig haszn\u00e1lhatod<\/li>\n<li>Korl\u00e1tlan weboldalon haszn\u00e1lhatod<\/li>\n<\/ul>\n<p><strong>Mit\u00a0<u>nem tehetsz<\/u> a k\u00e9pekkel?<\/strong><\/p>\n<ul>\n<li>Nem adhatod el!<\/li>\n<li>Nem oszthatod meg nyilv\u00e1nos helyeken!<\/li>\n<\/ul>\n","protected":false},"excerpt":{"rendered":"<p>Id\u00e9n \u00e1prilis 21-\u00e9n lesz h\u00fasv\u00e9t. Feldobn\u00e1d a weboldaladat h\u00fasv\u00e9ti grafikai anyagokkal? Most ingyenesen let\u00f6ltheted \u00e9s haszn\u00e1lhatod ezt a vektoros k\u00e9pekb\u0151l \u00e1ll\u00f3 csomagot, amit \u00f6ssze\u00e1ll\u00edtottunk neked. A csomag tartalma: bannerek, kiadv\u00e1nyok, h\u00e1tt\u00e9rk\u00e9pek \u00e9s egy\u00e9b h\u00fasv\u00e9ti grafik\u00e1k. \u00d6sszesen 80 k\u00e9pet kapsz t\u0151l\u00fcnk, PNG, PSD, SVG, AI \u00e9s EPS form\u00e1tumban. A k\u00e9pek m\u00e9rete kereken 1 GB. Mit\u00a0tehetsz a [&#8230;]<\/p>\n<p><a class=\"btn btn-secondary understrap-read-more-link\" href=\"https:\/\/hellowp.io\/hu\/t\/ingyenes-grafikai-anyagok-husvetra\/\">Read More&#8230;<span class=\"screen-reader-text\"> from Ingyenes grafikai anyagok h\u00fasv\u00e9tra<\/span><\/a><\/p>\n","protected":false},"featured_media":3147,"comment_status":"open","ping_status":"closed","template":"","meta":{"_seopress_robots_primary_cat":"","_seopress_titles_title":"","_seopress_titles_desc":"Id\u00e9n \u00e1prilis 21-\u00e9n vas\u00e1rnap lesz h\u00fasv\u00e9t, dobd fel a weboldaladat h\u00fasv\u00e9ti grafik\u00e1kkal, bannerekkel.\u00a0","_seopress_robots_index":""},"product_brand":[],"product_cat":[55],"product_tag":[160],"class_list":{"0":"post-3146","1":"product","2":"type-product","3":"status-publish","4":"has-post-thumbnail","6":"product_cat-ingyenes","7":"product_tag-d","8":"wcpv_product_vendors-patai-laszlo","10":"first","11":"instock","12":"downloadable","13":"virtual","14":"taxable","15":"purchasable","16":"product-type-simple"},"_links":{"self":[{"href":"https:\/\/hellowp.io\/hu\/wp-json\/wp\/v2\/product\/3146","targetHints":{"allow":["GET"]}}],"collection":[{"href":"https:\/\/hellowp.io\/hu\/wp-json\/wp\/v2\/product"}],"about":[{"href":"https:\/\/hellowp.io\/hu\/wp-json\/wp\/v2\/types\/product"}],"replies":[{"embeddable":true,"href":"https:\/\/hellowp.io\/hu\/wp-json\/wp\/v2\/comments?post=3146"}],"wp:featuredmedia":[{"embeddable":true,"href":"https:\/\/hellowp.io\/hu\/wp-json\/wp\/v2\/media\/3147"}],"wp:attachment":[{"href":"https:\/\/hellowp.io\/hu\/wp-json\/wp\/v2\/media?parent=3146"}],"wp:term":[{"taxonomy":"product_brand","embeddable":true,"href":"https:\/\/hellowp.io\/hu\/wp-json\/wp\/v2\/product_brand?post=3146"},{"taxonomy":"product_cat","embeddable":true,"href":"https:\/\/hellowp.io\/hu\/wp-json\/wp\/v2\/product_cat?post=3146"},{"taxonomy":"product_tag","embeddable":true,"href":"https:\/\/hellowp.io\/hu\/wp-json\/wp\/v2\/product_tag?post=3146"}],"curies":[{"name":"wp","href":"https:\/\/api.w.org\/{rel}","templated":true}]}}