{"id":304206,"date":"2024-06-25T15:55:33","date_gmt":"2024-06-25T14:55:33","guid":{"rendered":"https:\/\/hellowp.io\/hu\/?post_type=product&#038;p=304206"},"modified":"2024-06-25T16:06:29","modified_gmt":"2024-06-25T15:06:29","slug":"prestashop-termekek-koltoztetese-woocommerce-be","status":"publish","type":"product","link":"https:\/\/hellowp.io\/hu\/t\/prestashop-termekek-koltoztetese-woocommerce-be\/","title":{"rendered":"Prestashop term\u00e9kek k\u00f6lt\u00f6ztet\u00e9se WooCommerce-be"},"content":{"rendered":"<p>Prestashop webshop teljes tartalm\u00e1nak k\u00f6lt\u00f6ztet\u00e9se WooCommerce rendszerbe.<\/p>\n<h4 class=\"underline-deep-primary\">Milyen adatok m\u00e1solunk \u00e1t?<\/h4>\n<ul>\n<li>k\u00e9peket<\/li>\n<li>c\u00edmet<\/li>\n<li>le\u00edr\u00e1st<\/li>\n<li>r\u00f6vid le\u00edr\u00e1st<\/li>\n<li>param\u00e9tereket<\/li>\n<li>\u00e1rat<\/li>\n<li>akci\u00f3s \u00e1rat<\/li>\n<li>kateg\u00f3ri\u00e1kat<\/li>\n<li>cikksz\u00e1mot<\/li>\n<li>vari\u00e1ci\u00f3k<\/li>\n<\/ul>\n<h5 class=\"underline-deep-success\">Milyen limitek vannak?<\/h5>\n<p>Nincs fels\u0151 hat\u00e1ra a k\u00f6lt\u00f6ztet\u00e9snek. Lehet t\u00f6bb 10.000 term\u00e9k is, nem okoz probl\u00e9m\u00e1t.<\/p>\n<p><u>A munka 24 \u00f3r\u00e1n bel\u00fcl elk\u00e9sz\u00fcl. <\/u><\/p>\n","protected":false},"excerpt":{"rendered":"<p>Eleged van a Prestashop-b\u00f3l? Ink\u00e1bb szabads\u00e1gra v\u00e1gysz? V\u00e1lts WooCommerce-re! [&#8230;]<\/p>\n<p><a class=\"btn btn-secondary understrap-read-more-link\" href=\"https:\/\/hellowp.io\/hu\/t\/prestashop-termekek-koltoztetese-woocommerce-be\/\">Read More&#8230;<span class=\"screen-reader-text\"> from Prestashop term\u00e9kek k\u00f6lt\u00f6ztet\u00e9se WooCommerce-be<\/span><\/a><\/p>\n","protected":false},"featured_media":304208,"comment_status":"open","ping_status":"closed","template":"","meta":{"_seopress_robots_primary_cat":"none","_seopress_titles_title":"","_seopress_titles_desc":"","_seopress_robots_index":""},"product_brand":[],"product_cat":[40],"product_tag":[],"class_list":{"0":"post-304206","1":"product","2":"type-product","3":"status-publish","4":"has-post-thumbnail","6":"product_cat-termekkezeles","8":"first","9":"instock","10":"virtual","11":"taxable","12":"purchasable","13":"product-type-simple"},"_links":{"self":[{"href":"https:\/\/hellowp.io\/hu\/wp-json\/wp\/v2\/product\/304206","targetHints":{"allow":["GET"]}}],"collection":[{"href":"https:\/\/hellowp.io\/hu\/wp-json\/wp\/v2\/product"}],"about":[{"href":"https:\/\/hellowp.io\/hu\/wp-json\/wp\/v2\/types\/product"}],"replies":[{"embeddable":true,"href":"https:\/\/hellowp.io\/hu\/wp-json\/wp\/v2\/comments?post=304206"}],"wp:featuredmedia":[{"embeddable":true,"href":"https:\/\/hellowp.io\/hu\/wp-json\/wp\/v2\/media\/304208"}],"wp:attachment":[{"href":"https:\/\/hellowp.io\/hu\/wp-json\/wp\/v2\/media?parent=304206"}],"wp:term":[{"taxonomy":"product_brand","embeddable":true,"href":"https:\/\/hellowp.io\/hu\/wp-json\/wp\/v2\/product_brand?post=304206"},{"taxonomy":"product_cat","embeddable":true,"href":"https:\/\/hellowp.io\/hu\/wp-json\/wp\/v2\/product_cat?post=304206"},{"taxonomy":"product_tag","embeddable":true,"href":"https:\/\/hellowp.io\/hu\/wp-json\/wp\/v2\/product_tag?post=304206"}],"curies":[{"name":"wp","href":"https:\/\/api.w.org\/{rel}","templated":true}]}}