{"id":2997,"date":"2019-03-06T23:48:57","date_gmt":"2019-03-06T22:48:57","guid":{"rendered":"https:\/\/hellowp.io\/hu\/?post_type=product&#038;p=2997"},"modified":"2020-09-29T17:53:14","modified_gmt":"2020-09-29T16:53:14","slug":"elhagyott-kosar-befejezetlen-vasarlas-figyelmezteto","status":"publish","type":"product","link":"https:\/\/hellowp.io\/hu\/t\/elhagyott-kosar-befejezetlen-vasarlas-figyelmezteto\/","title":{"rendered":"Elhagyott kos\u00e1r \u2013 befejezetlen v\u00e1s\u00e1rl\u00e1s figyelmeztet\u0151"},"content":{"rendered":"<p>A b\u0151v\u00edtm\u00e9ny seg\u00edts\u00e9g\u00e9vel email-t k\u00fcldhet\u00fcnk azoknak a v\u00e1s\u00e1rl\u00f3knak, akik nem fejezt\u00e9k be a v\u00e1s\u00e1rl\u00e1st. P\u00e9ld\u00e1ul, hogy miben seg\u00edthet\u00fcnk, mi\u00e9rt nem v\u00e9gleges\u00edtette a megrendel\u00e9s\u00e9t stb&#8230; S\u0151t arra is van lehet\u0151s\u00e9g, hogy automatikusan adjunk egy 10%-os kupont, ha m\u00e9gis megrendeli.<\/p>\n<p><strong>Az \u00e1r tartalmazza a be\u00e1ll\u00edt\u00e1s k\u00f6lts\u00e9g\u00e9t is!\u00a0<\/strong><\/p>\n","protected":false},"excerpt":{"rendered":"<p>A b\u0151v\u00edtm\u00e9ny seg\u00edts\u00e9g\u00e9vel email-t k\u00fcldhet\u00fcnk azoknak a v\u00e1s\u00e1rl\u00f3knak, akik nem fejezt\u00e9k be a v\u00e1s\u00e1rl\u00e1st. P\u00e9ld\u00e1ul, hogy miben seg\u00edthet\u00fcnk, mi\u00e9rt nem v\u00e9gleges\u00edtette a megrendel\u00e9s\u00e9t stb&#8230; S\u0151t arra is van lehet\u0151s\u00e9g, hogy automatikusan adjunk egy 10%-os kupont, ha m\u00e9gis megrendeli. Az \u00e1r tartalmazza a be\u00e1ll\u00edt\u00e1s k\u00f6lts\u00e9g\u00e9t is!\u00a0 [&#8230;]<\/p>\n<p><a class=\"btn btn-secondary understrap-read-more-link\" href=\"https:\/\/hellowp.io\/hu\/t\/elhagyott-kosar-befejezetlen-vasarlas-figyelmezteto\/\">Read More&#8230;<span class=\"screen-reader-text\"> from Elhagyott kos\u00e1r \u2013 befejezetlen v\u00e1s\u00e1rl\u00e1s figyelmeztet\u0151<\/span><\/a><\/p>\n","protected":false},"featured_media":2998,"comment_status":"open","ping_status":"closed","template":"","meta":{"_seopress_robots_primary_cat":"","_seopress_titles_title":"","_seopress_titles_desc":"","_seopress_robots_index":""},"product_brand":[],"product_cat":[36],"product_tag":[160,133],"class_list":{"0":"post-2997","1":"product","2":"type-product","3":"status-publish","4":"has-post-thumbnail","6":"product_cat-hatekonysagnoveles","7":"product_tag-d","8":"product_tag-szolgaltatas","9":"wcpv_product_vendors-szalai-anna","11":"first","12":"instock","13":"taxable","14":"shipping-taxable","15":"purchasable","16":"product-type-simple"},"_links":{"self":[{"href":"https:\/\/hellowp.io\/hu\/wp-json\/wp\/v2\/product\/2997","targetHints":{"allow":["GET"]}}],"collection":[{"href":"https:\/\/hellowp.io\/hu\/wp-json\/wp\/v2\/product"}],"about":[{"href":"https:\/\/hellowp.io\/hu\/wp-json\/wp\/v2\/types\/product"}],"replies":[{"embeddable":true,"href":"https:\/\/hellowp.io\/hu\/wp-json\/wp\/v2\/comments?post=2997"}],"wp:featuredmedia":[{"embeddable":true,"href":"https:\/\/hellowp.io\/hu\/wp-json\/wp\/v2\/media\/2998"}],"wp:attachment":[{"href":"https:\/\/hellowp.io\/hu\/wp-json\/wp\/v2\/media?parent=2997"}],"wp:term":[{"taxonomy":"product_brand","embeddable":true,"href":"https:\/\/hellowp.io\/hu\/wp-json\/wp\/v2\/product_brand?post=2997"},{"taxonomy":"product_cat","embeddable":true,"href":"https:\/\/hellowp.io\/hu\/wp-json\/wp\/v2\/product_cat?post=2997"},{"taxonomy":"product_tag","embeddable":true,"href":"https:\/\/hellowp.io\/hu\/wp-json\/wp\/v2\/product_tag?post=2997"}],"curies":[{"name":"wp","href":"https:\/\/api.w.org\/{rel}","templated":true}]}}