{"id":29344,"date":"2020-02-06T11:10:28","date_gmt":"2020-02-06T10:10:28","guid":{"rendered":"https:\/\/hellowp.io\/hu\/?post_type=product&#038;p=29344"},"modified":"2020-09-29T17:51:39","modified_gmt":"2020-09-29T16:51:39","slug":"ertesito-email-szovegek-testreszabasa","status":"publish","type":"product","link":"https:\/\/hellowp.io\/hu\/t\/ertesito-email-szovegek-testreszabasa\/","title":{"rendered":"WooCommerce \u00e9rtes\u00edt\u0151 email sz\u00f6vegek testreszab\u00e1sa"},"content":{"rendered":"<p>Egyedi email-eket szeretn\u00e9l k\u00fcldeni a v\u00e1s\u00e1rl\u00f3idnak? Ezzel a b\u0151v\u00edtm\u00e9nnyel k\u00f6nnyed\u00e9n szerkesztheted a kimen\u0151 leveleidet, \u00e9rtes\u00edt\u0151ket \u00e9s rendszer\u00fczeneteket.<\/p>\n","protected":false},"excerpt":{"rendered":"<p>Egyedi email-eket szeretn\u00e9l k\u00fcldeni a v\u00e1s\u00e1rl\u00f3idnak? Ezzel a b\u0151v\u00edtm\u00e9nnyel k\u00f6nnyed\u00e9n szerkesztheted a kimen\u0151 leveleidet, \u00e9rtes\u00edt\u0151ket \u00e9s rendszer\u00fczeneteket. [&#8230;]<\/p>\n<p><a class=\"btn btn-secondary understrap-read-more-link\" href=\"https:\/\/hellowp.io\/hu\/t\/ertesito-email-szovegek-testreszabasa\/\">Read More&#8230;<span class=\"screen-reader-text\"> from WooCommerce \u00e9rtes\u00edt\u0151 email sz\u00f6vegek testreszab\u00e1sa<\/span><\/a><\/p>\n","protected":false},"featured_media":29345,"comment_status":"open","ping_status":"closed","template":"","meta":{"_seopress_robots_primary_cat":"none","_seopress_titles_title":"","_seopress_titles_desc":"","_seopress_robots_index":""},"product_brand":[],"product_cat":[36],"product_tag":[160],"class_list":{"0":"post-29344","1":"product","2":"type-product","3":"status-publish","4":"has-post-thumbnail","6":"product_cat-hatekonysagnoveles","7":"product_tag-d","8":"wcpv_product_vendors-webmi-io","10":"first","11":"instock","12":"downloadable","13":"virtual","14":"taxable","15":"purchasable","16":"product-type-subscription"},"_links":{"self":[{"href":"https:\/\/hellowp.io\/hu\/wp-json\/wp\/v2\/product\/29344","targetHints":{"allow":["GET"]}}],"collection":[{"href":"https:\/\/hellowp.io\/hu\/wp-json\/wp\/v2\/product"}],"about":[{"href":"https:\/\/hellowp.io\/hu\/wp-json\/wp\/v2\/types\/product"}],"replies":[{"embeddable":true,"href":"https:\/\/hellowp.io\/hu\/wp-json\/wp\/v2\/comments?post=29344"}],"wp:featuredmedia":[{"embeddable":true,"href":"https:\/\/hellowp.io\/hu\/wp-json\/wp\/v2\/media\/29345"}],"wp:attachment":[{"href":"https:\/\/hellowp.io\/hu\/wp-json\/wp\/v2\/media?parent=29344"}],"wp:term":[{"taxonomy":"product_brand","embeddable":true,"href":"https:\/\/hellowp.io\/hu\/wp-json\/wp\/v2\/product_brand?post=29344"},{"taxonomy":"product_cat","embeddable":true,"href":"https:\/\/hellowp.io\/hu\/wp-json\/wp\/v2\/product_cat?post=29344"},{"taxonomy":"product_tag","embeddable":true,"href":"https:\/\/hellowp.io\/hu\/wp-json\/wp\/v2\/product_tag?post=29344"}],"curies":[{"name":"wp","href":"https:\/\/api.w.org\/{rel}","templated":true}]}}