{"id":291228,"date":"2024-04-17T12:29:12","date_gmt":"2024-04-17T11:29:12","guid":{"rendered":"https:\/\/hellowp.io\/hu\/?post_type=product&#038;p=291228"},"modified":"2024-04-17T12:29:37","modified_gmt":"2024-04-17T11:29:37","slug":"mpl-hazhozszallitas-csomagpont-integracio","status":"publish","type":"product","link":"https:\/\/hellowp.io\/hu\/t\/mpl-hazhozszallitas-csomagpont-integracio\/","title":{"rendered":"MPL h\u00e1zhozsz\u00e1ll\u00edt\u00e1s + csomagpont integr\u00e1ci\u00f3"},"content":{"rendered":"<h2><\/h2>\n<p>2024. m\u00e1rcius 28. napj\u00e1val \u00e9letbe l\u00e9pett jogszab\u00e1ly m\u00f3dos\u00edt\u00e1snak megfelel\u0151en, <strong>minden web\u00e1ruh\u00e1znak<\/strong> el\u00e9rhet\u0151v\u00e9 kell tennie az oldalukon az MPL szolg\u00e1ltat\u00e1sait a v\u00e1s\u00e1rl\u00f3ik sz\u00e1m\u00e1ra.<\/p>\n<h2 class=\"h4 underline-deep-primary\">Mit tartalmaz a szolg\u00e1ltat\u00e1s?<\/h2>\n<ul>\n<li>l\u00e9trehozzuk az MPL h\u00e1zhozsz\u00e1ll\u00edt\u00e1si m\u00f3dot<\/li>\n<li>integr\u00e1ljuk az MPL csomagpont szolg\u00e1ltat\u00e1s\u00e1t, egy interakt\u00edv t\u00e9rk\u00e9pen v\u00e1laszthat a v\u00e1s\u00e1rl\u00f3 a csomagpontok k\u00f6z\u00fcl<\/li>\n<\/ul>\n","protected":false},"excerpt":{"rendered":"<p>2024. m\u00e1rcius 28. napj\u00e1val \u00e9letbe l\u00e9pett jogszab\u00e1ly m\u00f3dos\u00edt\u00e1snak megfelel\u0151en, minden web\u00e1ruh\u00e1znak el\u00e9rhet\u0151v\u00e9 kell tennie az oldalukon az MPL szolg\u00e1ltat\u00e1sait a v\u00e1s\u00e1rl\u00f3ik sz\u00e1m\u00e1ra. Mit tartalmaz a szolg\u00e1ltat\u00e1s? l\u00e9trehozzuk az MPL h\u00e1zhozsz\u00e1ll\u00edt\u00e1si m\u00f3dot integr\u00e1ljuk az MPL csomagpont szolg\u00e1ltat\u00e1s\u00e1t, egy interakt\u00edv t\u00e9rk\u00e9pen v\u00e1laszthat a v\u00e1s\u00e1rl\u00f3 a csomagpontok k\u00f6z\u00fcl [&#8230;]<\/p>\n<p><a class=\"btn btn-secondary understrap-read-more-link\" href=\"https:\/\/hellowp.io\/hu\/t\/mpl-hazhozszallitas-csomagpont-integracio\/\">Read More&#8230;<span class=\"screen-reader-text\"> from MPL h\u00e1zhozsz\u00e1ll\u00edt\u00e1s + csomagpont integr\u00e1ci\u00f3<\/span><\/a><\/p>\n","protected":false},"featured_media":291234,"comment_status":"open","ping_status":"closed","template":"","meta":{"_seopress_robots_primary_cat":"none","_seopress_titles_title":"","_seopress_titles_desc":"","_seopress_robots_index":""},"product_brand":[],"product_cat":[125,21],"product_tag":[],"class_list":{"0":"post-291228","1":"product","2":"type-product","3":"status-publish","4":"has-post-thumbnail","6":"product_cat-szallitas","7":"product_cat-webshop","9":"first","10":"instock","11":"virtual","12":"purchasable","13":"product-type-simple"},"_links":{"self":[{"href":"https:\/\/hellowp.io\/hu\/wp-json\/wp\/v2\/product\/291228","targetHints":{"allow":["GET"]}}],"collection":[{"href":"https:\/\/hellowp.io\/hu\/wp-json\/wp\/v2\/product"}],"about":[{"href":"https:\/\/hellowp.io\/hu\/wp-json\/wp\/v2\/types\/product"}],"replies":[{"embeddable":true,"href":"https:\/\/hellowp.io\/hu\/wp-json\/wp\/v2\/comments?post=291228"}],"wp:featuredmedia":[{"embeddable":true,"href":"https:\/\/hellowp.io\/hu\/wp-json\/wp\/v2\/media\/291234"}],"wp:attachment":[{"href":"https:\/\/hellowp.io\/hu\/wp-json\/wp\/v2\/media?parent=291228"}],"wp:term":[{"taxonomy":"product_brand","embeddable":true,"href":"https:\/\/hellowp.io\/hu\/wp-json\/wp\/v2\/product_brand?post=291228"},{"taxonomy":"product_cat","embeddable":true,"href":"https:\/\/hellowp.io\/hu\/wp-json\/wp\/v2\/product_cat?post=291228"},{"taxonomy":"product_tag","embeddable":true,"href":"https:\/\/hellowp.io\/hu\/wp-json\/wp\/v2\/product_tag?post=291228"}],"curies":[{"name":"wp","href":"https:\/\/api.w.org\/{rel}","templated":true}]}}