{"id":281,"date":"2018-12-28T06:48:02","date_gmt":"2018-12-28T05:48:02","guid":{"rendered":"https:\/\/hellowp.io\/hu\/?post_type=product&#038;p=281"},"modified":"2025-06-21T18:24:19","modified_gmt":"2025-06-21T17:24:19","slug":"tartalomfeltoltes","status":"publish","type":"product","link":"https:\/\/hellowp.io\/hu\/t\/tartalomfeltoltes\/","title":{"rendered":"Tartalomfelt\u00f6lt\u00e9s"},"content":{"rendered":"<p><span>A <\/span><b>tartalom karbantart\u00e1s \u00e9s felt\u00f6lt\u00e9s<\/b><span> szolg\u00e1ltat\u00e1s keret\u00e9ben biztos\u00edtva lehet az oldalad naprak\u00e9szen tart\u00e1sa. Apr\u00f3bb fejleszt\u00e9seket vagy modul be\u00e1ll\u00edt\u00e1sokat is elv\u00e9gz\u00fcnk, az \u00e1ltalad \u00e1tadott tartalmak korszer\u0171en \u00e9s gyorsan felker\u00fclnek a weboldaladra.<\/span><\/p>\n<h4 class=\"underline-deep-primary\">A szolg\u00e1ltat\u00e1s keret\u00e9ben elv\u00e9gezhet\u0151 feladatok:<\/h4>\n<ul>\n<li><span>\u00daj tartalom ellen\u0151rz\u00e9se a keres\u0151optimaliz\u00e1l\u00e1s szempontjai szerint<\/span><\/li>\n<li><span>Fot\u00f3 szerkeszt\u00e9s, v\u00e1g\u00e1s, \u00e1tm\u00e9retez\u00e9s, ingyenes fot\u00f3 beszerz\u00e9s<\/span><\/li>\n<li><span>Sz\u00f6veg \u00e1tszerkeszt\u00e9se <\/span><\/li>\n<li><span>Web\u00e1ruh\u00e1z karbantart\u00e1s, \u00e1rlista karbantart\u00e1s<\/span><\/li>\n<li><span>Apr\u00f3bb fejleszt\u00e9sek kivitelez\u00e9se (ami a tartalom felt\u00f6lt\u00e9shez \u00e9s gondoz\u00e1shoz sz\u00fcks\u00e9ges)<\/span><\/li>\n<li><span>\u00daj oldalak, men\u00fcpontok l\u00e9trehoz\u00e1sa<\/span><\/li>\n<li><span>M\u00e9dia tartalmak felt\u00f6lt\u00e9se<\/span><\/li>\n<li><b>M\u00e9di\u00e1k m\u00e9ret\u00e9nek optimaliz\u00e1l\u00e1sa, hogy gyors legyen a webolal bet\u00f6lt\u00e9si sebess\u00e9ge<\/b><\/li>\n<\/ul>\n<h4 class=\"underline-deep-primary\">Csomagok<\/h4>\n<p><span class=\"underline underline-3 underline-warning fw-bold\">Mikro<\/span><\/p>\n<ul>\n<li><span>Maximum \u00f3ra \/ h\u00f3nap: 2<\/span><\/li>\n<li><span>\u00c1r \/ h\u00f3nap: 9.900 Ft<\/span><\/li>\n<\/ul>\n<p><span class=\"underline underline-3 underline-warning fw-bold\">Basic<\/span><\/p>\n<ul>\n<li><span>Maximum \u00f3ra \/ h\u00f3nap: 5<\/span><\/li>\n<li><span>\u00c1r \/ h\u00f3nap: 22.000 Ft<\/span><\/li>\n<\/ul>\n<p><span class=\"underline underline-3 underline-warning fw-bold\">Business<\/span><\/p>\n<ul>\n<li><span>Maximum \u00f3ra \/ h\u00f3nap: 10<\/span><\/li>\n<li><span>\u00c1r \/ h\u00f3nap: 45.000 Ft<\/span><\/li>\n<\/ul>\n<p><span class=\"underline underline-3 underline-warning fw-bold\">Enterprise<\/span><\/p>\n<ul>\n<li><span>Maximum \u00f3ra \/ h\u00f3nap: 15<\/span><\/li>\n<li><span>\u00c1r \/ h\u00f3nap: 65.0000 Ft <\/span><\/li>\n<\/ul>\n<p><span>A munka\u00f3r\u00e1kat 15 perces egys\u00e9gben sz\u00e1moljuk, teh\u00e1t egy 10 perces feladat\u00e9rt nem sz\u00e1m\u00edtunk fel 1 eg\u00e9sz \u00f3r\u00e1t.<\/span><\/p>\n","protected":false},"excerpt":{"rendered":"<p><span style=\"font-weight: 400;\">Tartalom karbantart\u00e1s\/felt\u00f6lt\u00e9s havi rendszeress\u00e9ggel.<\/span> [&#8230;]<\/p>\n<p><a class=\"btn btn-secondary understrap-read-more-link\" href=\"https:\/\/hellowp.io\/hu\/t\/tartalomfeltoltes\/\">Read More&#8230;<span class=\"screen-reader-text\"> from Tartalomfelt\u00f6lt\u00e9s<\/span><\/a><\/p>\n","protected":false},"featured_media":283,"comment_status":"open","ping_status":"closed","template":"","meta":{"_seopress_robots_primary_cat":"none","_seopress_titles_title":"","_seopress_titles_desc":"","_seopress_robots_index":""},"product_brand":[],"product_cat":[30,40],"product_tag":[161,133],"class_list":{"0":"post-281","1":"product","2":"type-product","3":"status-publish","4":"has-post-thumbnail","6":"product_cat-tartalomkezeles","7":"product_cat-termekkezeles","8":"product_tag-m","9":"product_tag-szolgaltatas","10":"wcpv_product_vendors-webmi-io","12":"first","13":"instock","14":"taxable","15":"shipping-taxable","16":"purchasable","17":"product-type-variable-subscription","18":"has-default-attributes"},"_links":{"self":[{"href":"https:\/\/hellowp.io\/hu\/wp-json\/wp\/v2\/product\/281","targetHints":{"allow":["GET"]}}],"collection":[{"href":"https:\/\/hellowp.io\/hu\/wp-json\/wp\/v2\/product"}],"about":[{"href":"https:\/\/hellowp.io\/hu\/wp-json\/wp\/v2\/types\/product"}],"replies":[{"embeddable":true,"href":"https:\/\/hellowp.io\/hu\/wp-json\/wp\/v2\/comments?post=281"}],"wp:featuredmedia":[{"embeddable":true,"href":"https:\/\/hellowp.io\/hu\/wp-json\/wp\/v2\/media\/283"}],"wp:attachment":[{"href":"https:\/\/hellowp.io\/hu\/wp-json\/wp\/v2\/media?parent=281"}],"wp:term":[{"taxonomy":"product_brand","embeddable":true,"href":"https:\/\/hellowp.io\/hu\/wp-json\/wp\/v2\/product_brand?post=281"},{"taxonomy":"product_cat","embeddable":true,"href":"https:\/\/hellowp.io\/hu\/wp-json\/wp\/v2\/product_cat?post=281"},{"taxonomy":"product_tag","embeddable":true,"href":"https:\/\/hellowp.io\/hu\/wp-json\/wp\/v2\/product_tag?post=281"}],"curies":[{"name":"wp","href":"https:\/\/api.w.org\/{rel}","templated":true}]}}