{"id":278462,"date":"2024-02-20T13:15:53","date_gmt":"2024-02-20T12:15:53","guid":{"rendered":"https:\/\/hellowp.io\/hu\/?post_type=product&#038;p=278462"},"modified":"2024-08-23T11:12:20","modified_gmt":"2024-08-23T10:12:20","slug":"google-consent-v2-beallitas","status":"publish","type":"product","link":"https:\/\/hellowp.io\/hu\/t\/google-consent-v2-beallitas\/","title":{"rendered":"Google Consent V2 be\u00e1ll\u00edt\u00e1s"},"content":{"rendered":"<h2 class=\"h4 underline-deep-primary\">Mi az a Google Consent V2?<\/h2>\n<p>Az eur\u00f3pai adatv\u00e9delmi \u00e9s fogyaszt\u00f3v\u00e9delmi t\u00f6rv\u00e9nyekkel val\u00f3 megfelel\u00e9s \u00e9rdek\u00e9ben a Google bejelentette a Google Consent Mode v2 k\u00f6zelg\u0151 megjelen\u00e9s\u00e9t. Azoknak, akik az Eur\u00f3pai Uni\u00f3ban (EU) vagy az Eur\u00f3pai Gazdas\u00e1gi T\u00e9rs\u00e9gben (EGT) l\u00e9v\u0151 felhaszn\u00e1l\u00f3k online viselked\u00e9s\u00e9nek nyomon k\u00f6vet\u00e9s\u00e9re Google szolg\u00e1ltat\u00e1sokat haszn\u00e1lnak, 2024 m\u00e1rcius\u00e1ig kell implement\u00e1lniuk a Google Consent Mode v2-t weboldalukon, hogy tov\u00e1bbra is haszn\u00e1lhass\u00e1k a Google szolg\u00e1ltat\u00e1sait (Pl. Google Ads). <strong>Amennyiben ez nem ker\u00fcl kivitelez\u00e9sre, \u00fagy ezeket a szolg\u00e1ltat\u00e1sokat nem haszn\u00e1lhatod a tov\u00e1bbiakban. <\/strong><\/p>\n<h2 class=\"h4 underline-deep-primary\">Mit tartalmaz a szolg\u00e1ltat\u00e1s?<\/h2>\n<p>A s\u00fctik kezel\u00e9s\u00e9t az \u00faj jogszab\u00e1lyoknak megfelel\u0151en be\u00e1ll\u00edtjuk az oldaladon, azaz ha a felhaszn\u00e1l\u00f3 nem enged\u00e9lyez bizonyos s\u00fctiket, \u00fagy azok nem fognak aktiv\u00e1l\u00f3dni.<\/p>\n<p>Amennyiben a k\u00f6vet\u0151k\u00f3dok az oldaladra Google Tag Managerrel lettek integr\u00e1lva, \u00fagy ezen szolg\u00e1ltat\u00e1s sz\u00e1modra nem el\u00e9rhet\u0151, k\u00e9rj egyedi \u00e1raj\u00e1nlatot.<\/p>\n<ul>\n<li>A szolg\u00e1ltat\u00e1s maximum 3 munka\u00f3r\u00e1t tartalmaz.<\/li>\n<li>A szolg\u00e1ltat\u00e1s \u00e1ra oldalank\u00e9nt \u00e9rtetend\u0151.<\/li>\n<\/ul>\n","protected":false},"excerpt":{"rendered":"<p>Mi az a Google Consent V2? Az eur\u00f3pai adatv\u00e9delmi \u00e9s fogyaszt\u00f3v\u00e9delmi t\u00f6rv\u00e9nyekkel val\u00f3 megfelel\u00e9s \u00e9rdek\u00e9ben a Google bejelentette a Google Consent Mode v2 k\u00f6zelg\u0151 megjelen\u00e9s\u00e9t. Azoknak, akik az Eur\u00f3pai Uni\u00f3ban (EU) vagy az Eur\u00f3pai Gazdas\u00e1gi T\u00e9rs\u00e9gben (EGT) l\u00e9v\u0151 felhaszn\u00e1l\u00f3k online viselked\u00e9s\u00e9nek nyomon k\u00f6vet\u00e9s\u00e9re Google szolg\u00e1ltat\u00e1sokat haszn\u00e1lnak, 2024 m\u00e1rcius\u00e1ig kell implement\u00e1lniuk a Google Consent Mode v2-t [&#8230;]<\/p>\n<p><a class=\"btn btn-secondary understrap-read-more-link\" href=\"https:\/\/hellowp.io\/hu\/t\/google-consent-v2-beallitas\/\">Read More&#8230;<span class=\"screen-reader-text\"> from Google Consent V2 be\u00e1ll\u00edt\u00e1s<\/span><\/a><\/p>\n","protected":false},"featured_media":283106,"comment_status":"open","ping_status":"closed","template":"","meta":{"_seopress_robots_primary_cat":"none","_seopress_titles_title":"","_seopress_titles_desc":"","_seopress_robots_index":"yes"},"product_brand":[],"product_cat":[15],"product_tag":[],"class_list":{"0":"post-278462","1":"product","2":"type-product","3":"status-publish","4":"has-post-thumbnail","6":"product_cat-uncategorized","8":"first","9":"instock","10":"virtual","11":"purchasable","12":"product-type-simple"},"_links":{"self":[{"href":"https:\/\/hellowp.io\/hu\/wp-json\/wp\/v2\/product\/278462","targetHints":{"allow":["GET"]}}],"collection":[{"href":"https:\/\/hellowp.io\/hu\/wp-json\/wp\/v2\/product"}],"about":[{"href":"https:\/\/hellowp.io\/hu\/wp-json\/wp\/v2\/types\/product"}],"replies":[{"embeddable":true,"href":"https:\/\/hellowp.io\/hu\/wp-json\/wp\/v2\/comments?post=278462"}],"wp:featuredmedia":[{"embeddable":true,"href":"https:\/\/hellowp.io\/hu\/wp-json\/wp\/v2\/media\/283106"}],"wp:attachment":[{"href":"https:\/\/hellowp.io\/hu\/wp-json\/wp\/v2\/media?parent=278462"}],"wp:term":[{"taxonomy":"product_brand","embeddable":true,"href":"https:\/\/hellowp.io\/hu\/wp-json\/wp\/v2\/product_brand?post=278462"},{"taxonomy":"product_cat","embeddable":true,"href":"https:\/\/hellowp.io\/hu\/wp-json\/wp\/v2\/product_cat?post=278462"},{"taxonomy":"product_tag","embeddable":true,"href":"https:\/\/hellowp.io\/hu\/wp-json\/wp\/v2\/product_tag?post=278462"}],"curies":[{"name":"wp","href":"https:\/\/api.w.org\/{rel}","templated":true}]}}