{"id":250914,"date":"2023-09-08T13:27:07","date_gmt":"2023-09-08T12:27:07","guid":{"rendered":"https:\/\/hellowp.io\/hu\/?post_type=product&#038;p=250914"},"modified":"2023-09-08T14:37:52","modified_gmt":"2023-09-08T13:37:52","slug":"virtualis-discord-iroda-letrehozasa","status":"publish","type":"product","link":"https:\/\/hellowp.io\/hu\/t\/virtualis-discord-iroda-letrehozasa\/","title":{"rendered":"Virtu\u00e1lis Discord iroda l\u00e9trehoz\u00e1sa"},"content":{"rendered":"<h2 class=\"h4 underline-deep-primary\"><b>Mi az a virtu\u00e1lis Discord iroda?<\/b><\/h2>\n<p><span style=\"color: var(--bs-body-color); font-family: var(--bs-body-font-family); font-size: var(--bs-body-font-size); text-align: var(--bs-body-text-align); background-color: var(--bs-body-bg);\">A Virtu\u00e1lis Discord Iroda seg\u00edt abban, hogy hat\u00e9konyan szervezd \u00e9s ir\u00e1ny\u00edtsd az online k\u00f6z\u00f6ss\u00e9geidet vagy csoportjaidat. Nem sz\u00e1m\u00edt, hogy munkahelyi projektekr\u0151l van sz\u00f3 vagy sz\u00f3rakoz\u00e1sr\u00f3l, el\u0151seg\u00edti a hat\u00e9kony kommunik\u00e1ci\u00f3t \u00e9s egy\u00fcttm\u0171k\u00f6d\u00e9st.<\/span><\/p>\n<p><strong>Hat\u00e9kony Kommunik\u00e1ci\u00f3:<\/strong> A Discord platform kiv\u00e1l\u00f3 hang- \u00e9s sz\u00f6veges kommunik\u00e1ci\u00f3s lehet\u0151s\u00e9geket k\u00edn\u00e1l, \u00edgy a virtu\u00e1lis irod\u00e1dban k\u00f6nnyed\u00e9n szervezhetsz megbesz\u00e9l\u00e9seket, meetingeket \u00e9s kezelhetsz chat szob\u00e1kat.<span class=\"Apple-converted-space\">\u00a0<\/span><\/p>\n<p><strong>Jogosults\u00e1gok Kezel\u00e9se:<\/strong> B\u00edzd r\u00e1nk a jogosults\u00e1gok pontos be\u00e1ll\u00edt\u00e1s\u00e1t \u00e9s testreszab\u00e1s\u00e1t. Kijel\u00f6lheted az adminisztr\u00e1torokat, moder\u00e1torokat \u00e9s egy\u00e9b r\u00e9sztvev\u0151ket, biztos\u00edtva ezzel a biztons\u00e1gos \u00e9s szervezett m\u0171k\u00f6d\u00e9st.<\/p>\n<p><strong>K\u00f6z\u00f6ss\u00e9g \u00c9p\u00edt\u00e9s:<\/strong> A Virtu\u00e1lis Discord Iroda ide\u00e1lis eszk\u00f6z a k\u00f6z\u00f6ss\u00e9g\u00e9p\u00edt\u00e9shez. B\u00e1rmi legyen is a c\u00e9lod \u2013 legyen az egy j\u00e1t\u00e9kos k\u00f6z\u00f6ss\u00e9g, munkacsoport vagy hobbik\u00f6r \u2013 a virtu\u00e1lis irod\u00e1d seg\u00edt a hat\u00e9kony kommunik\u00e1ci\u00f3ban \u00e9s szervezetts\u00e9gben.<span class=\"Apple-converted-space\">\u00a0<\/span><\/p>\n<h2 class=\"h4 underline-deep-primary\"><b> Mit tartalmaz a szolg\u00e1ltat\u00e1s?<\/b><\/h2>\n<ul>\n<li>Discord szerver l\u00e9trehoz\u00e1sa<\/li>\n<li>Jogosults\u00e1gok l\u00e9trehoz\u00e1sa \u00e9s be\u00e1ll\u00edt\u00e1sa<\/li>\n<li>Sz\u00f6veges (chat) szob\u00e1k l\u00e9trehoz\u00e1sa \u00e9s be\u00e1ll\u00edt\u00e1sa<\/li>\n<li>Hangalap\u00fa meeting szob\u00e1k l\u00e9trehoz\u00e1sa \u00e9s be\u00e1ll\u00edt\u00e1sa<\/li>\n<li>Egy\u00e9ni jogosults\u00e1gok l\u00e9trehoz\u00e1sa \u00e9s be\u00e1ll\u00edt\u00e1sa<\/li>\n<li>F\u00f3rum l\u00e9trehoz\u00e1sa \u00e9s be\u00e1ll\u00edt\u00e1sa<\/li>\n<li>Szab\u00e1lyzat \u00edr\u00e1sa<\/li>\n<li>Haszn\u00e1lhat\u00f3 URL gener\u00e1l\u00e1s<\/li>\n<\/ul>\n<h2 class=\"h4 underline-deep-primary\"><b>Gyorsan, ak\u00e1r p\u00e1r \u00f3r\u00e1n bel\u00fcl<\/b><\/h2>\n<p>A virtu\u00e1lis Discord iroda l\u00e9trehoz\u00e1sa 2-3 \u00f3r\u00e1t vesz ig\u00e9nybe, de maximum 1 munkanapot.<\/p>\n","protected":false},"excerpt":{"rendered":"<p>Ezen a rendk\u00edv\u00fcl rugalmas platformon k\u00f6nnyed\u00e9n kezelheted az online k\u00f6z\u00f6ss\u00e9ged, projektcsoportokat vagy ak\u00e1r c\u00e9ges csapatokat. [&#8230;]<\/p>\n<p><a class=\"btn btn-secondary understrap-read-more-link\" href=\"https:\/\/hellowp.io\/hu\/t\/virtualis-discord-iroda-letrehozasa\/\">Read More&#8230;<span class=\"screen-reader-text\"> from Virtu\u00e1lis Discord iroda l\u00e9trehoz\u00e1sa<\/span><\/a><\/p>\n","protected":false},"featured_media":250929,"comment_status":"open","ping_status":"closed","template":"","meta":{"_seopress_robots_primary_cat":"none","_seopress_titles_title":"","_seopress_titles_desc":"","_seopress_robots_index":""},"product_brand":[],"product_cat":[151],"product_tag":[],"class_list":{"0":"post-250914","1":"product","2":"type-product","3":"status-publish","4":"has-post-thumbnail","6":"product_cat-egyeb-szolgaltatas","8":"first","9":"instock","10":"purchasable","11":"product-type-simple"},"_links":{"self":[{"href":"https:\/\/hellowp.io\/hu\/wp-json\/wp\/v2\/product\/250914","targetHints":{"allow":["GET"]}}],"collection":[{"href":"https:\/\/hellowp.io\/hu\/wp-json\/wp\/v2\/product"}],"about":[{"href":"https:\/\/hellowp.io\/hu\/wp-json\/wp\/v2\/types\/product"}],"replies":[{"embeddable":true,"href":"https:\/\/hellowp.io\/hu\/wp-json\/wp\/v2\/comments?post=250914"}],"wp:featuredmedia":[{"embeddable":true,"href":"https:\/\/hellowp.io\/hu\/wp-json\/wp\/v2\/media\/250929"}],"wp:attachment":[{"href":"https:\/\/hellowp.io\/hu\/wp-json\/wp\/v2\/media?parent=250914"}],"wp:term":[{"taxonomy":"product_brand","embeddable":true,"href":"https:\/\/hellowp.io\/hu\/wp-json\/wp\/v2\/product_brand?post=250914"},{"taxonomy":"product_cat","embeddable":true,"href":"https:\/\/hellowp.io\/hu\/wp-json\/wp\/v2\/product_cat?post=250914"},{"taxonomy":"product_tag","embeddable":true,"href":"https:\/\/hellowp.io\/hu\/wp-json\/wp\/v2\/product_tag?post=250914"}],"curies":[{"name":"wp","href":"https:\/\/api.w.org\/{rel}","templated":true}]}}