{"id":2491,"date":"2019-02-18T07:16:17","date_gmt":"2019-02-18T06:16:17","guid":{"rendered":"https:\/\/hellowp.io\/hu\/?post_type=product&#038;p=2491"},"modified":"2022-08-02T15:29:16","modified_gmt":"2022-08-02T14:29:16","slug":"woocommerce-es-google-analytics-osszekotese","status":"publish","type":"product","link":"https:\/\/hellowp.io\/hu\/t\/woocommerce-es-google-analytics-osszekotese\/","title":{"rendered":"WooCommerce \u00e9s Google Analytics \u00f6sszek\u00f6t\u00e9se"},"content":{"rendered":"<p>Igen gyakori hiba, amikor hirdet\u00fcnk Facebook-on, Google Ads-ben, vagy ak\u00e1r email kamp\u00e1nyokat k\u00fcld\u00fcnk ki an\u00e9lk\u00fcl, hogy pontosan tudn\u00e1nk, mennyit is hozott ez nek\u00fcnk.<\/p>\n<p>Lehets\u00e9ges az is, hogy olyan kamp\u00e1nyokat futtatunk, ami b\u00e1r hoz l\u00e1togat\u00f3kat, viszont v\u00e1s\u00e1rl\u00e1s a webshopunkban nem, m\u00edg lehet, hogy egy m\u00e1sik kamp\u00e1ny sokkal kevesebb l\u00e1togat\u00f3val \u00e9r el nagyobb bev\u00e9telt.<\/p>\n<p>Ezt pontosan k\u00f6vetni lehet, ha \u00f6sszek\u00f6tj\u00fck (megfelel\u0151en be\u00e1ll\u00edtjuk) a Google Analytics-et a Webshopunkkal. <strong>Seg\u00edt\u00fcnk be\u00e1ll\u00edtani, hogy pontosan k\u00f6vetni lehessen a webshopunk bev\u00e9teleinek az alakul\u00e1s\u00e1t, p\u00e9ld\u00e1ul forgalmi forr\u00e1sok szerint.<\/strong><\/p>\n<p><strong><u>El\u0151ny\u00f6k egy vide\u00f3ban:<\/u> <\/strong><\/p>\n<p><iframe loading=\"lazy\" title=\"Google Analytics elektronikus kereskedelmi be\u00e1ll\u00edt\u00e1sa\" width=\"640\" height=\"360\" src=\"https:\/\/www.youtube.com\/embed\/PC7iQ5ByCps?feature=oembed\" frameborder=\"0\" allow=\"accelerometer; autoplay; clipboard-write; encrypted-media; gyroscope; picture-in-picture; web-share\" referrerpolicy=\"strict-origin-when-cross-origin\" allowfullscreen><\/iframe><\/p>\n<p><strong><u>Az \u00e1r tartalmaz 1 \u00f3ra konzult\u00e1ci\u00f3t is!\u00a0<\/u><\/strong><\/p>\n<p>Az \u00e1r tartalmazza a telep\u00edt\u00e9si k\u00f6lts\u00e9geket, illetve a sz\u00fcks\u00e9ges licencek d\u00edj\u00e1t.<\/p>\n","protected":false},"excerpt":{"rendered":"<p>Szeretn\u00e9d pontosan k\u00f6vetni a webshopod bev\u00e9teleit\u00a0Google Analytics-ben? [&#8230;]<\/p>\n<p><a class=\"btn btn-secondary understrap-read-more-link\" href=\"https:\/\/hellowp.io\/hu\/t\/woocommerce-es-google-analytics-osszekotese\/\">Read More&#8230;<span class=\"screen-reader-text\"> from WooCommerce \u00e9s Google Analytics \u00f6sszek\u00f6t\u00e9se<\/span><\/a><\/p>\n","protected":false},"featured_media":2492,"comment_status":"open","ping_status":"closed","template":"","meta":{"_seopress_robots_primary_cat":"none","_seopress_titles_title":"","_seopress_titles_desc":"","_seopress_robots_index":""},"product_brand":[],"product_cat":[36],"product_tag":[66,161,133,47,46],"class_list":{"0":"post-2491","1":"product","2":"type-product","3":"status-publish","4":"has-post-thumbnail","6":"product_cat-hatekonysagnoveles","7":"product_tag-klub","8":"product_tag-m","9":"product_tag-szolgaltatas","10":"product_tag-woocommerce-google-analytics","11":"product_tag-woocommerce-statisztika","12":"wcpv_product_vendors-mate-attila","14":"first","15":"instock","16":"taxable","17":"shipping-taxable","18":"purchasable","19":"product-type-subscription"},"_links":{"self":[{"href":"https:\/\/hellowp.io\/hu\/wp-json\/wp\/v2\/product\/2491","targetHints":{"allow":["GET"]}}],"collection":[{"href":"https:\/\/hellowp.io\/hu\/wp-json\/wp\/v2\/product"}],"about":[{"href":"https:\/\/hellowp.io\/hu\/wp-json\/wp\/v2\/types\/product"}],"replies":[{"embeddable":true,"href":"https:\/\/hellowp.io\/hu\/wp-json\/wp\/v2\/comments?post=2491"}],"wp:featuredmedia":[{"embeddable":true,"href":"https:\/\/hellowp.io\/hu\/wp-json\/wp\/v2\/media\/2492"}],"wp:attachment":[{"href":"https:\/\/hellowp.io\/hu\/wp-json\/wp\/v2\/media?parent=2491"}],"wp:term":[{"taxonomy":"product_brand","embeddable":true,"href":"https:\/\/hellowp.io\/hu\/wp-json\/wp\/v2\/product_brand?post=2491"},{"taxonomy":"product_cat","embeddable":true,"href":"https:\/\/hellowp.io\/hu\/wp-json\/wp\/v2\/product_cat?post=2491"},{"taxonomy":"product_tag","embeddable":true,"href":"https:\/\/hellowp.io\/hu\/wp-json\/wp\/v2\/product_tag?post=2491"}],"curies":[{"name":"wp","href":"https:\/\/api.w.org\/{rel}","templated":true}]}}