{"id":241893,"date":"2023-07-04T12:08:35","date_gmt":"2023-07-04T11:08:35","guid":{"rendered":"https:\/\/hellowp.io\/hu\/?post_type=product&#038;p=241893"},"modified":"2023-07-10T15:41:14","modified_gmt":"2023-07-10T14:41:14","slug":"google-analytics-4-integracio","status":"publish","type":"product","link":"https:\/\/hellowp.io\/hu\/t\/google-analytics-4-integracio\/","title":{"rendered":"Google Analytics 4 integr\u00e1ci\u00f3"},"content":{"rendered":"<h2 class=\"h4 underline-deep-primary\"><b>Mi az a Google Analytics 4?<\/b><\/h2>\n<p>Ez az \u00faj gener\u00e1ci\u00f3s analitikai eszk\u00f6z egy \u00faj szintre emeli a weboldalad teljes\u00edtm\u00e9ny\u00e9nek k\u00f6vet\u00e9s\u00e9t \u00e9s elemz\u00e9s\u00e9t. A tradicion\u00e1lis Google Analytics-hez k\u00e9pest a Google Analytics 4 fejlettebb m\u00e9r\u00e9seket \u00e9s kimutat\u00e1sokat biztos\u00edt, amelyek seg\u00edtenek meg\u00e9rteni, hogyan l\u00e9pnek interakci\u00f3ba a l\u00e1togat\u00f3k a weboldaladdal, melyik tartalom vonzza a legt\u00f6bb figyelmet, \u00e9s hogyan \u00e9rheted el a konverzi\u00f3s c\u00e9lokat.<\/p>\n<h2 class=\"h4 underline-deep-primary\"><b>Mik az el\u0151nyei a Google Analytics 4 haszn\u00e1lat\u00e1nak?<\/b><\/h2>\n<p>El\u0151sz\u00f6r is, a pontosabb adatokat \u00e9s r\u00e9szletesebb jelent\u00e9seket kapsz a l\u00e1togat\u00f3id tev\u00e9kenys\u00e9g\u00e9r\u0151l. Ez\u00e1ltal m\u00e9lyebb betekint\u00e9st nyerhetsz a forgalom forr\u00e1s\u00e1ba, a l\u00e1togat\u00f3k demogr\u00e1fiai adataiba \u00e9s a konverzi\u00f3s esem\u00e9nyekbe, \u00edgy pontosabban meg\u00e9rtheted a c\u00e9lk\u00f6z\u00f6ns\u00e9gedet \u00e9s az \u00fcgyf\u00e9lviselked\u00e9st.<\/p>\n<p>M\u00e1sodszor, a Google Analytics 4 k\u00e9pes k\u00f6vetni a felhaszn\u00e1l\u00f3kat az eszk\u00f6z\u00f6k \u00e9s platformok k\u00f6z\u00f6tt, p\u00e9ld\u00e1ul a webb\u00f6ng\u00e9sz\u0151kr\u0151l a mobilalkalmaz\u00e1sokra, \u00edgy \u00e1tfog\u00f3bb k\u00e9pet kaphatsz arr\u00f3l, hogy hogyan l\u00e9pnek k\u00f6lcs\u00f6nhat\u00e1sba a l\u00e1togat\u00f3k a v\u00e1llalkoz\u00e1soddal.<\/p>\n<h2 class=\"h4 underline-deep-primary\"><b>Mit tartalmaz a szolg\u00e1ltat\u00e1s?<\/b><\/h2>\n<p>A szolg\u00e1ltat\u00e1s 1 db WordPress weboldalba val\u00f3 Google Analytics 4 integr\u00e1ci\u00f3j\u00e1t foglalja mag\u00e1ba.<\/p>\n","protected":false},"excerpt":{"rendered":"<p><u>Vedd \u00e1t az ir\u00e1ny\u00edt\u00e1st weboldalad teljes\u00edtm\u00e9nye felett az \u00faj gener\u00e1ci\u00f3s adatok erej\u00e9vel!<\/u> [&#8230;]<\/p>\n<p><a class=\"btn btn-secondary understrap-read-more-link\" href=\"https:\/\/hellowp.io\/hu\/t\/google-analytics-4-integracio\/\">Read More&#8230;<span class=\"screen-reader-text\"> from Google Analytics 4 integr\u00e1ci\u00f3<\/span><\/a><\/p>\n","protected":false},"featured_media":241898,"comment_status":"open","ping_status":"closed","template":"","meta":{"_seopress_robots_primary_cat":"none","_seopress_titles_title":"","_seopress_titles_desc":"","_seopress_robots_index":""},"product_brand":[],"product_cat":[291,34],"product_tag":[],"class_list":{"0":"post-241893","1":"product","2":"type-product","3":"status-publish","4":"has-post-thumbnail","6":"product_cat-marketing","7":"product_cat-marketing-eszkozok","9":"first","10":"instock","11":"purchasable","12":"product-type-simple"},"_links":{"self":[{"href":"https:\/\/hellowp.io\/hu\/wp-json\/wp\/v2\/product\/241893","targetHints":{"allow":["GET"]}}],"collection":[{"href":"https:\/\/hellowp.io\/hu\/wp-json\/wp\/v2\/product"}],"about":[{"href":"https:\/\/hellowp.io\/hu\/wp-json\/wp\/v2\/types\/product"}],"replies":[{"embeddable":true,"href":"https:\/\/hellowp.io\/hu\/wp-json\/wp\/v2\/comments?post=241893"}],"wp:featuredmedia":[{"embeddable":true,"href":"https:\/\/hellowp.io\/hu\/wp-json\/wp\/v2\/media\/241898"}],"wp:attachment":[{"href":"https:\/\/hellowp.io\/hu\/wp-json\/wp\/v2\/media?parent=241893"}],"wp:term":[{"taxonomy":"product_brand","embeddable":true,"href":"https:\/\/hellowp.io\/hu\/wp-json\/wp\/v2\/product_brand?post=241893"},{"taxonomy":"product_cat","embeddable":true,"href":"https:\/\/hellowp.io\/hu\/wp-json\/wp\/v2\/product_cat?post=241893"},{"taxonomy":"product_tag","embeddable":true,"href":"https:\/\/hellowp.io\/hu\/wp-json\/wp\/v2\/product_tag?post=241893"}],"curies":[{"name":"wp","href":"https:\/\/api.w.org\/{rel}","templated":true}]}}