{"id":231156,"date":"2023-04-24T13:18:41","date_gmt":"2023-04-24T12:18:41","guid":{"rendered":"https:\/\/hellowp.io\/hu\/?post_type=product&#038;p=231156"},"modified":"2023-05-26T16:58:36","modified_gmt":"2023-05-26T15:58:36","slug":"facebook-konverziok-api-osszekotes","status":"publish","type":"product","link":"https:\/\/hellowp.io\/hu\/t\/facebook-konverziok-api-osszekotes\/","title":{"rendered":"Facebook Konverzi\u00f3k API \u00f6sszek\u00f6t\u00e9s"},"content":{"rendered":"<h2 class=\"h4 underline-deep-primary\"><b>Mi az a Konverzi\u00f3k API?<\/b><\/h2>\n<p>A Konverzi\u00f3k API egy olyan eszk\u00f6z, amely lehet\u0151v\u00e9 teszi a v\u00e1llalkoz\u00e1sok sz\u00e1m\u00e1ra, hogy k\u00fcls\u0151 adatforr\u00e1sokb\u00f3l sz\u00e1rmaz\u00f3 konverzi\u00f3kat r\u00f6gz\u00edtsenek a Facebookon kereszt\u00fcl.<\/p>\n<p>Egyszer\u0171s\u00edtve a Konverzi\u00f3k API olyan, mint a Facebook Pixel, csak sokkal pontosabb \u00e9s ez\u00e1ltal hat\u00e9konyabb.<\/p>\n<h2 class=\"h4 underline-deep-primary\"><b>Mi az a Facebook Pixel?<\/b><\/h2>\n<p>A Facebook Pixel egy k\u00f3d, amely seg\u00edts\u00e9g\u00e9vel m\u00e9rhetj\u00fck a l\u00e1togat\u00f3k tev\u00e9kenys\u00e9geit az oldalunkon. A Pixel a l\u00e1togat\u00f3k s\u00fcti adatait haszn\u00e1lja annak \u00e9rdek\u00e9ben, hogy nyomon k\u00f6vethesse a l\u00e1togat\u00f3 tev\u00e9kenys\u00e9geit az oldalon.<\/p>\n<h2 class=\"h4 underline-deep-primary\"><b>Mi a k\u00fcl\u00f6nbs\u00e9g a Konverzi\u00f3k API \u00e9s a Facebook Pixel k\u00f6z\u00f6tt?\u00a0<\/b><\/h2>\n<p>A Konverzi\u00f3k API haszn\u00e1lata sz\u00e1mos el\u0151nnyel j\u00e1r a Facebook Pixelhez k\u00e9pest:<\/p>\n<ul>\n<li><b>Pontosabb adatok:<\/b> A Konverzi\u00f3k API seg\u00edts\u00e9g\u00e9vel a v\u00e1llalkoz\u00e1sok k\u00f6zvetlen\u00fcl a saj\u00e1t adatforr\u00e1saikb\u00f3l r\u00f6gz\u00edthetik a konverzi\u00f3kat a Facebookon kereszt\u00fcl, \u00edgy pontosabb adatokat kaphatnak, mint a Facebook Pixel eset\u00e9ben, amely csak a weboldal tev\u00e9kenys\u00e9g\u00e9re korl\u00e1toz\u00f3dik.<\/li>\n<li><b>Adatv\u00e9delem:<\/b> A Konverzi\u00f3k API lehet\u0151v\u00e9 teszi a v\u00e1llalkoz\u00e1sok sz\u00e1m\u00e1ra, hogy a konverzi\u00f3kat a saj\u00e1t adatv\u00e9delmi szab\u00e1lyaiknak megfelel\u0151en r\u00f6gz\u00edts\u00e9k, m\u00edg a Facebook Pixel az adatv\u00e9delmi szab\u00e1lyoz\u00e1sok miatt korl\u00e1tozott lehet\u0151s\u00e9geket k\u00edn\u00e1l.<\/li>\n<li><b>Adblocker ellen\u00e1ll\u00f3:<\/b>Az adblockerek nem blokkolj\u00e1k a Konverzi\u00f3k API \u00e1ltal k\u00fcld\u00f6tt adatokat, m\u00edg a Facebook Pixel haszn\u00e1lata k\u00f6nnyen \u00e9szlelhet\u0151 \u00e9s blokkolhat\u00f3 az adblockerek \u00e1ltal.<\/li>\n<\/ul>\n<p>\u00d6sszess\u00e9g\u00e9ben a <b>Konverzi\u00f3k API<\/b> nagyobb <b>rugalmass\u00e1got<\/b> \u00e9s <b>pontoss\u00e1got<\/b> k\u00edn\u00e1l a konverzi\u00f3k nyomon k\u00f6vet\u00e9se \u00e9s a <b>hirdet\u00e9sek hat\u00e9konys\u00e1g\u00e1nak m\u00e9r\u00e9s\u00e9re<\/b>, mint a Facebook Pixel. Mindenk\u00e9pp aj\u00e1nlott a Facebook Pixelt \u00e9s a Konverzi\u00f3k API-t <b>egy\u00fctt haszn\u00e1lni,<\/b> mivel t\u00f6k\u00e9letesen kieg\u00e9sz\u00edtik egym\u00e1st, ez\u00e1ltal \u00edgy lehet a lehet\u0151 <b>leghat\u00e9konyabban <\/b>m\u00e9rni az esem\u00e9nyeket.<\/p>\n","protected":false},"excerpt":{"rendered":"<p><u>Futtass olcs\u00f3bb \u00e9s hat\u00e9konyabb Facebook hirdet\u00e9seket a Konverzi\u00f3k API seg\u00edts\u00e9g\u00e9vel. <\/u> [&#8230;]<\/p>\n<p><a class=\"btn btn-secondary understrap-read-more-link\" href=\"https:\/\/hellowp.io\/hu\/t\/facebook-konverziok-api-osszekotes\/\">Read More&#8230;<span class=\"screen-reader-text\"> from Facebook Konverzi\u00f3k API \u00f6sszek\u00f6t\u00e9s<\/span><\/a><\/p>\n","protected":false},"featured_media":231157,"comment_status":"open","ping_status":"closed","template":"","meta":{"_seopress_robots_primary_cat":"none","_seopress_titles_title":"","_seopress_titles_desc":"","_seopress_robots_index":""},"product_brand":[],"product_cat":[291,34],"product_tag":[],"class_list":{"0":"post-231156","1":"product","2":"type-product","3":"status-publish","4":"has-post-thumbnail","6":"product_cat-marketing","7":"product_cat-marketing-eszkozok","8":"wcpv_product_vendors-marketing-csapat","10":"first","11":"instock","12":"downloadable","13":"virtual","14":"purchasable","15":"product-type-simple"},"_links":{"self":[{"href":"https:\/\/hellowp.io\/hu\/wp-json\/wp\/v2\/product\/231156","targetHints":{"allow":["GET"]}}],"collection":[{"href":"https:\/\/hellowp.io\/hu\/wp-json\/wp\/v2\/product"}],"about":[{"href":"https:\/\/hellowp.io\/hu\/wp-json\/wp\/v2\/types\/product"}],"replies":[{"embeddable":true,"href":"https:\/\/hellowp.io\/hu\/wp-json\/wp\/v2\/comments?post=231156"}],"wp:featuredmedia":[{"embeddable":true,"href":"https:\/\/hellowp.io\/hu\/wp-json\/wp\/v2\/media\/231157"}],"wp:attachment":[{"href":"https:\/\/hellowp.io\/hu\/wp-json\/wp\/v2\/media?parent=231156"}],"wp:term":[{"taxonomy":"product_brand","embeddable":true,"href":"https:\/\/hellowp.io\/hu\/wp-json\/wp\/v2\/product_brand?post=231156"},{"taxonomy":"product_cat","embeddable":true,"href":"https:\/\/hellowp.io\/hu\/wp-json\/wp\/v2\/product_cat?post=231156"},{"taxonomy":"product_tag","embeddable":true,"href":"https:\/\/hellowp.io\/hu\/wp-json\/wp\/v2\/product_tag?post=231156"}],"curies":[{"name":"wp","href":"https:\/\/api.w.org\/{rel}","templated":true}]}}