{"id":221621,"date":"2023-03-07T13:00:32","date_gmt":"2023-03-07T12:00:32","guid":{"rendered":"https:\/\/hellowp.io\/hu\/?post_type=product&#038;p=221621"},"modified":"2023-03-07T13:00:33","modified_gmt":"2023-03-07T12:00:33","slug":"dokumentumok-csatolasa-woocommerce-email-hez","status":"publish","type":"product","link":"https:\/\/hellowp.io\/hu\/t\/dokumentumok-csatolasa-woocommerce-email-hez\/","title":{"rendered":"Dokumentumok csatol\u00e1sa WooCommerce email-hez"},"content":{"rendered":"<p>Magyarorsz\u00e1gon a 45\/2014. (II. 26.) Korm. rendelet kimondja, hogy visszaigazol\u00f3 email-hez csatolni kell az v\u00e1s\u00e1rl\u00e1s pillanat\u00e1ban aktu\u00e1lis szerz\u0151d\u00e9si felt\u00e9teleket, el\u00e1ll\u00e1si felt\u00e9teleket, illetve a visszak\u00fcld\u00e9s felt\u00e9teleit. Ezt a WooCommerce nem tudja lekezelni, ez\u00e9rt sz\u00fcks\u00e9ges a b\u0151v\u00edtm\u00e9ny.<\/p>\n<p><u><strong>Haszn\u00e1lata:<\/strong><\/u><\/p>\n<ol>\n<li>B\u0151v\u00edtm\u00e9ny telep\u00edt\u00e9se<\/li>\n<li>B\u0151v\u00edtm\u00e9ny aktiv\u00e1l\u00e1sa: az API kulcsot a fi\u00f3kodban tal\u00e1lod<\/li>\n<li>Kattints ide: WooCommerce -&gt; Be\u00e1ll\u00edt\u00e1sok -&gt; E-Mail f\u00e1jlmell\u00e9klet -&gt; Email be\u00e1ll\u00edt\u00e1sok: Itt a leg\u00f6rd\u00fcl\u0151 men\u00fcb\u0151l kiv\u00e1lasztod, hogy melyik \u00e9rtes\u00edt\u0151 email-hez szeretn\u00e9l f\u00e1jlt csatolni. Majd egyszer\u0171en alul felt\u00f6lt\u00f6d a f\u00e1jt.<\/li>\n<\/ol>\n<p><strong>Ezt a l\u00e9p\u00e9st minden emailn\u00e9l k\u00fcl\u00f6n-k\u00fcl\u00f6n meg kell csin\u00e1lni!<\/strong><\/p>\n<p><strong>Mit\u00a0<u>tehetsz<\/u> a b\u0151v\u00edtm\u00e9nnyel?<\/strong><\/p>\n<ul>\n<li>Korl\u00e1tlan ideig haszn\u00e1lhatod<\/li>\n<li>Korl\u00e1tlan weboldalon haszn\u00e1lhatod<\/li>\n<li>\u00dcgyfeleiddel szabadon megoszthatod<\/li>\n<\/ul>\n<p><strong>Mit\u00a0<u>nem tehetsz<\/u> a b\u0151v\u00edtm\u00e9nnyel?<\/strong><\/p>\n<ul>\n<li>Nem adhatod el!<\/li>\n<li>Nem oszthatod meg nyilv\u00e1nos helyeken!<\/li>\n<\/ul>\n","protected":false},"excerpt":{"rendered":"<p>Magyarorsz\u00e1gon a 45\/2014. (II. 26.) Korm. rendelet kimondja, hogy visszaigazol\u00f3 email-hez csatolni kell az v\u00e1s\u00e1rl\u00e1s pillanat\u00e1ban aktu\u00e1lis szerz\u0151d\u00e9si felt\u00e9teleket, el\u00e1ll\u00e1si felt\u00e9teleket, illetve a visszak\u00fcld\u00e9s felt\u00e9teleit. Ezt a WooCommerce nem tudja lekezelni, ez\u00e9rt sz\u00fcks\u00e9ges a b\u0151v\u00edtm\u00e9ny. Haszn\u00e1lata: B\u0151v\u00edtm\u00e9ny telep\u00edt\u00e9se B\u0151v\u00edtm\u00e9ny aktiv\u00e1l\u00e1sa: az API kulcsot a fi\u00f3kodban tal\u00e1lod Kattints ide: WooCommerce -&gt; Be\u00e1ll\u00edt\u00e1sok -&gt; E-Mail f\u00e1jlmell\u00e9klet -&gt; [&#8230;]<\/p>\n<p><a class=\"btn btn-secondary understrap-read-more-link\" href=\"https:\/\/hellowp.io\/hu\/t\/dokumentumok-csatolasa-woocommerce-email-hez\/\">Read More&#8230;<span class=\"screen-reader-text\"> from Dokumentumok csatol\u00e1sa WooCommerce email-hez<\/span><\/a><\/p>\n","protected":false},"featured_media":43692,"comment_status":"open","ping_status":"closed","template":"","meta":{"_seopress_robots_primary_cat":"","_seopress_titles_title":"","_seopress_titles_desc":"Magyarorsz\u00e1gon a 45\/2014. (II. 26.) K. rendelet kimondja, hogy visszaigazol\u00f3 email-hez csatolni kell az v\u00e1s\u00e1rl\u00e1s pillanat\u00e1ban aktu\u00e1lis szerz\u0151d\u00e9si felt\u00e9teleket.","_seopress_robots_index":""},"product_brand":[],"product_cat":[32],"product_tag":[],"class_list":{"0":"post-221621","1":"product","2":"type-product","3":"status-publish","4":"has-post-thumbnail","6":"product_cat-premium-bovitmenyek","8":"first","9":"instock","10":"downloadable","11":"virtual","12":"taxable","13":"purchasable","14":"product-type-simple"},"_links":{"self":[{"href":"https:\/\/hellowp.io\/hu\/wp-json\/wp\/v2\/product\/221621","targetHints":{"allow":["GET"]}}],"collection":[{"href":"https:\/\/hellowp.io\/hu\/wp-json\/wp\/v2\/product"}],"about":[{"href":"https:\/\/hellowp.io\/hu\/wp-json\/wp\/v2\/types\/product"}],"replies":[{"embeddable":true,"href":"https:\/\/hellowp.io\/hu\/wp-json\/wp\/v2\/comments?post=221621"}],"wp:featuredmedia":[{"embeddable":true,"href":"https:\/\/hellowp.io\/hu\/wp-json\/wp\/v2\/media\/43692"}],"wp:attachment":[{"href":"https:\/\/hellowp.io\/hu\/wp-json\/wp\/v2\/media?parent=221621"}],"wp:term":[{"taxonomy":"product_brand","embeddable":true,"href":"https:\/\/hellowp.io\/hu\/wp-json\/wp\/v2\/product_brand?post=221621"},{"taxonomy":"product_cat","embeddable":true,"href":"https:\/\/hellowp.io\/hu\/wp-json\/wp\/v2\/product_cat?post=221621"},{"taxonomy":"product_tag","embeddable":true,"href":"https:\/\/hellowp.io\/hu\/wp-json\/wp\/v2\/product_tag?post=221621"}],"curies":[{"name":"wp","href":"https:\/\/api.w.org\/{rel}","templated":true}]}}