{"id":218658,"date":"2023-02-28T15:02:32","date_gmt":"2023-02-28T14:02:32","guid":{"rendered":"https:\/\/hellowp.io\/hu\/?post_type=product&#038;p=218658"},"modified":"2025-09-17T12:52:08","modified_gmt":"2025-09-17T11:52:08","slug":"google-tag-manager-osszekotes-woocommerce-webaruhazzal-konverziokovetes","status":"publish","type":"product","link":"https:\/\/hellowp.io\/hu\/t\/google-tag-manager-osszekotes-woocommerce-webaruhazzal-konverziokovetes\/","title":{"rendered":"Google Tag Manager \u00f6sszek\u00f6t\u00e9s WooCommerce web\u00e1ruh\u00e1zzal (konverzi\u00f3k\u00f6vet\u00e9s)"},"content":{"rendered":"<h2 class=\"h4 underline-deep-primary\">Szeretn\u00e9d, ha web\u00e1ruh\u00e1zad minden v\u00e1s\u00e1rl\u00e1sa nyomon k\u00f6vethet\u0151 lenne?<\/h2>\n<p>\u00d6sszek\u00f6tj\u00fck WooCommerce alap\u00fa web\u00e1ruh\u00e1zad a Google Tag Managerrel \u00e9s elv\u00e9gezz\u00fck a sz\u00fcks\u00e9ges be\u00e1ll\u00edt\u00e1sokat a konverzi\u00f3k k\u00f6vet\u00e9s\u00e9hez (Google Analytics, Google Ads). \u00cdgy pontosan l\u00e1thatod majd, hogy melyik term\u00e9ked mennyire n\u00e9pszer\u0171, melyik hirdet\u00e9sed mennyire hat\u00e9kony \u00e9s hogy hogyan n\u00f6velheted bev\u00e9teleidet.<\/p>\n<h2 class=\"h4 underline-deep-primary\">Mi az a Google Tag Manager?<\/h2>\n<p>A Google Tag Manager lehet\u0151v\u00e9 teszi a web\u00e1ruh\u00e1zadban l\u00e9v\u0151 k\u00f6vet\u0151k\u00f3dok (c\u00edmk\u00e9k) kezel\u00e9s\u00e9t. M\u00e1s megold\u00e1sokhoz k\u00e9pest gyorsabb bet\u00f6lt\u00e9si id\u0151t, egyszer\u0171bben kezelhet\u0151 k\u00f3dokat biztos\u00edt. A c\u00edmk\u00e9k seg\u00edtenek m\u00e9rni a weboldal forgalm\u00e1t, konverzi\u00f3it, rekl\u00e1mhat\u00e9konys\u00e1g\u00e1t \u00e9s m\u00e1s adatokat.<\/p>\n<h2 class=\"h4 underline-deep-primary\">Milyen k\u00f6vet\u0151k\u00f3dok elhelyez\u00e9s\u00e9t tartalmazza a csomag?<\/h2>\n<ul>\n<li>Google Analytics: seg\u00edt m\u00e9rni a weboldal forgalm\u00e1t, a felhaszn\u00e1l\u00f3i viselked\u00e9st \u00e9s a konverzi\u00f3s c\u00e9lokat.<\/li>\n<li>Google Ads: seg\u00edt m\u00e9rni a Google Ads hirdet\u00e9sek hat\u00e9konys\u00e1g\u00e1t.<\/li>\n<\/ul>\n<h2 class=\"h4 underline-deep-primary\">Mi t\u00f6rt\u00e9nik v\u00e1s\u00e1rl\u00e1s ut\u00e1n?<\/h2>\n<p>A v\u00e1s\u00e1rl\u00e1s ut\u00e1n koll\u00e9g\u00e1nk felkeres email-ben, vagy telefonon ahol egyeztettek a tov\u00e1bbi teend\u0151kr\u0151l.<\/p>\n","protected":false},"excerpt":{"rendered":"<p>Szeretn\u00e9d, ha web\u00e1ruh\u00e1zad minden v\u00e1s\u00e1rl\u00e1sa nyomon k\u00f6vethet\u0151 lenne? \u00d6sszek\u00f6tj\u00fck WooCommerce alap\u00fa web\u00e1ruh\u00e1zad a Google Tag Managerrel \u00e9s elv\u00e9gezz\u00fck a sz\u00fcks\u00e9ges be\u00e1ll\u00edt\u00e1sokat a konverzi\u00f3k k\u00f6vet\u00e9s\u00e9hez (Google Analytics, Google Ads). \u00cdgy pontosan l\u00e1thatod majd, hogy melyik term\u00e9ked mennyire n\u00e9pszer\u0171, melyik hirdet\u00e9sed mennyire hat\u00e9kony \u00e9s hogy hogyan n\u00f6velheted bev\u00e9teleidet. Mi az a Google Tag Manager? A Google Tag [&#8230;]<\/p>\n<p><a class=\"btn btn-secondary understrap-read-more-link\" href=\"https:\/\/hellowp.io\/hu\/t\/google-tag-manager-osszekotes-woocommerce-webaruhazzal-konverziokovetes\/\">Read More&#8230;<span class=\"screen-reader-text\"> from Google Tag Manager \u00f6sszek\u00f6t\u00e9s WooCommerce web\u00e1ruh\u00e1zzal (konverzi\u00f3k\u00f6vet\u00e9s)<\/span><\/a><\/p>\n","protected":false},"featured_media":220231,"comment_status":"open","ping_status":"closed","template":"","meta":{"_seopress_robots_primary_cat":"none","_seopress_titles_title":"","_seopress_titles_desc":"","_seopress_robots_index":""},"product_brand":[],"product_cat":[291,34],"product_tag":[],"class_list":{"0":"post-218658","1":"product","2":"type-product","3":"status-publish","4":"has-post-thumbnail","6":"product_cat-marketing","7":"product_cat-marketing-eszkozok","8":"wcpv_product_vendors-marketing-csapat","10":"first","11":"instock","12":"virtual","13":"purchasable","14":"product-type-simple"},"_links":{"self":[{"href":"https:\/\/hellowp.io\/hu\/wp-json\/wp\/v2\/product\/218658","targetHints":{"allow":["GET"]}}],"collection":[{"href":"https:\/\/hellowp.io\/hu\/wp-json\/wp\/v2\/product"}],"about":[{"href":"https:\/\/hellowp.io\/hu\/wp-json\/wp\/v2\/types\/product"}],"replies":[{"embeddable":true,"href":"https:\/\/hellowp.io\/hu\/wp-json\/wp\/v2\/comments?post=218658"}],"wp:featuredmedia":[{"embeddable":true,"href":"https:\/\/hellowp.io\/hu\/wp-json\/wp\/v2\/media\/220231"}],"wp:attachment":[{"href":"https:\/\/hellowp.io\/hu\/wp-json\/wp\/v2\/media?parent=218658"}],"wp:term":[{"taxonomy":"product_brand","embeddable":true,"href":"https:\/\/hellowp.io\/hu\/wp-json\/wp\/v2\/product_brand?post=218658"},{"taxonomy":"product_cat","embeddable":true,"href":"https:\/\/hellowp.io\/hu\/wp-json\/wp\/v2\/product_cat?post=218658"},{"taxonomy":"product_tag","embeddable":true,"href":"https:\/\/hellowp.io\/hu\/wp-json\/wp\/v2\/product_tag?post=218658"}],"curies":[{"name":"wp","href":"https:\/\/api.w.org\/{rel}","templated":true}]}}