{"id":218456,"date":"2023-02-28T14:19:13","date_gmt":"2023-02-28T13:19:13","guid":{"rendered":"https:\/\/hellowp.io\/hu\/?post_type=product&#038;p=218456"},"modified":"2024-10-16T10:21:12","modified_gmt":"2024-10-16T09:21:12","slug":"google-shopping-kampany-webaruhazak-szamara","status":"publish","type":"product","link":"https:\/\/hellowp.io\/hu\/t\/google-shopping-kampany-webaruhazak-szamara\/","title":{"rendered":"Google Shopping kamp\u00e1nykezel\u00e9s web\u00e1ruh\u00e1zak sz\u00e1m\u00e1ra"},"content":{"rendered":"<h2 class=\"h4 underline-deep-primary\">Mit tartalmaz a csomag?<\/h2>\n<p>A csomag egy Google Shopping kamp\u00e1nyt, annak\u00a0megtervez\u00e9s\u00e9t, l\u00e9trehoz\u00e1s\u00e1t \u00e9s azok ut\u00f3lagos gondoz\u00e1s\u00e1t, elemz\u00e9s\u00e9t tartalmazza. T\u00f6bb \u00e9ves tapasztalatunknak, illetve kifinomult automatiz\u00e1lt rendszer\u00fcnknek k\u00f6sz\u00f6nhet\u0151en k\u00e9pesek vagyunk megtal\u00e1lni v\u00e1llalkoz\u00e1sod sz\u00e1m\u00e1ra a legrelev\u00e1nsabb c\u00e9lk\u00f6z\u00f6ns\u00e9get, \u00e9s a legjobb hirdet\u00e9si strat\u00e9gi\u00e1kat, amelyek maximaliz\u00e1lhatj\u00e1k a web\u00e1ruh\u00e1zad forgalm\u00e1t.<\/p>\n<h2 class=\"h4 underline-deep-primary\">Technikai t\u00e1mogat\u00e1s<\/h2>\n<p>WooCommerce web\u00e1ruh\u00e1z eset\u00e9n biztos\u00edtjuk a technikai h\u00e1tteret \u00e9s a sz\u00fcks\u00e9ges pr\u00e9mium b\u0151v\u00edtm\u00e9nyeket, elv\u00e9gezz\u00fck a sz\u00fcks\u00e9ges be\u00e1ll\u00edt\u00e1sokat.<\/p>\n<h2 class=\"h4 underline-deep-primary\">Mi az a Google Shopping?<\/h2>\n<p>Amennyiben m\u00e1r b\u00f6ng\u00e9szted az internetet valamilyen term\u00e9k ut\u00e1n kutatva, biztosan tal\u00e1lkozt\u00e1l m\u00e1r Google Shopping hirdet\u00e9ssel. Egyszer\u0171en fogalmazva, ha valamilyen term\u00e9kre keresel a Google keres\u0151j\u00e9ben, p\u00e9ld\u00e1ul &#8222;piros cip\u0151&#8221;, akkor a tal\u00e1lati lista elej\u00e9n egy sor piros cip\u0151t fogsz l\u00e1tni k\u00e9ppel, \u00e1rral, sz\u00e1ll\u00edt\u00e1si k\u00f6lts\u00e9ggel. Ez egy nagyon hat\u00e9kony hirdet\u00e9si forma, hiszen olyan potenci\u00e1lis v\u00e1s\u00e1rl\u00f3kat \u00e9rhetsz el vele, akik pontosan a te term\u00e9ked keresik.<\/p>\n<h2 class=\"h4 underline-deep-primary\">Mi t\u00f6rt\u00e9nik v\u00e1s\u00e1rl\u00e1s ut\u00e1n?<\/h2>\n<p>A v\u00e1s\u00e1rl\u00e1s ut\u00e1n koll\u00e9g\u00e1nk felkeres email-ben, vagy telefonon ahol egyeztettek a tov\u00e1bbi teend\u0151kr\u0151l.<\/p>\n<h2 class=\"h4 underline-deep-primary\">Hogyan m\u0171k\u00f6dik?<\/h2>\n<ol>\n<li>Az egyeztet\u00e9s ut\u00e1n k\u00fcld\u00fcnk egy r\u00e9szletes \u00fatmutat\u00f3t arr\u00f3l, hogyan tudsz r\u00e9szleges hozz\u00e1f\u00e9r\u00e9st adni munkat\u00e1rsunknak a Google Ads fi\u00f3kodhoz.<\/li>\n<li>Elemezz\u00fck web\u00e1ruh\u00e1zad, term\u00e9kk\u00edn\u00e1latod, illetve a konkurenci\u00e1d, majd saj\u00e1t automatiz\u00e1lt rendszer\u00fcnk seg\u00edts\u00e9g\u00e9vel meghat\u00e1rozzuk a potenci\u00e1lis c\u00e9lk\u00f6z\u00f6ns\u00e9ged.<\/li>\n<li>L\u00e9trehozzuk a Google Shopping kamp\u00e1nyod.<\/li>\n<li>Am\u00edg el\u0151fizet\u00e9sed akt\u00edv, folyamatosan elemezz\u00fck \u00e9s optimaliz\u00e1ljuk az \u00e1ltalunk k\u00e9sz\u00edtett kamp\u00e1nyokat, hogy stabilan a lehet\u0151 legjobb eredm\u00e9nyeket \u00e9rd el!<\/li>\n<\/ol>\n<div class=\"col mb-4 mt-4\">\r\n  <div class=\"shadow bg-block rounded-3 h-100 p-4\">\r\n    <div class=\"d-flex position-relative\">\r\n      <span class=\"pe-3 flex-shrink-0\">\r\n\t<i class=\"text-primary fa-light fa-tags fa-3x mb-auto\" aria-hidden=\"true\"><\/i>\r\n\t<\/span>\r\n      <div>\r\n        <h2 class=\"mb-0 h5\">\r\n    \tWhite-label term\u00e9k <span class=\"badge badge-small bg-orange text-uppercase\">\u00daj<\/span>\r\n        <\/h2>\r\n        <p class=\"mb-0\">\r\nEzt a szolg\u00e1ltat\u00e1st nyugodtan be\u00e9p\u00edtheted a szolg\u00e1ltat\u00e1saidba, \u00e1rgaranci\u00e1t v\u00e1llalunk r\u00e1 \u00e9s white-label m\u00f3don is m\u0171k\u00f6dik. Ha szeretn\u00e9d, akkor az \u00fcgyfeled semmit nem fog \u00e9szlelni a jelenl\u00e9t\u00fcnkb\u0151l. \r\n        <\/p>\r\n      <\/div>\r\n    <\/div>\r\n  <\/div>\r\n<\/div>\n","protected":false},"excerpt":{"rendered":"<p class=\"mt-2\"><u><strong>Google Shopping kamp\u00e1nykezel\u00e9s web\u00e1ruh\u00e1zak r\u00e9sz\u00e9re.<\/strong><\/u><\/p>\n<p> [&#8230;]<\/p>\n<p><a class=\"btn btn-secondary understrap-read-more-link\" href=\"https:\/\/hellowp.io\/hu\/t\/google-shopping-kampany-webaruhazak-szamara\/\">Read More&#8230;<span class=\"screen-reader-text\"> from Google Shopping kamp\u00e1nykezel\u00e9s web\u00e1ruh\u00e1zak sz\u00e1m\u00e1ra<\/span><\/a><\/p>\n","protected":false},"featured_media":220226,"comment_status":"open","ping_status":"closed","template":"","meta":{"_seopress_robots_primary_cat":"none","_seopress_titles_title":"","_seopress_titles_desc":"","_seopress_robots_index":""},"product_brand":[],"product_cat":[291,34],"product_tag":[],"class_list":{"0":"post-218456","1":"product","2":"type-product","3":"status-publish","4":"has-post-thumbnail","6":"product_cat-marketing","7":"product_cat-marketing-eszkozok","8":"wcpv_product_vendors-marketing-csapat","10":"first","11":"instock","12":"purchasable","13":"product-type-subscription"},"_links":{"self":[{"href":"https:\/\/hellowp.io\/hu\/wp-json\/wp\/v2\/product\/218456","targetHints":{"allow":["GET"]}}],"collection":[{"href":"https:\/\/hellowp.io\/hu\/wp-json\/wp\/v2\/product"}],"about":[{"href":"https:\/\/hellowp.io\/hu\/wp-json\/wp\/v2\/types\/product"}],"replies":[{"embeddable":true,"href":"https:\/\/hellowp.io\/hu\/wp-json\/wp\/v2\/comments?post=218456"}],"wp:featuredmedia":[{"embeddable":true,"href":"https:\/\/hellowp.io\/hu\/wp-json\/wp\/v2\/media\/220226"}],"wp:attachment":[{"href":"https:\/\/hellowp.io\/hu\/wp-json\/wp\/v2\/media?parent=218456"}],"wp:term":[{"taxonomy":"product_brand","embeddable":true,"href":"https:\/\/hellowp.io\/hu\/wp-json\/wp\/v2\/product_brand?post=218456"},{"taxonomy":"product_cat","embeddable":true,"href":"https:\/\/hellowp.io\/hu\/wp-json\/wp\/v2\/product_cat?post=218456"},{"taxonomy":"product_tag","embeddable":true,"href":"https:\/\/hellowp.io\/hu\/wp-json\/wp\/v2\/product_tag?post=218456"}],"curies":[{"name":"wp","href":"https:\/\/api.w.org\/{rel}","templated":true}]}}